{"id":95,"date":"2017-09-09T10:56:12","date_gmt":"2017-09-09T08:56:12","guid":{"rendered":"http:\/\/ofm.toonywood.org\/?page_id=95"},"modified":"2025-12-08T17:56:41","modified_gmt":"2025-12-08T16:56:41","slug":"accueil","status":"publish","type":"page","link":"https:\/\/maths-olympiques.fr\/","title":{"rendered":"Accueil"},"content":{"rendered":"<p>Si vous \u00eates enseignant ou \u00e9l\u00e8ve et souhaitez \u00eatre tenus inform\u00e9s des activit\u00e9s que nous organisons, vous pouvez vous inscrire \u00e0 notre liste de diffusion en remplissant <a href=\"https:\/\/docs.google.com\/forms\/d\/e\/1FAIpQLSeoHRgWqv6T9wge3be_8JR6foRtiu01lW214Ij4zKgBqQIQmg\/viewform\">ce formulaire<\/a>.<\/p>\n<h2>Pr\u00e9sentation<\/h2>\n<p>La POFM a pour but de pr\u00e9parer et de s\u00e9lectionner les coll\u00e9gien(ne)s et lyc\u00e9en(ne)s repr\u00e9sentant la France \u00e0 diff\u00e9rentes comp\u00e9titions internationales de math\u00e9matiques, mais aussi de leur faire pratiquer des math\u00e9matiques diff\u00e9rentes de celles rencontr\u00e9es dans un cadre scolaire. La POFM est une des actions men\u00e9es par l&#8217;association <a href=\"http:\/\/www.animath.fr\/?lang=fr\">Animath<\/a>, et concerne chaque ann\u00e9e une centaine d&#8217;\u00e9l\u00e8ves. Elle est en partie financ\u00e9e par la <a href=\"https:\/\/www.janestreet.com\/\">Jane Street<\/a> et par la <a href=\"http:\/\/eduscol.education.fr\/\">DGESCO<\/a>.<\/p>\n<h2>Les Olympiades internationales<\/h2>\n<p>Les <a href=\"https:\/\/imo-official.org\/?language=fr\">Olympiades Internationales de Math\u00e9matiques<\/a> (IMO) sont une comp\u00e9tition qui rassemble chaque ann\u00e9e une centaine de pays au mois de Juillet. Chaque pays y envoie une d\u00e9l\u00e9gation d\u2019au plus six \u00e9l\u00e8ves de moins de 20 ans n\u2019ayant pas commenc\u00e9 leurs \u00e9tudes sup\u00e9rieures. Les \u00e9preuves consistent en deux s\u00e9ances de 4 heures et demie, comportant chacune trois probl\u00e8mes not\u00e9s sur 7 points. Ces probl\u00e8mes sont des \u00e9nonc\u00e9s courts et originaux, voire d\u00e9routants, et n\u00e9cessitant de l\u2019astuce et de l\u2019imagination. \u00c0 l\u2019issue de la comp\u00e9tition, la moiti\u00e9 des participant(e)s re\u00e7oit une m\u00e9daille d&#8217;or, d&#8217;argent ou de bronze.<\/p>\n<h2>Des comp\u00e9titions pour tout le monde !<\/h2>\n<p>La POFM pr\u00e9pare l&#8217;\u00e9quipe de France pour les IMO, mais aussi pour d&#8217;autres comp\u00e9titions internationales fonctionnant sur le m\u00eame mod\u00e8le :<\/p>\n<ul>\n<li style=\"list-style-type: none;\">\n<ul>\n<li>l&#8217;<a href=\"https:\/\/emc.mnm.hr\/\">EMC<\/a>, olympiade europ\u00e9enne,<\/li>\n<li>la <a href=\"http:\/\/www.massee-org.eu\/index.php\/mathematical\/jbmo\">JBMO<\/a>, olympiade Balkanique junior, r\u00e9serv\u00e9e aux \u00e9l\u00e8ves de moins de 15 ans et demi,<\/li>\n<li>l&#8217;<a href=\"https:\/\/www.egmo.org\/\">EGMO<\/a>, olympiade europ\u00e9enne pour filles,<\/li>\n<li>le <a href=\"http:\/\/rmms.lbi.ro\/\">RMM<\/a> (selon les ann\u00e9es), comp\u00e9tition roumaine rassemblant une vingtaine de pays parmi les meilleurs au monde,<\/li>\n<li>la <a href=\"http:\/\/www.massee-org.eu\/index.php\/mathematical\/bmo\">BMO<\/a>, olympiade Balkanique<\/li>\n<li>l&#8217;<a href=\"http:\/\/igm.univ-mlv.fr\/~juge\/ofm\/\">OFM<\/a>, olympiade francophone de math\u00e9matiques, avec deux \u00e9quipes, dont une r\u00e9serv\u00e9e aux \u00e9l\u00e8ves de moins de 15 ans et demi.<\/li>\n<\/ul>\n<\/li>\n<\/ul>\n<h2>Comment se d\u00e9roule l&#8217;ann\u00e9e ?<\/h2>\n<p>La POFM, comporte deux volets :<\/p>\n<ul>\n<li style=\"list-style-type: none;\">\n<ul>\n<li>deux stages olympiques par an, dont un r\u00e9serv\u00e9 aux \u00e9l\u00e8ves les plus jeunes, qui permettent aux \u00e9l\u00e8ves d&#8217;acqu\u00e9rir les connaissances n\u00e9cessaires.<\/li>\n<li>une pr\u00e9paration par correspondance pendant l&#8217;ann\u00e9e scolaire, qui propose des envois corrig\u00e9s, et des tests de s\u00e9lection dans les \u00e9tablissements scolaires.<\/li>\n<\/ul>\n<\/li>\n<\/ul>\n<h2>Que contient ce site ?<\/h2>\n<p>Les nouveaux \u00e9l\u00e8ves trouveront sur ce site les informations n\u00e9cessaires pour <a href=\"http:\/\/maths-olympiques.fr\/?page_id=59\">nous rejoindre<\/a>, ainsi que des <a href=\"http:\/\/maths-olympiques.fr\/?page_id=22\">ressources p\u00e9dagogiques<\/a>. Il contient \u00e9galement les <a href=\"http:\/\/maths-olympiques.fr\/?cat=2\">actualit\u00e9s<\/a> r\u00e9centes de la POFM, des informations sur la pr\u00e9paration <a href=\"https:\/\/maths-olympiques.fr\/?page_id=17692\">pour l&#8217;ann\u00e9e en cours<\/a>, ainsi que les <a href=\"http:\/\/maths-olympiques.fr\/?page_id=41\">archives<\/a> des ann\u00e9es pr\u00e9c\u00e9dentes.<\/p>\n","protected":false},"excerpt":{"rendered":"<p>Si vous \u00eates enseignant ou \u00e9l\u00e8ve et souhaitez \u00eatre tenus inform\u00e9s des activit\u00e9s que nous organisons, vous pouvez vous inscrire \u00e0 notre liste de diffusion en remplissant ce formulaire. Pr\u00e9sentation La POFM a pour but de pr\u00e9parer et de s\u00e9lectionner les coll\u00e9gien(ne)s et lyc\u00e9en(ne)s repr\u00e9sentant la France \u00e0 diff\u00e9rentes comp\u00e9titions internationales de math\u00e9matiques, mais aussi &hellip; <\/p>\n<p class=\"link-more\"><a href=\"https:\/\/maths-olympiques.fr\/\" class=\"more-link\">Continuer la lecture<span class=\"screen-reader-text\"> de &laquo;&nbsp;Accueil&nbsp;&raquo;<\/span><\/a><\/p>\n","protected":false},"author":3,"featured_media":0,"parent":0,"menu_order":0,"comment_status":"closed","ping_status":"closed","template":"","meta":{"footnotes":""},"class_list":["post-95","page","type-page","status-publish","hentry"],"_links":{"self":[{"href":"https:\/\/maths-olympiques.fr\/index.php?rest_route=\/wp\/v2\/pages\/95","targetHints":{"allow":["GET"]}}],"collection":[{"href":"https:\/\/maths-olympiques.fr\/index.php?rest_route=\/wp\/v2\/pages"}],"about":[{"href":"https:\/\/maths-olympiques.fr\/index.php?rest_route=\/wp\/v2\/types\/page"}],"author":[{"embeddable":true,"href":"https:\/\/maths-olympiques.fr\/index.php?rest_route=\/wp\/v2\/users\/3"}],"replies":[{"embeddable":true,"href":"https:\/\/maths-olympiques.fr\/index.php?rest_route=%2Fwp%2Fv2%2Fcomments&post=95"}],"version-history":[{"count":30,"href":"https:\/\/maths-olympiques.fr\/index.php?rest_route=\/wp\/v2\/pages\/95\/revisions"}],"predecessor-version":[{"id":17954,"href":"https:\/\/maths-olympiques.fr\/index.php?rest_route=\/wp\/v2\/pages\/95\/revisions\/17954"}],"wp:attachment":[{"href":"https:\/\/maths-olympiques.fr\/index.php?rest_route=%2Fwp%2Fv2%2Fmedia&parent=95"}],"curies":[{"name":"wp","href":"https:\/\/api.w.org\/{rel}","templated":true}]}}