{"id":7897,"date":"2021-11-10T10:40:21","date_gmt":"2021-11-10T09:40:21","guid":{"rendered":"https:\/\/maths-olympiques.fr\/?page_id=7897"},"modified":"2023-05-25T19:37:05","modified_gmt":"2023-05-25T17:37:05","slug":"la-pofm-2021-2022","status":"publish","type":"page","link":"https:\/\/maths-olympiques.fr\/?page_id=7897","title":{"rendered":"La POFM 2021-2022"},"content":{"rendered":"<h2>Calendrier de la POFM pour l&#8217;ann\u00e9e scolaire 2021-2022<\/h2>\n<h4>Coupe Animath d&#8217;automne<\/h4>\n<ul>\n<li>Le premier tour de la\u00a0\u00a0<a href=\"https:\/\/maths-olympiques.fr\/?p=7652\">Coupe Animath d&#8217;automne<\/a> a eu lieu entre le 7 et 22 septembre 2021.<\/li>\n<li>Le deuxi\u00e8me tour de la Coupe s&#8217;est d\u00e9roul\u00e9 le 7 octobre 2021. Les r\u00e9sultats de la coupe sont disponibles <a href=\"https:\/\/maths-olympiques.fr\/?p=7830\">ici<\/a> .<\/li>\n<\/ul>\n<h4>Les stages<\/h4>\n<ul>\n<li>Stage de Cachan junior, du 1 au 5 novembre.<\/li>\n<li>Stage olympique \u00e0 Cachan du 21 au 25 f\u00e9vrier.<\/li>\n<li>Stage de Valbonne du 15 ao\u00fbt au 25 ao\u00fbt.<\/li>\n<\/ul>\n<h4>Les cours en ligne.<\/h4>\n<ul>\n<li>G\u00e9om\u00e9trie : 20 et 21 novembre.<\/li>\n<li>Alg\u00e8bre : 4-5 d\u00e9cembre.<\/li>\n<li>Th\u00e9orie des nombres : 15-16 janvier.<\/li>\n<li>Combinatoire : 12-13 f\u00e9vrier.<\/li>\n<li>Pot-Pourri : 12-13 mars.<\/li>\n<\/ul>\n<h4>Les envois et tests<\/h4>\n<ul>\n<li>Envoi 1 : g\u00e9om\u00e9trie, \u00e0 renvoyer pour le 13 d\u00e9cembre. <a href=\"https:\/\/maths-olympiques.fr\/wp-content\/uploads\/2021\/11\/Sujet-envoi-1.pdf\">Sujet<\/a>. <a href=\"https:\/\/maths-olympiques.fr\/wp-content\/uploads\/2021\/12\/corrig\u00e9-envoi-1.pdf\">Corrig\u00e9 comment\u00e9<\/a>. <a href=\"https:\/\/maths-olympiques.fr\/?p=8094\">R\u00e9sultats<\/a>.<\/li>\n<li>Envoi 2 : alg\u00e8bre, \u00e0 renvoyer pour le 15 janvier. <a href=\"https:\/\/maths-olympiques.fr\/wp-content\/uploads\/2021\/12\/Sujet-envoi-2.pdf\">Sujet<\/a>. <a href=\"https:\/\/maths-olympiques.fr\/wp-content\/uploads\/2022\/01\/corrig\u00e9-envoi-2.pdf\">Corrig\u00e9 comment\u00e9<\/a>. <a href=\"https:\/\/maths-olympiques.fr\/?p=8224\">R\u00e9sultats<\/a>.<\/li>\n<li>Envoi 3 : arithm\u00e9tique, \u00e0 renvoyer pour le 17 f\u00e9vrier. <a href=\"https:\/\/maths-olympiques.fr\/wp-content\/uploads\/2022\/01\/sujet-envoi-3.pdf\">Sujet<\/a>. <a href=\"https:\/\/maths-olympiques.fr\/wp-content\/uploads\/2022\/02\/corrig\u00e9-envoi-3.pdf\">Corrig\u00e9 comment\u00e9<\/a>. <a href=\"https:\/\/maths-olympiques.fr\/?p=8286\">R\u00e9sultats<\/a>.<\/li>\n<li>Envoi 4 : combinatoire, \u00e0 renvoyer pour le 19 mars. <a href=\"https:\/\/maths-olympiques.fr\/wp-content\/uploads\/2022\/02\/sujet-envoi-4.pdf\">Sujet <\/a>. <a href=\"https:\/\/maths-olympiques.fr\/wp-content\/uploads\/2022\/04\/corrig\u00e9-envoi-4.pdf\"> Corrig\u00e9 comment\u00e9<\/a>. <a href=\"https:\/\/maths-olympiques.fr\/?p=8513\">R\u00e9sultats<\/a>.<\/li>\n<li>Envoi 5 : pot pourri, \u00e0 renvoyer pour le 21 avril. <a href=\"https:\/\/maths-olympiques.fr\/wp-content\/uploads\/2022\/03\/sujet-envoi-5.pdf\">Sujet <\/a>. <a href=\"https:\/\/maths-olympiques.fr\/wp-content\/uploads\/2022\/05\/corrig\u00e9-envoi-5.pdf\"> Corrig\u00e9 comment\u00e9<\/a>. <a href=\"https:\/\/maths-olympiques.fr\/?p=8677\">R\u00e9sultats<\/a>.<\/li>\n<\/ul>\n<p>Calendrier pr\u00e9visionnel pour les tests.<\/p>\n<ul>\n<li>Test de novembre, r\u00e9serv\u00e9 aux lyc\u00e9ens et aux \u00e9l\u00e8ves du groupe Senior. <a href=\"https:\/\/maths-olympiques.fr\/wp-content\/uploads\/2021\/12\/\u00c9nonc\u00e9-Web-Test-1.pdf\">Sujet<\/a>. <a href=\"https:\/\/maths-olympiques.fr\/wp-content\/uploads\/2021\/12\/Corrig\u00e9-Web-Test-1.pdf\">Corrig\u00e9 et commentaires<\/a>. <a href=\"https:\/\/maths-olympiques.fr\/?p=8006\">R\u00e9sultats<\/a><\/li>\n<li>Test du 12 janvier : <a href=\"https:\/\/maths-olympiques.fr\/wp-content\/uploads\/2022\/08\/\u00c9nonc\u00e9-Web-Test-2.pdf\">Sujet<\/a>. <a href=\"https:\/\/maths-olympiques.fr\/wp-content\/uploads\/2022\/01\/Corrig\u00e9-Web-Test-2.pdf\">Corrig\u00e9 et commentaires<\/a>. <a href=\"https:\/\/maths-olympiques.fr\/?p=8134\">R\u00e9sultats<\/a><\/li>\n<li>Test du 23 f\u00e9vrier : <a href=\"https:\/\/maths-olympiques.fr\/wp-content\/uploads\/2022\/08\/\u00c9nonc\u00e9-Web-Test-3.pdf\">Sujet<\/a>. <a href=\"https:\/\/maths-olympiques.fr\/wp-content\/uploads\/2022\/03\/Corrig\u00e9-Web-Test-3.pdf\">Corrig\u00e9 et commentaires<\/a>. <a href=\"https:\/\/maths-olympiques.fr\/?p=8270\">R\u00e9sultats<\/a>.<\/li>\n<li>Test\u00a0 du 23 mars : <a href=\"https:\/\/maths-olympiques.fr\/wp-content\/uploads\/2022\/07\/\u00c9nonc\u00e9-Web-Test-4.pdf\">Sujet<\/a>. <a href=\"https:\/\/maths-olympiques.fr\/wp-content\/uploads\/2022\/04\/Corrig\u00e9-Web-Test-4.pdf\">Corrig\u00e9 et commentaires<\/a>. <a href=\"https:\/\/maths-olympiques.fr\/?p=8465\">R\u00e9sultats<\/a>.<\/li>\n<li>Test du 18 mai : <a href=\"https:\/\/maths-olympiques.fr\/wp-content\/uploads\/2022\/07\/\u00c9nonc\u00e9-Web-Test-5.pdf\">Sujet <\/a>. <a href=\"https:\/\/maths-olympiques.fr\/wp-content\/uploads\/2022\/06\/Corrig\u00e9-Web-Test-5.pdf\"> Corrig\u00e9 et commentaires <\/a>. <a href=\"https:\/\/maths-olympiques.fr\/?p=9096\"> R\u00e9sultats<\/a>.<\/li>\n<\/ul>\n<ul>\n<li style=\"list-style-type: none;\">Vous pouvez consulter les nombreuses ressources disponibles en ligne, \u00e0 commencer par les\u00a0<a href=\"https:\/\/maths-olympiques.fr\/?page_id=11\">cours de la POFM<\/a>.<br \/>\n<h2>Comp\u00e9titions internationales<\/h2>\n<ul>\n<li>l&#8217;European Mathematical Cup (EMC) se passera dans les \u00e9tablissements, sur une dur\u00e9e de 4 heures, pendant la semaine du 14 au 18 d\u00e9cembre. Les \u00e9l\u00e8ves s\u00e9lectionn\u00e9s sont Cl\u00e9ment BEAU, Anatole BOUTON, Charles DAI, Mano \u00c9TIL\u00c9, Hannah FAUCHEU, Oscar FISCHLER, Guillaume HENROTTE, Maryam KOUHKAN, Alec LE HELLOCO, Auguste RAMONDOU, Delchaire SAMOU, Rapha\u00ebl SCHWERER, Georges T\u00c9Z\u00c9, Diego TORRES TEJEDA, Alice TOSEL, Am\u00e9lie TRIQUENEAUX, Matthieu VOGEL. Du fait de leur qualification pour l&#8217;EMC et de leurs r\u00e9sultats au premier test, Anatole BOUTON et Oscar FISCHLER seront qualifi\u00e9s d&#8217;office pour la JBMO et participeront \u00e0 l&#8217;avenir aux tests en cat\u00e9gorie senior.<\/li>\n<li>l&#8217;Olympiade Europ\u00e9enne F\u00e9minine de Math\u00e9matiques (EGMO) ; l&#8217;EGMO aura lieu en Hongrie entre le 9 et le 15 avril. L\u2019\u00e9quipe sera compos\u00e9e d\u2019Hannah FAUCHEU, Maryam KOUHKAN, Alice TOSEL et Am\u00e9lie TRIQUENEAUX, et encadr\u00e9e par Anna LUCHNIKOVA et Maena QUEMENER.<\/li>\n<li>l&#8217;Olympiade Francophone de Math\u00e9matiques (OFM) se tiendra \u00e0 distance le week-end des 21 et 22 mai. L&#8217;\u00e9quipe Junior sera compos\u00e9e de Lancelot CHON\u00c9, An Pha DANG, Pierre-Akin DURRUOGLU, Ukyo NGUYEN, Paul SCHEID et Arthur T\u00c9Z\u00c9, et encadr\u00e9e par Th\u00e9o LENOIR et R\u00e9mi LESBATS. L&#8217;\u00e9quipe Senior sera compos\u00e9e d&#8217;Anatole BOUTON, Charles DAI, Mano \u00c9TIL\u00c9, Hannah FAUCHEU, Oscar FISCHLER et Georges T\u00c9Z\u00c9, et encadr\u00e9e par F\u00e9lix BRETON et Aur\u00e9lien FOURR\u00c9.<\/li>\n<li>l&#8217;Olympiade Balkanique Junior de Math\u00e9matiques (JBMO) aura lieu en Bosnie-Herz\u00e9govine du 28 juin au 3 ao\u00fbt. L&#8217;\u00e9quipe sera compos\u00e9e d&#8217;Anatole BOUTON, Lancelot CHON\u00c9, An Pha DANG, Pierre-Akin DURRUOGLU, Oscar FISCHLER et Arthur T\u00c9Z\u00c9 et encadr\u00e9e par Th\u00e9o LENOIR et F\u00e9lix BRETON.<\/li>\n<li>l&#8217;Olympiade Internationale de Math\u00e9matiques (OIM) aura lieu en Norv\u00e8ge du 6 juillet au 16 juillet. L&#8217;\u00e9quipe sera compos\u00e9e d&#8217;Anatole BOUTON, Mano \u00c9TIL\u00c9, Oscar FISCHLER, Alec LE HELLOCO, Georges T\u00c9Z\u00c9 et Matthieu VOGEL, et encadr\u00e9e par Vincent JUG\u00c9 et Martin RAKOVSKY<\/li>\n<\/ul>\n<\/li>\n<\/ul>\n","protected":false},"excerpt":{"rendered":"<p>Calendrier de la POFM pour l&#8217;ann\u00e9e scolaire 2021-2022 Coupe Animath d&#8217;automne Le premier tour de la\u00a0\u00a0Coupe Animath d&#8217;automne a eu lieu entre le 7 et 22 septembre 2021. Le deuxi\u00e8me tour de la Coupe s&#8217;est d\u00e9roul\u00e9 le 7 octobre 2021. Les r\u00e9sultats de la coupe sont disponibles ici . Les stages Stage de Cachan junior, &hellip; <\/p>\n<p class=\"link-more\"><a href=\"https:\/\/maths-olympiques.fr\/?page_id=7897\" class=\"more-link\">Continuer la lecture<span class=\"screen-reader-text\"> de &laquo;&nbsp;La POFM 2021-2022&nbsp;&raquo;<\/span><\/a><\/p>\n","protected":false},"author":14,"featured_media":0,"parent":0,"menu_order":0,"comment_status":"closed","ping_status":"closed","template":"","meta":{"footnotes":""},"class_list":["post-7897","page","type-page","status-publish","hentry"],"_links":{"self":[{"href":"https:\/\/maths-olympiques.fr\/index.php?rest_route=\/wp\/v2\/pages\/7897","targetHints":{"allow":["GET"]}}],"collection":[{"href":"https:\/\/maths-olympiques.fr\/index.php?rest_route=\/wp\/v2\/pages"}],"about":[{"href":"https:\/\/maths-olympiques.fr\/index.php?rest_route=\/wp\/v2\/types\/page"}],"author":[{"embeddable":true,"href":"https:\/\/maths-olympiques.fr\/index.php?rest_route=\/wp\/v2\/users\/14"}],"replies":[{"embeddable":true,"href":"https:\/\/maths-olympiques.fr\/index.php?rest_route=%2Fwp%2Fv2%2Fcomments&post=7897"}],"version-history":[{"count":50,"href":"https:\/\/maths-olympiques.fr\/index.php?rest_route=\/wp\/v2\/pages\/7897\/revisions"}],"predecessor-version":[{"id":12125,"href":"https:\/\/maths-olympiques.fr\/index.php?rest_route=\/wp\/v2\/pages\/7897\/revisions\/12125"}],"wp:attachment":[{"href":"https:\/\/maths-olympiques.fr\/index.php?rest_route=%2Fwp%2Fv2%2Fmedia&parent=7897"}],"curies":[{"name":"wp","href":"https:\/\/api.w.org\/{rel}","templated":true}]}}