{"id":7512,"date":"2021-08-19T13:54:25","date_gmt":"2021-08-19T11:54:25","guid":{"rendered":"https:\/\/maths-olympiques.fr\/?page_id=7512"},"modified":"2022-08-31T09:42:32","modified_gmt":"2022-08-31T07:42:32","slug":"conferences-expose","status":"publish","type":"page","link":"https:\/\/maths-olympiques.fr\/?page_id=7512","title":{"rendered":"Conf\u00e9rences\/expos\u00e9s"},"content":{"rendered":"<ul>\n<li><a href=\"https:\/\/maths-olympiques.fr\/wp-content\/uploads\/2021\/08\/TheorieInformation.pdf\">Introduction \u00e0 la Theorie de l&#8217;Information<\/a>\u00a0(Raphael, Stage d&#8217;\u00e9t\u00e9 2021)<\/li>\n<li><a href=\"https:\/\/maths-olympiques.fr\/wp-content\/uploads\/2021\/08\/Triangulation-1-1.pdf\">A quoi servent les Triangulations?<\/a>\u00a0(Pooran Memari, Stage d&#8217;\u00e9t\u00e9 2020)<\/li>\n<li><a href=\"https:\/\/maths-olympiques.fr\/wp-content\/uploads\/2021\/08\/small-pdf-TN-Animath-2.pdf\">La Th\u00e9orie des nombres dans la vie courante<\/a>\u00a0(Phong Nguyen, Stage d&#8217;\u00e9t\u00e9 2020)<\/li>\n<\/ul>\n<p>&nbsp;<\/p>\n","protected":false},"excerpt":{"rendered":"<p>Introduction \u00e0 la Theorie de l&#8217;Information\u00a0(Raphael, Stage d&#8217;\u00e9t\u00e9 2021) A quoi servent les Triangulations?\u00a0(Pooran Memari, Stage d&#8217;\u00e9t\u00e9 2020) La Th\u00e9orie des nombres dans la vie courante\u00a0(Phong Nguyen, Stage d&#8217;\u00e9t\u00e9 2020) &nbsp;<\/p>\n","protected":false},"author":11,"featured_media":0,"parent":0,"menu_order":0,"comment_status":"closed","ping_status":"closed","template":"","meta":{"footnotes":""},"class_list":["post-7512","page","type-page","status-publish","hentry"],"_links":{"self":[{"href":"https:\/\/maths-olympiques.fr\/index.php?rest_route=\/wp\/v2\/pages\/7512","targetHints":{"allow":["GET"]}}],"collection":[{"href":"https:\/\/maths-olympiques.fr\/index.php?rest_route=\/wp\/v2\/pages"}],"about":[{"href":"https:\/\/maths-olympiques.fr\/index.php?rest_route=\/wp\/v2\/types\/page"}],"author":[{"embeddable":true,"href":"https:\/\/maths-olympiques.fr\/index.php?rest_route=\/wp\/v2\/users\/11"}],"replies":[{"embeddable":true,"href":"https:\/\/maths-olympiques.fr\/index.php?rest_route=%2Fwp%2Fv2%2Fcomments&post=7512"}],"version-history":[{"count":6,"href":"https:\/\/maths-olympiques.fr\/index.php?rest_route=\/wp\/v2\/pages\/7512\/revisions"}],"predecessor-version":[{"id":10103,"href":"https:\/\/maths-olympiques.fr\/index.php?rest_route=\/wp\/v2\/pages\/7512\/revisions\/10103"}],"wp:attachment":[{"href":"https:\/\/maths-olympiques.fr\/index.php?rest_route=%2Fwp%2Fv2%2Fmedia&parent=7512"}],"curies":[{"name":"wp","href":"https:\/\/api.w.org\/{rel}","templated":true}]}}