{"id":71,"date":"2017-09-09T00:20:08","date_gmt":"2017-09-08T22:20:08","guid":{"rendered":"http:\/\/ofm.toonywood.org\/?page_id=71"},"modified":"2025-10-25T17:51:39","modified_gmt":"2025-10-25T15:51:39","slug":"envois-passes","status":"publish","type":"page","link":"https:\/\/maths-olympiques.fr\/?page_id=71","title":{"rendered":"Envois pass\u00e9s"},"content":{"rendered":"<p>Les envois sont des listes d\u2019exercices \u00e0 th\u00e8me, de difficult\u00e9 variable, propos\u00e9s chaque mois. Leurs corrig\u00e9s sont publi\u00e9s apr\u00e8s la date limite de renvoi des solutions. C\u2019est une bonne occasion de s\u2019entra\u00eener sur des exercices olympiques, mais aussi d&#8217;apprendre \u00e0 r\u00e9diger des solutions de mani\u00e8re claire et rigoureuse.<\/p>\n<p>Les \u00e9nonc\u00e9s, ainsi que les corrig\u00e9s des envois de l&#8217;ann\u00e9e en cours, se trouvent sur la page <a href=\"https:\/\/maths-olympiques.fr\/?page_id=17692\">POFM 2024-2025<\/a>. Les envois des ann\u00e9es pr\u00e9c\u00e9dentes peuvent \u00eatre trouv\u00e9s dans ce tableau :<\/p>\n\n<table id=\"tablepress-1\" class=\"tablepress tablepress-id-1\">\n<thead>\n<tr class=\"row-1\">\n\t<th class=\"column-1\">Ann\u00e9e<\/th><th class=\"column-2\">Envoi 1<\/th><th class=\"column-3\">Envoi 2<\/th><th class=\"column-4\">Envoi 3<\/th><th class=\"column-5\">Envoi 4<\/th><th class=\"column-6\">Envoi 5<\/th><th class=\"column-7\">Envoi 6<\/th>\n<\/tr>\n<\/thead>\n<tbody class=\"row-striping row-hover\">\n<tr class=\"row-2\">\n\t<td class=\"column-1\">2024-2025<\/td><td class=\"column-2\"><a href=\"https:\/\/maths-olympiques.fr\/wp-content\/uploads\/2024\/11\/Sujet-envoi-1-2024-2025.pdf\">G\u00e9om\u00e9trie<\/a> <a href=\"https:\/\/maths-olympiques.fr\/wp-content\/uploads\/2025\/01\/Corrige-envoi-1-2024-2025.pdf\">(Corrig\u00e9)<\/a><\/td><td class=\"column-3\"><a href=\"https:\/\/maths-olympiques.fr\/wp-content\/uploads\/2024\/12\/Sujet-envoi-2-2024-2025.pdf\">Alg\u00e8bre<\/a> <a href=\"https:\/\/maths-olympiques.fr\/wp-content\/uploads\/2025\/01\/Corrige-envoi-2-2024-2025.pdf\">(Corrig\u00e9)<\/a><\/td><td class=\"column-4\"><a href=\"https:\/\/maths-olympiques.fr\/wp-content\/uploads\/2025\/01\/Sujet-envoi-3-2024-2025.pdf\">Arithm\u00e9tique<\/a>  <a href=\"https:\/\/maths-olympiques.fr\/wp-content\/uploads\/2025\/03\/Corrige-envoi-3-2024-2025.pdf\">(Corrig\u00e9)<\/a><\/td><td class=\"column-5\"><a href=\"https:\/\/maths-olympiques.fr\/wp-content\/uploads\/2025\/03\/Sujet-envoi-4-2024-2025.pdf\">Combinatoire<\/a> <a href=\"https:\/\/maths-olympiques.fr\/wp-content\/uploads\/2025\/05\/Corrige-envoi-4-2024-2025.pdf\">(Corrig\u00e9)<\/a><\/td><td class=\"column-6\"><a href=\"https:\/\/maths-olympiques.fr\/wp-content\/uploads\/2025\/04\/Sujet-envoi-5-2024-2025.pdf\">Pot-pourri<\/a> <a href=\"https:\/\/maths-olympiques.fr\/wp-content\/uploads\/2025\/06\/Corrige-envoi-5-2024-2025.pdf\">(Corrig\u00e9)<\/a><\/td><td class=\"column-7\"><\/td>\n<\/tr>\n<tr class=\"row-3\">\n\t<td class=\"column-1\">2023-2024<\/td><td class=\"column-2\"><a href=\"https:\/\/maths-olympiques.fr\/wp-content\/uploads\/2023\/11\/Sujet-envoi-1-2023-2024.pdf\">G\u00e9om\u00e9trie<\/a> <a href=\"https:\/\/maths-olympiques.fr\/wp-content\/uploads\/2023\/04\/Corrige-envoi-1-2023-2024.pdf\">(Corrig\u00e9)<\/a><\/td><td class=\"column-3\"><a href=\"https:\/\/maths-olympiques.fr\/wp-content\/uploads\/2023\/12\/Sujet-envoi-2-2023-2024.pdf\">Alg\u00e8bre<\/a> <a href=\"https:\/\/maths-olympiques.fr\/wp-content\/uploads\/2024\/01\/Corrige-envoi-algebre-2023-2024.pdf\">(Corrig\u00e9)<\/a><\/td><td class=\"column-4\"><a href=\"https:\/\/maths-olympiques.fr\/wp-content\/uploads\/2024\/01\/Sujet-envoi-3-2023-2024.pdf\">Arithm\u00e9tique<\/a>  <a href=\"https:\/\/maths-olympiques.fr\/wp-content\/uploads\/2024\/02\/Corrige-envoi-arithmetique-2023-2024.pdf\">(Corrig\u00e9)<\/a><\/td><td class=\"column-5\"><a href=\"https:\/\/maths-olympiques.fr\/wp-content\/uploads\/2023\/04\/Sujet-envoi-4-2023-2024.pdf\">Combinatoire<\/a> <a href=\"https:\/\/maths-olympiques.fr\/wp-content\/uploads\/2024\/03\/corrige-envoi-4-2023-2024.pdf\">(Corrig\u00e9)<\/a><\/td><td class=\"column-6\"> <a href=\"https:\/\/maths-olympiques.fr\/wp-content\/uploads\/2024\/03\/sujet-envoi-5-2023-2024.pdf\">Pot-pourri<\/a> <a href=\"https:\/\/maths-olympiques.fr\/wp-content\/uploads\/2024\/04\/Corrige-envoi-5-2023-2024.pdf\">(Corrig\u00e9)<\/a><\/td><td class=\"column-7\"><\/td>\n<\/tr>\n<tr class=\"row-4\">\n\t<td class=\"column-1\">2022-2023<\/td><td class=\"column-2\"><a href=\"https:\/\/maths-olympiques.fr\/wp-content\/uploads\/2022\/11\/Sujet-envoi-1.pdf\">G\u00e9om\u00e9trie<\/a> <a href=\"https:\/\/maths-olympiques.fr\/wp-content\/uploads\/2022\/12\/corrig\u00e9-envoi-1.pdf\">(Corrig\u00e9)<\/a><\/td><td class=\"column-3\"><a href=\"https:\/\/maths-olympiques.fr\/wp-content\/uploads\/2022\/12\/Sujet-envoi-2.pdf\">Alg\u00e8bre<\/a> <a href=\"https:\/\/maths-olympiques.fr\/wp-content\/uploads\/2023\/01\/corrig\u00e9-envoi-2.pdf\">(Corrig\u00e9)<\/a><\/td><td class=\"column-4\"><a href=\"https:\/\/maths-olympiques.fr\/wp-content\/uploads\/2023\/01\/Sujet-envoi-3.pdf\">Arithm\u00e9tique<\/a>  <a href=\"https:\/\/maths-olympiques.fr\/wp-content\/uploads\/2023\/03\/corrig\u00e9.pdf\">(Corrig\u00e9)<\/a><\/td><td class=\"column-5\"><a href=\"https:\/\/maths-olympiques.fr\/wp-content\/uploads\/2023\/02\/Sujet-envoi-4.pdf\">Combinatoire<\/a> <a href=\"https:\/\/maths-olympiques.fr\/wp-content\/uploads\/2023\/03\/corrig\u00e9-envoi-4.pdf\">(Corrig\u00e9)<\/a><\/td><td class=\"column-6\"> <a href=\"https:\/\/maths-olympiques.fr\/wp-content\/uploads\/2023\/03\/Sujet-envoi-5.pdf\">Pot-pourri<\/a> <a href=\"https:\/\/maths-olympiques.fr\/wp-content\/uploads\/2023\/07\/corrige-envoi-5.pdf\">(Corrig\u00e9)<\/a><\/td><td class=\"column-7\"><\/td>\n<\/tr>\n<tr class=\"row-5\">\n\t<td class=\"column-1\">2021-2022<\/td><td class=\"column-2\"><a href=\"https:\/\/maths-olympiques.fr\/wp-content\/uploads\/2021\/11\/Sujet-envoi-1.pdf\">G\u00e9om\u00e9trie<\/a> <a href=\"https:\/\/maths-olympiques.fr\/wp-content\/uploads\/2021\/12\/corrig\u00e9-envoi-1.pdf\">(Corrig\u00e9)<\/a><\/td><td class=\"column-3\"><a href=\"https:\/\/maths-olympiques.fr\/wp-content\/uploads\/2021\/12\/Sujet-envoi-2.pdf\">Alg\u00e8bre<\/a> <a href=\"https:\/\/maths-olympiques.fr\/wp-content\/uploads\/2022\/01\/corrig\u00e9-envoi-2.pdf\">(Corrig\u00e9)<\/a><\/td><td class=\"column-4\"><a href=\"https:\/\/maths-olympiques.fr\/wp-content\/uploads\/2022\/01\/sujet-envoi-3.pdf\">Arithm\u00e9tique<\/a>  <a href=\"https:\/\/maths-olympiques.fr\/wp-content\/uploads\/2022\/02\/corrig\u00e9-envoi-3.pdf\">(Corrig\u00e9)<\/a><\/td><td class=\"column-5\"><a href=\"https:\/\/maths-olympiques.fr\/wp-content\/uploads\/2022\/02\/sujet-envoi-4.pdf\">Combinatoire<\/a> <a href=\"https:\/\/maths-olympiques.fr\/wp-content\/uploads\/2022\/04\/corrig\u00e9-envoi-4.pdf\">(Corrig\u00e9)<\/a><\/td><td class=\"column-6\"> <a href=\"https:\/\/maths-olympiques.fr\/wp-content\/uploads\/2022\/03\/sujet-envoi-5.pdf\">Pot-pourri<\/a> <a href=\"https:\/\/maths-olympiques.fr\/wp-content\/uploads\/2022\/05\/corrig\u00e9-envoi-5.pdf\">(Corrig\u00e9)<\/a><\/td><td class=\"column-7\"><\/td>\n<\/tr>\n<tr class=\"row-6\">\n\t<td class=\"column-1\">2020-2021<\/td><td class=\"column-2\"><a href=\"https:\/\/maths-olympiques.fr\/wp-content\/uploads\/2020\/10\/Sujet-envoi-1.pdf\">G\u00e9om\u00e9trie<\/a> <a href=\"https:\/\/maths-olympiques.fr\/wp-content\/uploads\/2020\/11\/corrig\u00e9-envoi-1.pdf\">(Corrig\u00e9)<\/a><\/td><td class=\"column-3\"><a href=\"https:\/\/maths-olympiques.fr\/wp-content\/uploads\/2020\/11\/Sujet-envoi-2.pdf\">Alg\u00e8bre<\/a> <a href=\"https:\/\/maths-olympiques.fr\/wp-content\/uploads\/2021\/01\/Corrig\u00e9-envoi-2.pdf\">(Corrig\u00e9)<\/a><\/td><td class=\"column-4\"><a href=\"https:\/\/maths-olympiques.fr\/wp-content\/uploads\/2020\/12\/Sujet-envoi-3.pdf\">Arithm\u00e9tique<\/a> <a href=\"https:\/\/maths-olympiques.fr\/wp-content\/uploads\/2021\/02\/Corrig\u00e9-envoi-3.pdf\">(Corrig\u00e9)<\/a><\/td><td class=\"column-5\"><a href=\"https:\/\/maths-olympiques.fr\/wp-content\/uploads\/2021\/01\/sujet-envoi-4.pdf\">Combinatoire<\/a> <a href=\"https:\/\/maths-olympiques.fr\/wp-content\/uploads\/2021\/03\/Corrig\u00e9-envoi-4.pdf\">(Corrig\u00e9)<\/a><\/td><td class=\"column-6\"> <a href=\"https:\/\/maths-olympiques.fr\/wp-content\/uploads\/2021\/02\/sujet-envoi-5.pdf\">Pot-pourri<\/a> <a href=\"https:\/\/maths-olympiques.fr\/wp-content\/uploads\/2021\/04\/corrig\u00e9-envoi-5.pdf\">(Corrig\u00e9)<\/a><\/td><td class=\"column-7\"><\/td>\n<\/tr>\n<tr class=\"row-7\">\n\t<td class=\"column-1\">2019-2020<\/td><td class=\"column-2\"><a href=\"https:\/\/maths-olympiques.fr\/wp-content\/uploads\/2019\/10\/sujet-envoi-1.pdf\">G\u00e9om\u00e9trie<\/a> <a href=\"https:\/\/maths-olympiques.fr\/wp-content\/uploads\/2019\/12\/corrig\u00e9-commentaire-envoi-1.pdf\">(Corrig\u00e9)<\/a><\/td><td class=\"column-3\"><a href=\"https:\/\/maths-olympiques.fr\/wp-content\/uploads\/2019\/11\/sujet-envoi-2-1.pdf\">Alg\u00e8bre<\/a> <a href=\"https:\/\/maths-olympiques.fr\/wp-content\/uploads\/2020\/01\/corrige\u0301-commente\u0301-envoi-2.pdf\">(Corrig\u00e9)<\/a><\/td><td class=\"column-4\"><a href=\"https:\/\/maths-olympiques.fr\/wp-content\/uploads\/2020\/01\/sujet-envoi-3.pdf\">Arithm\u00e9tique<\/a> <a href=\"https:\/\/maths-olympiques.fr\/wp-content\/uploads\/2020\/02\/corrig\u00e9-comment\u00e9-envoi-3.pdf\">(Corrig\u00e9)<\/a><\/td><td class=\"column-5\"><a href=\"https:\/\/maths-olympiques.fr\/wp-content\/uploads\/2020\/01\/EnvoiCombiFinal.pdf\">Combinatoire<\/a> <a href=\"https:\/\/maths-olympiques.fr\/wp-content\/uploads\/2020\/03\/corrig\u00e9-comment\u00e9-envoi-4.pdf\">(Corrig\u00e9)<\/a><\/td><td class=\"column-6\"> <a href=\"https:\/\/maths-olympiques.fr\/wp-content\/uploads\/2020\/02\/sujet-envoi-5.pdf\">Pot-pourri<\/a> <a href=\"https:\/\/maths-olympiques.fr\/wp-content\/uploads\/2020\/04\/corrig%C3%A9-comment%C3%A9-envoi-5.pdf\">(Corrig\u00e9)<\/a><\/td><td class=\"column-7\"><\/td>\n<\/tr>\n<tr class=\"row-8\">\n\t<td class=\"column-1\">2018-2019<\/td><td class=\"column-2\"><a href=\"http:\/\/maths-olympiques.fr\/wp-content\/uploads\/2018\/10\/envoi_1_2018-2019_v3.pdf\">G\u00e9om\u00e9trie<\/a> <a href=\"http:\/\/maths-olympiques.fr\/wp-content\/uploads\/2018\/11\/corrige-envoi-1.pdf\">(Corrig\u00e9)<\/a><\/td><td class=\"column-3\"><a href=\"http:\/\/maths-olympiques.fr\/wp-content\/uploads\/2018\/11\/envoi-2.pdf\">Arithm\u00e9tique<\/a> <a href=\"http:\/\/maths-olympiques.fr\/wp-content\/uploads\/2018\/12\/corrige-envoi-2.pdf\">(Corrig\u00e9)<\/a><\/td><td class=\"column-4\"><a href=\"http:\/\/maths-olympiques.fr\/wp-content\/uploads\/2018\/12\/envoi-3.pdf\">Alg\u00e8bre<\/a> <a href=\"http:\/\/maths-olympiques.fr\/wp-content\/uploads\/2019\/02\/envoi-3-cor.pdf\">(Corrig\u00e9)<\/a><\/td><td class=\"column-5\"><a href=\"http:\/\/maths-olympiques.fr\/wp-content\/uploads\/2019\/01\/envoi-4.pdf\">Combinatoire<\/a> <a href=\"http:\/\/maths-olympiques.fr\/wp-content\/uploads\/2019\/02\/envoi-4-corr-def.pdf\">(Corrig\u00e9)<\/a><\/td><td class=\"column-6\"><a href=\"http:\/\/maths-olympiques.fr\/wp-content\/uploads\/2019\/02\/envoi-5.pdf\"> Pot-pourri<\/a> <a href=\"http:\/\/igm.univ-mlv.fr\/~juge\/pofm\/doc\/Corrig%c3%a9-Envoi-5-2019.pdf\">(Corrig\u00e9)<\/a> <\/td><td class=\"column-7\"><\/td>\n<\/tr>\n<tr class=\"row-9\">\n\t<td class=\"column-1\">2017-2018<\/td><td class=\"column-2\"><a href=\"http:\/\/maths-olympiques.fr\/wp-content\/uploads\/2017\/10\/pofm-2017-2018-envoi1-1.pdf\">Arithm\u00e9tique<\/a> <a href=\"http:\/\/maths-olympiques.fr\/wp-content\/uploads\/2017\/11\/pofm-2017-2018-envoi1-corrige.pdf\">(Corrig\u00e9)<\/a><\/td><td class=\"column-3\"><a href=\"http:\/\/maths-olympiques.fr\/wp-content\/uploads\/2017\/11\/pofm-2017-2018-envoi2.pdf\">G\u00e9om\u00e9trie<\/a> <a href=\"http:\/\/maths-olympiques.fr\/wp-content\/uploads\/2018\/01\/pofm-2017-2018-envoi2-corrige.pdf\">(Corrig\u00e9)<\/a><\/td><td class=\"column-4\"><a href=\"http:\/\/maths-olympiques.fr\/wp-content\/uploads\/2017\/12\/pofm-2017-2018-envoi3.pdf\">Alg\u00e8bre<\/a> <a href=\"http:\/\/maths-olympiques.fr\/wp-content\/uploads\/2018\/01\/pofm-2017-2018-envoi3-corrige.pdf\">(Corrig\u00e9)<\/a><\/td><td class=\"column-5\"><a href=\"http:\/\/maths-olympiques.fr\/wp-content\/uploads\/2018\/01\/pofm-2017-2018-envoi4.pdf\">Combinatoire<\/a> <a href=\"http:\/\/maths-olympiques.fr\/wp-content\/uploads\/2018\/02\/pofm-2017-2018-envoi4-corrige.pdf\">(Corrig\u00e9)<\/a><\/td><td class=\"column-6\"><a href=\"http:\/\/maths-olympiques.fr\/wp-content\/uploads\/2018\/02\/pofm-2017-2018-envoi5.pdf\">Pot-pourri<\/a> <a href=\"http:\/\/maths-olympiques.fr\/wp-content\/uploads\/2018\/06\/pofm_2017-2018-envoi5-corrige.pdf\">(Corrig\u00e9)<\/a><\/td><td class=\"column-7\"><\/td>\n<\/tr>\n<tr class=\"row-10\">\n\t<td class=\"column-1\">2016-2017<\/td><td class=\"column-2\"><a href=\"http:\/\/maths-olympiques.fr\/wp-content\/uploads\/2017\/10\/ofm-2016-2017-envoi-1.pdf\">Arithm\u00e9tique<\/a> <a href=\"http:\/\/maths-olympiques.fr\/wp-content\/uploads\/2017\/10\/ofm-2016-2017-envoi-1-solutions.pdf\">(Corrig\u00e9)<\/a><\/td><td class=\"column-3\"><a href=\"http:\/\/maths-olympiques.fr\/wp-content\/uploads\/2017\/10\/ofm-2016-2017-envoi-2.pdf\">Alg\u00e8bre<\/a> <a href=\"http:\/\/maths-olympiques.fr\/wp-content\/uploads\/2017\/10\/ofm-2016-2017-envoi-2-solutions.pdf\">(Corrig\u00e9)<\/a><\/td><td class=\"column-4\"><a href=\"http:\/\/maths-olympiques.fr\/wp-content\/uploads\/2017\/10\/ofm-2016-2017-envoi-3.pdf\">G\u00e9om\u00e9trie<\/a> <a href=\"http:\/\/maths-olympiques.fr\/wp-content\/uploads\/2017\/10\/ofm-2016-2017-envoi-3-solutions.pdf\">(Corrig\u00e9)<\/a><\/td><td class=\"column-5\"><a href=\"http:\/\/maths-olympiques.fr\/wp-content\/uploads\/2017\/10\/ofm-2016-2017-envoi-4.pdf\">Combinatoire<\/a> <a href=\"http:\/\/maths-olympiques.fr\/wp-content\/uploads\/2017\/10\/ofm-2016-2017-envoi-4-solutions.pdf\">(Corrig\u00e9)<\/a><\/td><td class=\"column-6\"><a href=\"http:\/\/maths-olympiques.fr\/wp-content\/uploads\/2017\/10\/ofm-2016-2017-envoi-5.pdf\">Pot-pourri<\/a> <a href=\"http:\/\/maths-olympiques.fr\/wp-content\/uploads\/2017\/10\/ofm-2016-2017-envoi-5-solutions.pdf\">(Corrig\u00e9)<\/a><\/td><td class=\"column-7\"><\/td>\n<\/tr>\n<tr class=\"row-11\">\n\t<td class=\"column-1\">2015-2016<\/td><td class=\"column-2\"><a href=\"http:\/\/maths-olympiques.fr\/wp-content\/uploads\/2017\/10\/ofm-2015-2016-envoi-1.pdf\">Arithm\u00e9tique<\/a> <a href=\"http:\/\/maths-olympiques.fr\/wp-content\/uploads\/2017\/10\/ofm-2015-2016-envoi-1-solutions.pdf\">(Corrig\u00e9)<\/a><\/td><td class=\"column-3\"><a href=\"http:\/\/maths-olympiques.fr\/wp-content\/uploads\/2017\/10\/ofm-2015-2016-envoi-2.pdf\">G\u00e9om\u00e9trie<\/a> <a href=\"http:\/\/maths-olympiques.fr\/wp-content\/uploads\/2017\/10\/ofm-2015-2016-envoi-2-solutions.pdf\">(Corrig\u00e9)<\/a><\/td><td class=\"column-4\"><a href=\"http:\/\/maths-olympiques.fr\/wp-content\/uploads\/2017\/10\/ofm-2015-2016-envoi-3.pdf\">Alg\u00e8bre<\/a> <a href=\"http:\/\/maths-olympiques.fr\/wp-content\/uploads\/2017\/10\/ofm-2015-2016-envoi-3-solutions.pdf\">(Corrig\u00e9)<\/a><\/td><td class=\"column-5\"><a href=\"http:\/\/maths-olympiques.fr\/wp-content\/uploads\/2017\/10\/ofm-2015-2016-envoi4.pdf\">Combinatoire<\/a> <a href=\"http:\/\/maths-olympiques.fr\/wp-content\/uploads\/2017\/10\/ofm-2015-2016-envoi-4-solutions.pdf\">(Corrig\u00e9)<\/a><\/td><td class=\"column-6\"><a href=\"http:\/\/maths-olympiques.fr\/wp-content\/uploads\/2017\/10\/ofm-2015-2016-envoi-5.pdf\">Pot-pourri<\/a> <a href=\"http:\/\/maths-olympiques.fr\/wp-content\/uploads\/2017\/10\/ofm-2015-2016-envoi-5-solutions.pdf\">(Corrig\u00e9)<\/a><\/td><td class=\"column-7\"><\/td>\n<\/tr>\n<tr class=\"row-12\">\n\t<td class=\"column-1\">2014-2015<\/td><td class=\"column-2\"><a href=\"http:\/\/maths-olympiques.fr\/wp-content\/uploads\/2017\/10\/ofm-2014-2015-envoi-1.pdf\">Combinatoire<\/a> <a href=\"http:\/\/maths-olympiques.fr\/wp-content\/uploads\/2017\/10\/ofm-2014-2015-envoi-1-solutions.pdf\">(Corrig\u00e9)<\/a><\/td><td class=\"column-3\"><a href=\"http:\/\/maths-olympiques.fr\/wp-content\/uploads\/2017\/10\/ofm-2014-2015-envoi-2.pdf\">G\u00e9om\u00e9trie<\/a> <a href=\"http:\/\/maths-olympiques.fr\/wp-content\/uploads\/2017\/10\/ofm-2014-2015-envoi-2-solutions.pdf\">(Corrig\u00e9)<\/a><\/td><td class=\"column-4\"><a href=\"http:\/\/maths-olympiques.fr\/wp-content\/uploads\/2017\/10\/ofm-2014-2015-envoi-3.pdf\">Arithm\u00e9tique<\/a> <a href=\"http:\/\/maths-olympiques.fr\/wp-content\/uploads\/2017\/10\/ofm-2014-2015-envoi-3-solutions.pdf\">(Corrig\u00e9)<\/a><\/td><td class=\"column-5\"><a href=\"http:\/\/maths-olympiques.fr\/wp-content\/uploads\/2017\/10\/ofm-2014-2015-envoi-4.pdf\">Alg\u00e8bre<\/a> <a href=\"http:\/\/maths-olympiques.fr\/wp-content\/uploads\/2017\/10\/ofm-2014-2015-envoi-4-solutions.pdf\">(Corrig\u00e9)<\/a><\/td><td class=\"column-6\"><a href=\"http:\/\/maths-olympiques.fr\/wp-content\/uploads\/2017\/10\/ofm-2014-2015-envoi-5.pdf\">Combinatoire<\/a> <a href=\"http:\/\/maths-olympiques.fr\/wp-content\/uploads\/2017\/10\/ofm-2014-2015-envoi-5-solutions.pdf\">(Corrig\u00e9)<\/a><\/td><td class=\"column-7\"><a href=\"http:\/\/maths-olympiques.fr\/wp-content\/uploads\/2017\/10\/ofm-2014-2015-envoi-6.pdf\">Pot-pourri<\/a> <a href=\"http:\/\/maths-olympiques.fr\/wp-content\/uploads\/2017\/10\/ofm-2014-2015-envoi-6-solutions.pdf\">(Corrig\u00e9)<\/a><\/td>\n<\/tr>\n<tr class=\"row-13\">\n\t<td class=\"column-1\">2013-2014<\/td><td class=\"column-2\"><a href=\"http:\/\/maths-olympiques.fr\/wp-content\/uploads\/2017\/10\/ofm-2013-2014-envoi-1.pdf\">G\u00e9om\u00e9trie<\/a> <a href=\"http:\/\/maths-olympiques.fr\/wp-content\/uploads\/2017\/10\/ofm-2013-2014-envoi-1-solutions.pdf\">(Corrig\u00e9)<\/a><\/td><td class=\"column-3\"><a href=\"http:\/\/maths-olympiques.fr\/wp-content\/uploads\/2017\/10\/ofm-2013-2014-envoi-2.pdf\">Combinatoire<\/a> <a href=\"http:\/\/maths-olympiques.fr\/wp-content\/uploads\/2017\/10\/ofm-2013-2014-envoi-2-solutions.pdf\">(Corrig\u00e9)<\/a><\/td><td class=\"column-4\"><a href=\"http:\/\/maths-olympiques.fr\/wp-content\/uploads\/2017\/10\/ofm-2013-2014-envoi-3.pdf\">Alg\u00e8bre<\/a> <a href=\"http:\/\/maths-olympiques.fr\/wp-content\/uploads\/2017\/10\/ofm-2013-2014-envoi-3-solutions.pdf\">(Corrig\u00e9)<\/a><\/td><td class=\"column-5\"><a href=\"http:\/\/maths-olympiques.fr\/wp-content\/uploads\/2017\/10\/ofm-2013-2014-envoi-4.pdf\">Arithm\u00e9tique<\/a> <a href=\"http:\/\/maths-olympiques.fr\/wp-content\/uploads\/2017\/10\/ofm-2013-2014-envoi-4-solutions.pdf\">(Corrig\u00e9)<\/a><\/td><td class=\"column-6\"><a href=\"http:\/\/maths-olympiques.fr\/wp-content\/uploads\/2017\/10\/ofm-2013-2014-envoi-5.pdf\">G\u00e9om\u00e9trie<\/a> <a href=\"http:\/\/maths-olympiques.fr\/wp-content\/uploads\/2017\/10\/ofm-2013-2014-envoi-5-solutions.pdf\">(Corrig\u00e9)<\/a><\/td><td class=\"column-7\"><a href=\"http:\/\/maths-olympiques.fr\/wp-content\/uploads\/2017\/10\/ofm-2013-2014-envoi-6.pdf\">Pot-pourri<\/a> <a href=\"http:\/\/maths-olympiques.fr\/wp-content\/uploads\/2017\/10\/ofm-2013-2014-envoi-6-solutions.pdf\">(Corrig\u00e9)<\/a><\/td>\n<\/tr>\n<tr class=\"row-14\">\n\t<td class=\"column-1\">2012-2013<\/td><td class=\"column-2\"><a href=\"http:\/\/maths-olympiques.fr\/wp-content\/uploads\/2017\/10\/ofm-2012-2013-envoi1.pdf\">G\u00e9om\u00e9trie<\/a> <a href=\"http:\/\/maths-olympiques.fr\/wp-content\/uploads\/2017\/10\/ofm-2012-2013-envoi1-corrige.pdf\">(Corrig\u00e9)<\/a><\/td><td class=\"column-3\"><a href=\"http:\/\/maths-olympiques.fr\/wp-content\/uploads\/2017\/10\/ofm-2012-2013-envoi2.pdf\">Combinatoire<\/a> <a href=\"http:\/\/maths-olympiques.fr\/wp-content\/uploads\/2017\/10\/ofm-2012-2013-envoi2-corrige.pdf\">(Corrig\u00e9)<\/a><\/td><td class=\"column-4\"><a href=\"http:\/\/maths-olympiques.fr\/wp-content\/uploads\/2017\/10\/ofm-2012-2013-envoi3.pdf\">Arithm\u00e9tique<\/a> <a href=\"http:\/\/maths-olympiques.fr\/wp-content\/uploads\/2017\/10\/ofm-2012-2013-envoi3-corrige.pdf\">(Corrig\u00e9)<\/a><\/td><td class=\"column-5\"><a href=\"http:\/\/maths-olympiques.fr\/wp-content\/uploads\/2017\/10\/ofm-2012-2013-envoi4.pdf\">Alg\u00e8bre<\/a> <a href=\"http:\/\/maths-olympiques.fr\/wp-content\/uploads\/2017\/10\/ofm-2012-2013-envoi4-corrige.pdf\">(Corrig\u00e9)<\/a><\/td><td class=\"column-6\"><a href=\"http:\/\/maths-olympiques.fr\/wp-content\/uploads\/2017\/10\/ofm-2012-2013-envoi5.pdf\">Pot-pourri<\/a> <a href=\"http:\/\/maths-olympiques.fr\/wp-content\/uploads\/2017\/10\/ofm-2012-2013-envoi5-corrige.pdf\">(Corrig\u00e9)<\/a><\/td><td class=\"column-7\"><a href=\"http:\/\/maths-olympiques.fr\/wp-content\/uploads\/2017\/10\/ofm-2012-2013-envoi6.pdf\">G\u00e9om\u00e9trie<\/a> <a href=\"http:\/\/maths-olympiques.fr\/wp-content\/uploads\/2017\/10\/ofm-2012-2013-envoi6-corrige.pdf\">(Corrig\u00e9)<\/a><\/td>\n<\/tr>\n<\/tbody>\n<\/table>\n<!-- #tablepress-1 from cache -->\n","protected":false},"excerpt":{"rendered":"<p>Les envois sont des listes d\u2019exercices \u00e0 th\u00e8me, de difficult\u00e9 variable, propos\u00e9s chaque mois. Leurs corrig\u00e9s sont publi\u00e9s apr\u00e8s la date limite de renvoi des solutions. C\u2019est une bonne occasion de s\u2019entra\u00eener sur des exercices olympiques, mais aussi d&#8217;apprendre \u00e0 r\u00e9diger des solutions de mani\u00e8re claire et rigoureuse. Les \u00e9nonc\u00e9s, ainsi que les corrig\u00e9s des &hellip; <\/p>\n<p class=\"link-more\"><a href=\"https:\/\/maths-olympiques.fr\/?page_id=71\" class=\"more-link\">Continuer la lecture<span class=\"screen-reader-text\"> de &laquo;&nbsp;Envois pass\u00e9s&nbsp;&raquo;<\/span><\/a><\/p>\n","protected":false},"author":3,"featured_media":0,"parent":41,"menu_order":0,"comment_status":"closed","ping_status":"closed","template":"","meta":{"footnotes":""},"class_list":["post-71","page","type-page","status-publish","hentry"],"_links":{"self":[{"href":"https:\/\/maths-olympiques.fr\/index.php?rest_route=\/wp\/v2\/pages\/71","targetHints":{"allow":["GET"]}}],"collection":[{"href":"https:\/\/maths-olympiques.fr\/index.php?rest_route=\/wp\/v2\/pages"}],"about":[{"href":"https:\/\/maths-olympiques.fr\/index.php?rest_route=\/wp\/v2\/types\/page"}],"author":[{"embeddable":true,"href":"https:\/\/maths-olympiques.fr\/index.php?rest_route=\/wp\/v2\/users\/3"}],"replies":[{"embeddable":true,"href":"https:\/\/maths-olympiques.fr\/index.php?rest_route=%2Fwp%2Fv2%2Fcomments&post=71"}],"version-history":[{"count":11,"href":"https:\/\/maths-olympiques.fr\/index.php?rest_route=\/wp\/v2\/pages\/71\/revisions"}],"predecessor-version":[{"id":17716,"href":"https:\/\/maths-olympiques.fr\/index.php?rest_route=\/wp\/v2\/pages\/71\/revisions\/17716"}],"up":[{"embeddable":true,"href":"https:\/\/maths-olympiques.fr\/index.php?rest_route=\/wp\/v2\/pages\/41"}],"wp:attachment":[{"href":"https:\/\/maths-olympiques.fr\/index.php?rest_route=%2Fwp%2Fv2%2Fmedia&parent=71"}],"curies":[{"name":"wp","href":"https:\/\/api.w.org\/{rel}","templated":true}]}}