{"id":69,"date":"2017-09-09T00:19:33","date_gmt":"2017-09-08T22:19:33","guid":{"rendered":"http:\/\/ofm.toonywood.org\/?page_id=69"},"modified":"2025-10-25T17:54:18","modified_gmt":"2025-10-25T15:54:18","slug":"coupes-animath-passees","status":"publish","type":"page","link":"https:\/\/maths-olympiques.fr\/?page_id=69","title":{"rendered":"Coupes Animath pass\u00e9es"},"content":{"rendered":"<div class=\"crayon article-texte-520 \">\n<p>La coupe Animath a lieu deux fois chaque ann\u00e9e. En Octobre, <strong>la coupe Animath d&#8217;Automne<\/strong> s\u00e9lectionne les \u00e9l\u00e8ves qui participeront \u00e0 la POFM. En Mai ou Juin, <strong>la coupe Animath de Printemps<\/strong> s\u00e9lectionne les \u00e9l\u00e8ves qui participeront au stage d&#8217;\u00e9t\u00e9. Depuis quelques ann\u00e9es, le format de ces coupes est le suivant : dans un premier temps a lieu un tour en ligne constitu\u00e9 d&#8217;exercices dont on attend des r\u00e9ponses sans preuve. Les \u00e9l\u00e8ves ayant obtenu suffisamment de bonnes r\u00e9ponses sont autoris\u00e9s \u00e0 composer pour l&#8217;\u00e9preuve en temps limit\u00e9. Cette \u00e9preuve dure 3 heures pour les coll\u00e9giens et 4 heures pour les lyc\u00e9ens, et est en g\u00e9n\u00e9ral compos\u00e9e de 7 exercices pour les coll\u00e9giens, 8 pour les lyc\u00e9ens.<\/p>\n<h2>Coupe Animath d&#8217;Automne<\/h2>\n<ul>\n<li><strong>2025<\/strong> : <a href=\"https:\/\/maths-olympiques.fr\/wp-content\/uploads\/2025\/10\/Sujet-coupe-Animath-Automne-2025.pdf\">\u00c9nonc\u00e9<\/a>. <a href=\"https:\/\/maths-olympiques.fr\/wp-content\/uploads\/2025\/10\/Corrige-commente-Coupe-Animath-Automne-2025.pdf\">Corrig\u00e9<\/a>.<\/li>\n<li><strong>2024<\/strong> : <a href=\"https:\/\/maths-olympiques.fr\/wp-content\/uploads\/2024\/10\/Sujet-coupe-Animath-Automne-2024.pdf\">\u00c9nonc\u00e9<\/a>. <a href=\"https:\/\/maths-olympiques.fr\/wp-content\/uploads\/2024\/10\/Corrige-commente-Coupe-Animath-Automne-2024.pdf\">Corrig\u00e9<\/a>.<\/li>\n<li><strong>2023<\/strong> : <a href=\"https:\/\/maths-olympiques.fr\/wp-content\/uploads\/2023\/10\/Sujet-coupe-Animath-automne-2023.pdf\">\u00c9nonc\u00e9<\/a>. <a href=\"https:\/\/maths-olympiques.fr\/wp-content\/uploads\/2023\/10\/Corrige-coupe-Animath-automne-2023.pdf\">Corrig\u00e9<\/a>.<\/li>\n<li><strong>2022<\/strong> : <a href=\"https:\/\/maths-olympiques.fr\/wp-content\/uploads\/2022\/10\/sujet-Coupe-Animath-Automne-2022.pdf\">\u00c9nonc\u00e9<\/a>. <a href=\"https:\/\/maths-olympiques.fr\/wp-content\/uploads\/2022\/10\/corrig\u00e9-comment\u00e9-Coupe-Animath-Automne-2022.pdf\">Corrig\u00e9<\/a>.<\/li>\n<li><strong>2021<\/strong> : <a href=\"https:\/\/maths-olympiques.fr\/wp-content\/uploads\/2021\/10\/Sujet.pdf\">\u00c9nonc\u00e9<\/a>. <a href=\"https:\/\/maths-olympiques.fr\/wp-content\/uploads\/2021\/10\/sujetcommentairecorrige.pdf\">Corrig\u00e9<\/a>.<\/li>\n<li><strong>2020<\/strong> : <a href=\"https:\/\/maths-olympiques.fr\/wp-content\/uploads\/2020\/10\/Sujet.pdf\">\u00c9nonc\u00e9<\/a>. <a href=\"https:\/\/maths-olympiques.fr\/wp-content\/uploads\/2020\/10\/sujetcommentairecorrige.pdf\">Corrig\u00e9<\/a>.<\/li>\n<li><strong>2019<\/strong> : <a href=\"https:\/\/maths-olympiques.fr\/wp-content\/uploads\/2019\/10\/coupe_animath_automne_2019_sujet.pdf\">\u00c9nonc\u00e9<\/a>. <a href=\"https:\/\/maths-olympiques.fr\/wp-content\/uploads\/2019\/10\/Corrig\u00e9.pdf\">Corrig\u00e9<\/a>.<\/li>\n<li><strong>2018<\/strong> : <a href=\"http:\/\/maths-olympiques.fr\/wp-content\/uploads\/2018\/10\/coupe_automne_2018_sujet.pdf\">\u00c9nonc\u00e9<\/a>. <a href=\"http:\/\/maths-olympiques.fr\/wp-content\/uploads\/2018\/10\/coupe_automne_2018_corrige.pdf\">Corrig\u00e9<\/a>.<\/li>\n<li><strong>2017<\/strong> : <a href=\"http:\/\/maths-olympiques.fr\/wp-content\/uploads\/2017\/10\/coupe_automne_2017_elim.pdf\">Premier tour<\/a> + corrig\u00e9 pour <a href=\"http:\/\/maths-olympiques.fr\/wp-content\/uploads\/2017\/10\/coupe_automne_2017_elim_college.pdf\">coll\u00e9giens<\/a> et <a href=\"http:\/\/maths-olympiques.fr\/wp-content\/uploads\/2017\/10\/coupe_automne_2017_elim_lycee.pdf\">lyc\u00e9ens<\/a>. <a href=\"http:\/\/maths-olympiques.fr\/wp-content\/uploads\/2017\/10\/coupe_automne_2017.pdf\">\u00c9nonc\u00e9<\/a>. <a href=\"http:\/\/maths-olympiques.fr\/wp-content\/uploads\/2017\/10\/coupe_automne_2017_corrige.pdf\">Corrig\u00e9<\/a>.<\/li>\n<li><strong>2016<\/strong> : <a href=\"http:\/\/maths-olympiques.fr\/wp-content\/uploads\/2017\/09\/coupe_automne_2016_elim.pdf\">Premier tour +<\/a> <a href=\"http:\/\/maths-olympiques.fr\/wp-content\/uploads\/2017\/09\/coupe_automne_2016_elim_corrige.pdf\">corrig\u00e9<\/a>. <a href=\"http:\/\/maths-olympiques.fr\/wp-content\/uploads\/2017\/09\/coupe_automne_2016.pdf\">\u00c9nonc\u00e9<\/a>. <a href=\"http:\/\/maths-olympiques.fr\/wp-content\/uploads\/2017\/09\/coupe_automne_2016_corrige.pdf\">Corrig\u00e9<\/a>.<\/li>\n<li><strong>2015<\/strong> : <a href=\"http:\/\/maths-olympiques.fr\/wp-content\/uploads\/2017\/09\/coupe_automne_2015_elim_college.pdf\">Premier tour coll\u00e9giens<\/a> + <a href=\"http:\/\/maths-olympiques.fr\/wp-content\/uploads\/2017\/09\/coupe_automne_2015_elim_college_corrige.pdf\">corrig\u00e9<\/a>. <a href=\"http:\/\/maths-olympiques.fr\/wp-content\/uploads\/2017\/09\/coupe_automne_2015_elim_lycee.pdf\">Premier tour lyc\u00e9ens<\/a> + <a href=\"http:\/\/maths-olympiques.fr\/wp-content\/uploads\/2017\/09\/coupe_automne_2015_elim_lycee_corrige.pdf\">Corrig\u00e9<\/a>. <a href=\"http:\/\/maths-olympiques.fr\/wp-content\/uploads\/2017\/09\/coupe_automne_2015.pdf\">\u00c9nonc\u00e9<\/a>. <a href=\"http:\/\/maths-olympiques.fr\/wp-content\/uploads\/2017\/09\/coupe_automne_2015_corrige.pdf\">Corrig\u00e9<\/a>.<\/li>\n<li><strong> 2014<\/strong> : <a href=\"http:\/\/maths-olympiques.fr\/wp-content\/uploads\/2017\/09\/coupe_automne_2014.pdf\">\u00c9nonc\u00e9<\/a>. <a href=\"http:\/\/maths-olympiques.fr\/wp-content\/uploads\/2017\/09\/coupe_automne_2014_corrige.pdf\">Corrig\u00e9<\/a>.<\/li>\n<li><strong>2013<\/strong> : <a href=\"http:\/\/maths-olympiques.fr\/wp-content\/uploads\/2017\/09\/coupe_automne_2013.pdf\">\u00c9nonc\u00e9<\/a>. <a href=\"http:\/\/maths-olympiques.fr\/wp-content\/uploads\/2017\/09\/coupe_automne_2013_corrige.pdf\">Corrig\u00e9<\/a>.<\/li>\n<li><strong>2012<\/strong> : <a href=\"http:\/\/maths-olympiques.fr\/wp-content\/uploads\/2017\/09\/coupe_automne_2012.pdf\">\u00c9nonc\u00e9<\/a>. <a href=\"http:\/\/maths-olympiques.fr\/wp-content\/uploads\/2017\/09\/coupe_automne_2012_corrige.pdf\">Corrig\u00e9<\/a>.<\/li>\n<li><strong>2011<\/strong> : <a href=\"http:\/\/maths-olympiques.fr\/wp-content\/uploads\/2017\/09\/coupe_automne_2011.pdf\">\u00c9nonc\u00e9<\/a>. <a href=\"http:\/\/maths-olympiques.fr\/wp-content\/uploads\/2017\/09\/coupe_automne_2011_corrige.pdf\">Corrig\u00e9<\/a>.<\/li>\n<\/ul>\n<h2>Coupe Animath de Printemps<\/h2>\n<ul>\n<li><strong>2025<\/strong> : <a href=\"https:\/\/maths-olympiques.fr\/wp-content\/uploads\/2025\/06\/Sujet-coupe-Animath-Printemps-2025.pdf\">\u00c9nonc\u00e9<\/a>. <a href=\"https:\/\/maths-olympiques.fr\/wp-content\/uploads\/2025\/06\/Corrige-commente-coupe-Animath-Printemps-2025.pdf\">Corrig\u00e9<\/a>.<\/li>\n<li><strong>2024<\/strong> : <a href=\"https:\/\/maths-olympiques.fr\/wp-content\/uploads\/2024\/06\/Sujet-coupe-Animath-printemps-2024.pdf\">\u00c9nonc\u00e9<\/a>. <a href=\"https:\/\/maths-olympiques.fr\/wp-content\/uploads\/2024\/06\/corrige-Coupe-Animath-Printemps-2024.pdf\">Corrig\u00e9<\/a>.<\/li>\n<li><strong>2023<\/strong> : <a href=\"https:\/\/maths-olympiques.fr\/wp-content\/uploads\/2023\/06\/sujet-Coupe-Animath-Printemps-2023.pdf\">\u00c9nonc\u00e9<\/a>. <a href=\"https:\/\/maths-olympiques.fr\/wp-content\/uploads\/2023\/06\/corrige-Coupe-Animath-Printemps-2023.pdf\">Corrig\u00e9<\/a>.<\/li>\n<li><strong>2022<\/strong> : <a href=\"https:\/\/maths-olympiques.fr\/wp-content\/uploads\/2022\/09\/tour-1-coupe-Animath-printemps-2022.pdf\"> Premier tour<\/a>. <a href=\"https:\/\/maths-olympiques.fr\/wp-content\/uploads\/2022\/06\/sujet-coupe-Animath-printemps-2022.pdf\">\u00c9nonc\u00e9<\/a>. <a href=\"https:\/\/maths-olympiques.fr\/wp-content\/uploads\/2022\/06\/corrig%C3%A9-comment%C3%A9-coupe-Animath-printemps-2022.pdf\">Corrig\u00e9<\/a>.<\/li>\n<li><strong>2021<\/strong> : <a href=\"https:\/\/maths-olympiques.fr\/wp-content\/uploads\/2021\/06\/Sujet-coupe-Animath.pdf\">\u00c9nonc\u00e9<\/a>. <a href=\"https:\/\/maths-olympiques.fr\/wp-content\/uploads\/2021\/06\/Corrig\u00e9-coupe-Animath-printemps.pdf\">Corrig\u00e9<\/a>.<\/li>\n<li><strong>2020<\/strong> : <a href=\"https:\/\/maths-olympiques.fr\/wp-content\/uploads\/2020\/06\/Sujet-Coupe-Animath-Printemps-2020.pdf\">\u00c9nonc\u00e9<\/a>. <a href=\"https:\/\/maths-olympiques.fr\/wp-content\/uploads\/2022\/04\/corrig\u00e9-coupe-printemps-2020.pdf\">Corrig\u00e9<\/a>.<\/li>\n<li><strong>2019 <\/strong>: <a href=\"http:\/\/maths-olympiques.fr\/wp-content\/uploads\/2019\/05\/coupe_animath_printemps_2019_sujet_v4.pdf\">\u00c9nonc\u00e9<\/a>. <a href=\"http:\/\/maths-olympiques.fr\/wp-content\/uploads\/2019\/05\/coupe_animath_printemps_2019_corrige.pdf\">Corrig\u00e9<\/a>. <a href=\"http:\/\/maths-olympiques.fr\/wp-content\/uploads\/2019\/06\/coupe_animath_printemps_2019_elim.pdf\">Premier tour, avec le corrig\u00e9<\/a>.<\/li>\n<li><strong>2018 <\/strong>: Premier tour pour <a href=\"http:\/\/maths-olympiques.fr\/wp-content\/uploads\/2018\/05\/coupe_printemps_2018_elim_college.pdf\">coll\u00e9giens<\/a> et <a href=\"http:\/\/maths-olympiques.fr\/wp-content\/uploads\/2018\/05\/coupe_printemps_2018_elim_lycee-bis.pdf\">lyc\u00e9ens<\/a>, corrig\u00e9 pour <a href=\"http:\/\/maths-olympiques.fr\/wp-content\/uploads\/2018\/06\/coupe_printemps_2018_elim_college_corrige.pdf\">coll\u00e9giens<\/a> et <a href=\"http:\/\/maths-olympiques.fr\/wp-content\/uploads\/2018\/06\/coupe_printemps_2018_elim_lycee_corrige.pdf\">lyc\u00e9ens<\/a>. <a href=\"http:\/\/maths-olympiques.fr\/wp-content\/uploads\/2018\/06\/coupe_printemps_2018.pdf\">\u00c9nonc\u00e9<\/a>. <a href=\"http:\/\/maths-olympiques.fr\/wp-content\/uploads\/2018\/06\/coupe_printemps_2018_corrige.pdf\">Corrig\u00e9<\/a>.<\/li>\n<li><strong>2017<\/strong> : Premier tour pour <a href=\"http:\/\/maths-olympiques.fr\/wp-content\/uploads\/2017\/09\/coupe_printemps_2017_elim_college.pdf\">coll\u00e9giens<\/a> et <a href=\"http:\/\/maths-olympiques.fr\/wp-content\/uploads\/2017\/09\/coupe_printemps_2017_elim_lycee.pdf\">lyc\u00e9ens<\/a> + <a href=\"http:\/\/maths-olympiques.fr\/wp-content\/uploads\/2017\/09\/coupe_printemps_2017_elim_corrige.pdf\">corrig\u00e9<\/a>. <a href=\"http:\/\/maths-olympiques.fr\/wp-content\/uploads\/2017\/09\/coupe_printemps_2017.pdf\">\u00c9nonc\u00e9<\/a>. <a href=\"http:\/\/maths-olympiques.fr\/wp-content\/uploads\/2017\/09\/coupe_printemps_2017_corrige.pdf\">Corrig\u00e9<\/a>.<\/li>\n<li><strong>2016<\/strong> : Premier tour pour <a href=\"http:\/\/maths-olympiques.fr\/wp-content\/uploads\/2017\/09\/coupe_printemps_2016_elim_college.pdf\">coll\u00e9giens<\/a> et <a href=\"http:\/\/maths-olympiques.fr\/wp-content\/uploads\/2017\/09\/coupe_printemps_2016_elim_lycee.pdf\">lyc\u00e9ens<\/a> + <a href=\"http:\/\/maths-olympiques.fr\/wp-content\/uploads\/2017\/09\/coupe_printemps_2016_elim_corrige.pdf\">corrig\u00e9<\/a>. <a href=\"http:\/\/maths-olympiques.fr\/wp-content\/uploads\/2017\/09\/coupe_printemps_2016.pdf\">\u00c9nonc\u00e9<\/a>. <a href=\"http:\/\/maths-olympiques.fr\/wp-content\/uploads\/2017\/09\/coupe_printemps_2016_corrige.pdf\">Corrig\u00e9<\/a>.<\/li>\n<li><strong>2015<\/strong>&nbsp;:&nbsp;Premier tour pour <a href=\"http:\/\/maths-olympiques.fr\/wp-content\/uploads\/2017\/09\/coupe_printemps_2015_elim_college.pdf\">coll\u00e9giens<\/a> et <a href=\"http:\/\/maths-olympiques.fr\/wp-content\/uploads\/2017\/09\/coupe_printemps_2015_elim_lycee.pdf\">lyc\u00e9ens<\/a> + <a href=\"http:\/\/maths-olympiques.fr\/wp-content\/uploads\/2017\/09\/coupe_printemps_2015_elim_corrige.txt\">corrig\u00e9<\/a>. <a href=\"http:\/\/maths-olympiques.fr\/wp-content\/uploads\/2017\/09\/coupe_printemps_2015.pdf\">\u00c9nonc\u00e9<\/a>. <a href=\"http:\/\/maths-olympiques.fr\/wp-content\/uploads\/2017\/09\/coupe_printemps_2015_corrige.pdf\">Corrig\u00e9<\/a>.<\/li>\n<li><strong>2014<\/strong>&nbsp;: <a href=\"http:\/\/maths-olympiques.fr\/wp-content\/uploads\/2017\/09\/coupe_printemps_2014.pdf\">\u00c9nonc\u00e9<\/a>. <a href=\"http:\/\/maths-olympiques.fr\/wp-content\/uploads\/2017\/09\/coupe_printemps_2014_corrige.pdf\">Corrig\u00e9<\/a>.<\/li>\n<li><strong>2013<\/strong>&nbsp;: \u00c9nonc\u00e9s pour <a href=\"http:\/\/maths-olympiques.fr\/wp-content\/uploads\/2017\/09\/coupe_printemps_2013_3.pdf\">coll\u00e9giens<\/a>, <a href=\"http:\/\/maths-olympiques.fr\/wp-content\/uploads\/2017\/09\/coupe_printemps_2013_2.pdf\">secondes<\/a> et&nbsp;<a href=\"http:\/\/maths-olympiques.fr\/wp-content\/uploads\/2017\/09\/coupe_printemps_2013_1.pdf\">premi\u00e8res<\/a>. <a href=\"http:\/\/maths-olympiques.fr\/wp-content\/uploads\/2017\/09\/coupe_printemps_2013_corrige.pdf\">Corrig\u00e9<\/a>.<\/li>\n<li><strong>2012<\/strong>&nbsp;: \u00c9nonc\u00e9s pour <a href=\"http:\/\/maths-olympiques.fr\/wp-content\/uploads\/2017\/09\/coupe_printemps_2012_3.pdf\">coll\u00e9giens<\/a>, <a href=\"http:\/\/maths-olympiques.fr\/wp-content\/uploads\/2017\/09\/coupe_printemps_2012_2.pdf\">secondes<\/a> et <a href=\"http:\/\/maths-olympiques.fr\/wp-content\/uploads\/2017\/09\/coupe_printemps_2012_1.pdf\">premi\u00e8res<\/a>. <a href=\"http:\/\/maths-olympiques.fr\/wp-content\/uploads\/2017\/09\/coupe_printemps_2012_corrige.pdf\">Corrig\u00e9<\/a>.<\/li>\n<li><strong>2011<\/strong>&nbsp;: \u00c9nonc\u00e9s pour <a href=\"http:\/\/maths-olympiques.fr\/wp-content\/uploads\/2017\/09\/coupe_printemps_2011_3.pdf\">coll\u00e9giens<\/a>, <a href=\"http:\/\/maths-olympiques.fr\/wp-content\/uploads\/2017\/09\/coupe_printemps_2011_2.pdf\">secondes<\/a> et <a href=\"http:\/\/maths-olympiques.fr\/wp-content\/uploads\/2017\/09\/coupe_printemps_2011_1.pdf\">premi\u00e8res<\/a>. <a href=\"http:\/\/maths-olympiques.fr\/wp-content\/uploads\/2017\/09\/coupe_printemps_2011_corrige.pdf\">Corrig\u00e9<\/a>.<\/li>\n<li><strong>2010<\/strong>&nbsp;: \u00c9nonc\u00e9s pour&nbsp;<a href=\"http:\/\/maths-olympiques.fr\/wp-content\/uploads\/2017\/09\/coupe_printemps_2010_3.pdf\">coll\u00e9giens<\/a>, <a href=\"http:\/\/maths-olympiques.fr\/wp-content\/uploads\/2017\/09\/coupe_printemps_2010_2.pdf\">secondes<\/a> et <a href=\"http:\/\/maths-olympiques.fr\/wp-content\/uploads\/2017\/09\/coupe_printemps_2010_1.pdf\">premi\u00e8res<\/a>. <a href=\"http:\/\/maths-olympiques.fr\/wp-content\/uploads\/2017\/09\/coupe_printemps_2010_corrige.pdf\">Corrig\u00e9<\/a>.<\/li>\n<li><strong>2009<\/strong>&nbsp;: \u00c9nonc\u00e9s pour <a href=\"http:\/\/maths-olympiques.fr\/wp-content\/uploads\/2017\/09\/coupe_printemps_2009_3.pdf\">coll\u00e9giens<\/a> et <a href=\"http:\/\/maths-olympiques.fr\/wp-content\/uploads\/2017\/09\/coupe_printemps_2009_1.pdf\">lyc\u00e9ens<\/a>. <a href=\"http:\/\/maths-olympiques.fr\/wp-content\/uploads\/2017\/09\/coupe_printemps_2009_corrige.pdf\">Corrig\u00e9<\/a>.<\/li>\n<\/ul>\n<\/div>\n","protected":false},"excerpt":{"rendered":"<p>La coupe Animath a lieu deux fois chaque ann\u00e9e. En Octobre, la coupe Animath d&#8217;Automne s\u00e9lectionne les \u00e9l\u00e8ves qui participeront \u00e0 la POFM. En Mai ou Juin, la coupe Animath de Printemps s\u00e9lectionne les \u00e9l\u00e8ves qui participeront au stage d&#8217;\u00e9t\u00e9. Depuis quelques ann\u00e9es, le format de ces coupes est le suivant : dans un premier &hellip; <\/p>\n<p class=\"link-more\"><a href=\"https:\/\/maths-olympiques.fr\/?page_id=69\" class=\"more-link\">Continuer la lecture<span class=\"screen-reader-text\"> de &laquo;&nbsp;Coupes Animath pass\u00e9es&nbsp;&raquo;<\/span><\/a><\/p>\n","protected":false},"author":3,"featured_media":0,"parent":41,"menu_order":0,"comment_status":"closed","ping_status":"closed","template":"","meta":{"footnotes":""},"class_list":["post-69","page","type-page","status-publish","hentry"],"_links":{"self":[{"href":"https:\/\/maths-olympiques.fr\/index.php?rest_route=\/wp\/v2\/pages\/69","targetHints":{"allow":["GET"]}}],"collection":[{"href":"https:\/\/maths-olympiques.fr\/index.php?rest_route=\/wp\/v2\/pages"}],"about":[{"href":"https:\/\/maths-olympiques.fr\/index.php?rest_route=\/wp\/v2\/types\/page"}],"author":[{"embeddable":true,"href":"https:\/\/maths-olympiques.fr\/index.php?rest_route=\/wp\/v2\/users\/3"}],"replies":[{"embeddable":true,"href":"https:\/\/maths-olympiques.fr\/index.php?rest_route=%2Fwp%2Fv2%2Fcomments&post=69"}],"version-history":[{"count":39,"href":"https:\/\/maths-olympiques.fr\/index.php?rest_route=\/wp\/v2\/pages\/69\/revisions"}],"predecessor-version":[{"id":17718,"href":"https:\/\/maths-olympiques.fr\/index.php?rest_route=\/wp\/v2\/pages\/69\/revisions\/17718"}],"up":[{"embeddable":true,"href":"https:\/\/maths-olympiques.fr\/index.php?rest_route=\/wp\/v2\/pages\/41"}],"wp:attachment":[{"href":"https:\/\/maths-olympiques.fr\/index.php?rest_route=%2Fwp%2Fv2%2Fmedia&parent=69"}],"curies":[{"name":"wp","href":"https:\/\/api.w.org\/{rel}","templated":true}]}}