{"id":67,"date":"2017-09-09T00:18:42","date_gmt":"2017-09-08T22:18:42","guid":{"rendered":"http:\/\/ofm.toonywood.org\/?page_id=67"},"modified":"2022-09-07T15:52:46","modified_gmt":"2022-09-07T13:52:46","slug":"references-utiles","status":"publish","type":"page","link":"https:\/\/maths-olympiques.fr\/?page_id=67","title":{"rendered":"R\u00e9f\u00e9rences utiles"},"content":{"rendered":"<p>Cette page contient une liste de liens et d&#8217;ouvrages qui peuvent vous \u00eatre utiles pour vous entra\u00eener, en plus des ressources de la pr\u00e9paration olympique. Pour les d\u00e9butants, nous recommandons en particulier le livre d&#8217;Arthur Engel, ainsi que la plate-forme <a href=\"http:\/\/www.mathraining.be\/\">Mathraining<\/a>.<br \/>\nY figurent aussi des liens vers des clubs math\u00e9matiques et d&#8217;autres comp\u00e9titions.<\/p>\n<h2>Liens utiles<\/h2>\n<ul>\n<li><a href=\"https:\/\/artofproblemsolving.com\/community\">Art of problem solving<\/a> est utilis\u00e9 par des candidats du monde entier aux comp\u00e9titions olympiques. Il contient en particulier la plus grande <a href=\"https:\/\/artofproblemsolving.com\/community\/c13_contests\">base de donn\u00e9es<\/a> d&#8217;exercices d&#8217;olympiades disponible (en anglais).<\/li>\n<li><a href=\"http:\/\/www.mathraining.be\/\">Mathraining<\/a> est un site interactif d&#8217;entra\u00eenement d\u00e9velopp\u00e9 par nos amis belges (en fran\u00e7ais).<\/li>\n<li>Le <a href=\"https:\/\/imosuisse.ch\/index.php\/fr\/mathematik\/skripte\">site de la pr\u00e9paration olympique suisse<\/a> contient de nombreux cours, surtout au niveau d\u00e9butant (principalement en fran\u00e7ais, quelques cours en allemand). En particulier, les cours sur les \u00e9quations fonctionnelles et les strat\u00e9gies de base (r\u00e9currence, tiroirs, invariants) sont plus d\u00e9taill\u00e9s pour les d\u00e9butants que ceux sur ce site.<\/li>\n<li>La page de <a href=\"http:\/\/yufeizhao.com\/olympiad\/\">Yufei Zhao<\/a> contient une vingtaine de petits cours de tous les niveaux (en anglais).<\/li>\n<li>La page d&#8217;<a href=\"http:\/\/web.evanchen.cc\/olympiad.html\">Evan Chen<\/a> \u00e9galement (en anglais).<\/li>\n<li>Le site d&#8217;<a href=\"https:\/\/pregatirematematicaolimpiadejuniori.wordpress.com\/articole-geometrie\/\">Andrei Eckstein<\/a> contient de nombreux petits cours de g\u00e9om\u00e9trie (en roumain).<\/li>\n<li>Le site des <a href=\"https:\/\/www.imo-official.org\/default.aspx\"> Olympiades Internationales de Math\u00e9matiques<\/a>, o\u00f9 l&#8217;on peut trouver les archives des sujets des IMO, ainsi que les r\u00e9sultats par ann\u00e9e et par pays.<\/li>\n<\/ul>\n<h2>Bibliographie<\/h2>\n<ul>\n<li><em>Problem Solving Strategies<\/em>, par Arthur Engel (en anglais). A \u00e9t\u00e9 traduit en fran\u00e7ais sous le titre de <em>Solutions d&#8217;expert<\/em>, en 2 tomes. Nombreux exercices accessibles aux d\u00e9butants !<\/li>\n<li><em>Les olympiades de math\u00e9matiques : r\u00e9flexes et strat\u00e9gies<\/em>, par Tarek Belhaj Soulami (en fran\u00e7ais). Exercices plus difficiles que dans le livre pr\u00e9c\u00e9dent.<\/li>\n<li><em>Olympiades internationales de math\u00e9matiques, 1976-2005<\/em>, par Paul Bourgade, annales corrig\u00e9es des IMO (en fran\u00e7ais).<\/li>\n<li><em>La g\u00e9om\u00e9trie du triangle<\/em>, par Yvonne et Ren\u00e9 Sortais, pour am\u00e9liorer sa culture en g\u00e9om\u00e9trie du triangle (en fran\u00e7ais).<\/li>\n<li><em>Euclidean Geometry in Mathematical Olympiads<\/em>, par Evan Chen (en anglais). Des extraits gratuits sont disponibles <a href=\"http:\/\/web.evanchen.cc\/geombook.html\">ici<\/a>.<\/li>\n<\/ul>\n<h2>Autres comp\u00e9titions<\/h2>\n<p>L&#8217;occasion de s&#8217;amuser avec d&#8217;autres types de comp\u00e9titions math\u00e9matiques &#8211; leur format et leur esprit peuvent \u00eatre assez diff\u00e9rent de celles auxquelles nous pr\u00e9parons.<\/p>\n<ul>\n<li>Le site Euler de l&#8217;acad\u00e9mie de Versailles rassemble des <a href=\"https:\/\/euler.ac-versailles.fr\/rubrique8.html\">annales<\/a> de diff\u00e9rentes comp\u00e9titions scolaires (Concours g\u00e9n\u00e9ral, OA de 4e et 1ere, etc.), ainsi que les supports des <a href=\"https:\/\/euler.ac-versailles.fr\/rubrique12.html\">stages<\/a> organis\u00e9s par l&#8217;acad\u00e9mie.<\/li>\n<li>Le <a href=\"http:\/\/www.mathkang.org\/default.html\">Kangourou des Math\u00e9matiques<\/a>.<\/li>\n<li>Le <a href=\"https:\/\/www.ffjm.org\/index.php?option=com_frontpage&amp;Itemid=1\">championnat des jeux math\u00e9matiques et logiques<\/a> (quantit\u00e9 d&#8217;annales sur le <a href=\"http:\/\/homepage.hispeed.ch\/FSJM\/\">site suisse<\/a>).<\/li>\n<\/ul>\n<h2>Clubs<\/h2>\n<p>Peut-\u00eatre l&#8217;un de ceux-ci est proche de chez vous !<\/p>\n<ul>\n<li>Le <a href=\"http:\/\/math.univ-lyon1.fr\/~lass\/club.html\">club de math\u00e9matiques discr\u00e8tes<\/a>, \u00e0 Lyon.<\/li>\n<li>Le <a href=\"http:\/\/club.i2m.univ-amu.fr\/accueil\/\">club math\u00e9matique de Marseille<\/a>.<\/li>\n<li>Le <a href=\"http:\/\/depmath-nancy.univ-lorraine.fr\/club\/\">club math\u00e9matique de Nancy<\/a>.<\/li>\n<li>Le\u00a0<a href=\"http:\/\/www2.animath.fr\/spip.php?article2706\">cercle Sofia Kovalevska\u00efa<\/a>, \u00e0 Toulouse.<\/li>\n<li>Le <a href=\"https:\/\/www.parimaths.fr\/\">club Parimaths<\/a>, \u00e0 Paris.<\/li>\n<\/ul>\n<p>&nbsp;<\/p>\n","protected":false},"excerpt":{"rendered":"<p>Cette page contient une liste de liens et d&#8217;ouvrages qui peuvent vous \u00eatre utiles pour vous entra\u00eener, en plus des ressources de la pr\u00e9paration olympique. Pour les d\u00e9butants, nous recommandons en particulier le livre d&#8217;Arthur Engel, ainsi que la plate-forme Mathraining. Y figurent aussi des liens vers des clubs math\u00e9matiques et d&#8217;autres comp\u00e9titions. Liens utiles &hellip; <\/p>\n<p class=\"link-more\"><a href=\"https:\/\/maths-olympiques.fr\/?page_id=67\" class=\"more-link\">Continuer la lecture<span class=\"screen-reader-text\"> de &laquo;&nbsp;R\u00e9f\u00e9rences utiles&nbsp;&raquo;<\/span><\/a><\/p>\n","protected":false},"author":3,"featured_media":0,"parent":22,"menu_order":0,"comment_status":"closed","ping_status":"closed","template":"","meta":{"footnotes":""},"class_list":["post-67","page","type-page","status-publish","hentry"],"_links":{"self":[{"href":"https:\/\/maths-olympiques.fr\/index.php?rest_route=\/wp\/v2\/pages\/67","targetHints":{"allow":["GET"]}}],"collection":[{"href":"https:\/\/maths-olympiques.fr\/index.php?rest_route=\/wp\/v2\/pages"}],"about":[{"href":"https:\/\/maths-olympiques.fr\/index.php?rest_route=\/wp\/v2\/types\/page"}],"author":[{"embeddable":true,"href":"https:\/\/maths-olympiques.fr\/index.php?rest_route=\/wp\/v2\/users\/3"}],"replies":[{"embeddable":true,"href":"https:\/\/maths-olympiques.fr\/index.php?rest_route=%2Fwp%2Fv2%2Fcomments&post=67"}],"version-history":[{"count":18,"href":"https:\/\/maths-olympiques.fr\/index.php?rest_route=\/wp\/v2\/pages\/67\/revisions"}],"predecessor-version":[{"id":10197,"href":"https:\/\/maths-olympiques.fr\/index.php?rest_route=\/wp\/v2\/pages\/67\/revisions\/10197"}],"up":[{"embeddable":true,"href":"https:\/\/maths-olympiques.fr\/index.php?rest_route=\/wp\/v2\/pages\/22"}],"wp:attachment":[{"href":"https:\/\/maths-olympiques.fr\/index.php?rest_route=%2Fwp%2Fv2%2Fmedia&parent=67"}],"curies":[{"name":"wp","href":"https:\/\/api.w.org\/{rel}","templated":true}]}}