{"id":65,"date":"2017-09-09T00:17:38","date_gmt":"2017-09-08T22:17:38","guid":{"rendered":"http:\/\/ofm.toonywood.org\/?page_id=65"},"modified":"2020-07-16T19:13:13","modified_gmt":"2020-07-16T17:13:13","slug":"20172018-2","status":"publish","type":"page","link":"https:\/\/maths-olympiques.fr\/?page_id=65","title":{"rendered":"La POFM 2017-2018"},"content":{"rendered":"<h2>Calendrier de la POFM pour l&#8217;ann\u00e9e scolaire 2017-2018<\/h2>\n<h4>Les envois.<\/h4>\n<ul>\n<li>Envoi 1 : arithm\u00e9tique, \u00e0 renvoyer pour le 14 Novembre. <a href=\"http:\/\/maths-olympiques.fr\/wp-content\/uploads\/2017\/10\/pofm-2017-2018-envoi1.pdf\">\u00c9nonc\u00e9.<\/a> <a href=\"http:\/\/maths-olympiques.fr\/wp-content\/uploads\/2017\/11\/pofm-2017-2018-envoi1-corrige.pdf\">Corrig\u00e9<\/a>. <a href=\"http:\/\/maths-olympiques.fr\/?p=706\">R\u00e9sultats<\/a>.<\/li>\n<li>Envoi 2 : g\u00e9om\u00e9trie, \u00e0 renvoyer pour le 14 D\u00e9cembre. <a href=\"http:\/\/maths-olympiques.fr\/wp-content\/uploads\/2017\/11\/pofm-2017-2018-envoi2.pdf\">\u00c9nonc\u00e9<\/a>. <a href=\"http:\/\/maths-olympiques.fr\/wp-content\/uploads\/2018\/01\/pofm-2017-2018-envoi2-corrige.pdf\">Corrig\u00e9<\/a>. <a href=\"http:\/\/maths-olympiques.fr\/?p=720\">R\u00e9sultats<\/a>.<\/li>\n<li>Envoi 3 : alg\u00e8bre, \u00e0 renvoyer pour le 14 Janvier. <a href=\"http:\/\/maths-olympiques.fr\/wp-content\/uploads\/2017\/12\/pofm-2017-2018-envoi3.pdf\">\u00c9nonc\u00e9<\/a>. <a href=\"http:\/\/maths-olympiques.fr\/wp-content\/uploads\/2018\/01\/pofm-2017-2018-envoi3-corrige.pdf\">Corrig\u00e9<\/a>. <a href=\"http:\/\/maths-olympiques.fr\/?p=828\">R\u00e9sultats<\/a>.<\/li>\n<li>Envoi 4 : combinatoire, \u00e0 renvoyer pour le 14 F\u00e9vrier. <a href=\"http:\/\/maths-olympiques.fr\/wp-content\/uploads\/2018\/01\/pofm-2017-2018-envoi4.pdf\">\u00c9nonc\u00e9<\/a>. <a href=\"http:\/\/maths-olympiques.fr\/wp-content\/uploads\/2018\/02\/pofm-2017-2018-envoi4-corrige.pdf\">Corrig\u00e9<\/a>. <a href=\"http:\/\/maths-olympiques.fr\/?p=858\">R\u00e9sultats<\/a>.<\/li>\n<li>Envoi 5 : pot-pourri, \u00e0 renvoyer pour le 14 Mars. <a href=\"http:\/\/maths-olympiques.fr\/wp-content\/uploads\/2018\/02\/pofm-2017-2018-envoi5.pdf\">\u00c9nonc\u00e9<\/a>.\u00a0<a href=\"https:\/\/maths-olympiques.fr\/wp-content\/uploads\/2018\/06\/pofm_2017-2018-envoi5-corrige.pdf\">Corrig\u00e9<\/a>. <a href=\"http:\/\/maths-olympiques.fr\/?p=970\">R\u00e9sultats<\/a>.<\/li>\n<\/ul>\n<h4>Les tests<\/h4>\n<p>Le groupe B est compos\u00e9 des \u00e9l\u00e8ves n\u00e9s en 2003 ou apr\u00e8s, et le groupe A de tous les autres.<\/p>\n<ul>\n<li>Test du 29 Novembre, pour les \u00e9l\u00e8ves du groupe A. <a href=\"http:\/\/maths-olympiques.fr\/wp-content\/uploads\/2017\/12\/pofm-2017-2018-test-novembre.pdf\">\u00c9nonc\u00e9<\/a>. <a href=\"http:\/\/maths-olympiques.fr\/wp-content\/uploads\/2017\/12\/pofm-2017-2018-test-novembre-corrige.pdf\">Corrig\u00e9<\/a>. <a href=\"http:\/\/maths-olympiques.fr\/?p=718\">R\u00e9sultats<\/a>.<\/li>\n<li>Test du 10 Janvier, pour les \u00e9l\u00e8ves des groupes A et B. <a href=\"http:\/\/maths-olympiques.fr\/wp-content\/uploads\/2018\/01\/pofm-2017-2018-test-janvier.pdf\">\u00c9nonc\u00e9<\/a>. <a href=\"http:\/\/maths-olympiques.fr\/wp-content\/uploads\/2018\/01\/pofm-2017-2018-test-janvier-corrige.pdf\">Corrig\u00e9<\/a>. <a href=\"http:\/\/maths-olympiques.fr\/?p=735\">R\u00e9sultats<\/a>.<\/li>\n<li>Test du 20 F\u00e9vrier, pour les \u00e9l\u00e8ves du groupe A. <a href=\"http:\/\/maths-olympiques.fr\/wp-content\/uploads\/2018\/02\/pofm-2017-2018-test-fevrier-senior.pdf\">\u00c9nonc\u00e9<\/a>. <a href=\"http:\/\/maths-olympiques.fr\/wp-content\/uploads\/2018\/02\/pofm-2017-2018-test-fevrier-senior-corrige.pdf\">Corrig\u00e9<\/a>. <a href=\"http:\/\/maths-olympiques.fr\/?p=810\">R\u00e9sultats<\/a>.<\/li>\n<li>Test du 23 F\u00e9vrier, pour les \u00e9l\u00e8ves du groupe B et les filles. <a href=\"http:\/\/maths-olympiques.fr\/wp-content\/uploads\/2018\/02\/pofm-2017-2018-test-fevrier-junior.pdf\">\u00c9nonc\u00e9<\/a>. <a href=\"http:\/\/maths-olympiques.fr\/wp-content\/uploads\/2018\/02\/pofm-2017-2018-test-fevrier-junior-corrige.pdf\">Corrig\u00e9<\/a>. <a href=\"http:\/\/maths-olympiques.fr\/?p=810\">R\u00e9sultats<\/a>.<\/li>\n<li>Test du 28 Mars, pour les \u00e9l\u00e8ves des groupes A et B. <a href=\"http:\/\/igm.univ-mlv.fr\/~juge\/pofm\/doc\/%c3%89nonc%c3%a9-03-2018.pdf\">\u00c9nonc\u00e9<\/a>. <a href=\"http:\/\/igm.univ-mlv.fr\/~juge\/pofm\/doc\/Corrig%c3%a9-03-2018.pdf\">Corrig\u00e9<\/a>. <a href=\"http:\/\/maths-olympiques.fr\/?p=908\">R\u00e9sultats<\/a>.<\/li>\n<li>Test du 16 Mai, pour les \u00e9l\u00e8ves des groupes A et B. <a href=\"http:\/\/igm.univ-mlv.fr\/~juge\/pofm\/doc\/%c3%89nonc%c3%a9-05-2018.pdf\">\u00c9nonc\u00e9<\/a>. <a href=\"http:\/\/igm.univ-mlv.fr\/~juge\/pofm\/doc\/Corrig%c3%a9-05-2018.pdf\">Corrig\u00e9<\/a>. <a href=\"http:\/\/maths-olympiques.fr\/?p=941\">R\u00e9sultats<\/a>.<\/li>\n<\/ul>\n<h4>Les stages<\/h4>\n<ul>\n<li>Stage junior \u00e0 Cachan, du 23 au 27 Octobre. <a href=\"http:\/\/maths-olympiques.fr\/?p=324\">Voir l&#8217;article.<\/a><\/li>\n<li>Stage olympique \u00e0 Cachan, du 19 au 24 F\u00e9vrier.<\/li>\n<li>Stage de pr\u00e9paration de l&#8217;IMO en Roumanie du 20 au 30 Mai. <a href=\"http:\/\/maths-olympiques.fr\/?p=843\">Voir l&#8217;article.<\/a><\/li>\n<\/ul>\n<h2>Comp\u00e9titions internationales<\/h2>\n<p>La POFM pr\u00e9pare cette ann\u00e9e aux comp\u00e9titions suivantes.<\/p>\n<h4>Le RMM (Romanian Masters of Mathematics)<\/h4>\n<p>Cette comp\u00e9tition a eu lieu du 21 au 26 F\u00e9vrier \u00e0 Bucarest, en Roumanie. L&#8217;\u00e9quipe de France est compos\u00e9e de Yvon Fredrich, Tristan Humbert, Arthur L\u00e9onard, Timoth\u00e9e Rocquet, \u00c9tienne Rossignol et Baptiste Serraille, et accompagn\u00e9e par Thomas Budzinski et Guillaume Conchon&#8211;Kerjan. L&#8217;\u00e9quipe obtient 4 mentions honorables. Voici son <a href=\"http:\/\/maths-olympiques.fr\/?p=755\"> journal de bord<\/a>.<\/p>\n<h4>L&#8217;EGMO (European Girls&#8217; Mathematical Olympiad)<\/h4>\n<p>Cette comp\u00e9tition a eu lieu du 9 au 15 Avril \u00e0 Florence,\u00a0 en Italie. L&#8217;\u00e9quipe de France \u00e9tait compos\u00e9e de L\u00e9onie Kittel, Laureline Legros, Anna Luchnikova et Olivine Silier, et accompagn\u00e9e par No\u00e9mie Cartier et Ippolyti Dellatollas. L&#8217;\u00e9quipe obtient 2 m\u00e9dailles d&#8217;argent et 2 m\u00e9dailles de bronze. Voici son <a href=\"http:\/\/maths-olympiques.fr\/?p=855\">journal de bord<\/a>, ainsi que le <a href=\"http:\/\/maths-olympiques.fr\/wp-content\/uploads\/2018\/04\/compte_rendu_egmo_2018_eleves.pdf\">compte-rendu r\u00e9dig\u00e9 par les \u00e9l\u00e8ves<\/a>.<\/p>\n<h4>La BxMO (Benelux Mathematical Olympiad)<\/h4>\n<p>Cette comp\u00e9tition a lieu du 27 au 29 Avril au Luxembourg. L&#8217;\u00e9quipe de France \u00e9tait compos\u00e9e d&#8217;\u00c9mile Averous, Matthieu Bouyer, Pierre-Alexandre Bazin, Paul Cahen, Pierre-Marie Esmenjaud, Th\u00e9odore Fougereux, Julien Jampsin, Anna Luchnikova, Xavier Pig\u00e9 et Jean Zablocki. Elle \u00e9tait accompagn\u00e9e par Thomas Budzinski, Colin Davalo et Myriam Qrichi Aniba. L&#8217;\u00e9quipe obtient 2 m\u00e9dailles d&#8217;or, 4 m\u00e9dailles d&#8217;argent et 4 m\u00e9dailles de bronze. Voici son <a href=\"http:\/\/maths-olympiques.fr\/?p=883\">journal de bord<\/a>.<\/p>\n<h4>La JBMO (Junior Balkan Mathematical Olympiad)<\/h4>\n<p>Elle a eu lieu du 19 au 24 Juin \u00e0 Rhodes, en Gr\u00e8ce, et \u00e9tait destin\u00e9e aux \u00e9l\u00e8ves du groupe B. L&#8217;\u00e9quipe \u00e9tait compos\u00e9e de Stefan Barbu, Elias Caeiro, Justin Cahuzac, Aur\u00e9lien Fourr\u00e9, Vladimir Ivanov et Rom\u00e9o Nazaret, et accompagn\u00e9e par Eva Philippe et Vincent Bouis. L&#8217;\u00e9quipe de France obtient 4 m\u00e9dailles d&#8217;argent et 2 m\u00e9dailles de bronze. Voici son <a href=\"http:\/\/maths-olympiques.fr\/?p=993\">journal de bord<\/a>.<\/p>\n<h4>L&#8217;IMO (International Mathematical Olympiad)<\/h4>\n<p>Elle a eu lieu du 3 au 14 Juillet \u00e0 Cluj, Roumanie. L&#8217;\u00e9quipe \u00e9tait compos\u00e9e de Pierre-Alexandre Bazin, Paul Cahen, Arthur L\u00e9onard, Timoth\u00e9e Rocquet, \u00c9tienne Rossignol et Baptiste Serraille. Elle \u00e9tait accompagn\u00e9e par Jean-Louis Tu et C\u00e9cile Gachet. L&#8217;\u00e9quipe de France obtient une m\u00e9daille d&#8217;or (la premi\u00e8re depuis 2007 !), une m\u00e9daille d&#8217;argent et quatre m\u00e9dailles de bronze. Voici son <a href=\"http:\/\/maths-olympiques.fr\/?p=1088\">journal de bord<\/a>.<\/p>\n<h4>Le MYMC (Mediterranean Youth Mathematical Championship)<\/h4>\n<p>Il a eu lieu du 18 au 21 Juillet \u00e0 Rome, Italie. L&#8217;\u00e9quipe \u00e9tait compos\u00e9e d\u2019\u00c9lodie Bernard, Tristan Humbert, L\u00e9onie Kittel et Jean Zablocki. Elle \u00e9tait accompagn\u00e9e par C\u00e9cile Gachet. L&#8217;\u00e9quipe de France obtient la deuxi\u00e8me place, juste derri\u00e8re l&#8217;Italie. Voici son <a href=\"http:\/\/maths-olympiques.fr\/?p=1088\">journal de bord<\/a>.<\/p>\n","protected":false},"excerpt":{"rendered":"<p>Calendrier de la POFM pour l&#8217;ann\u00e9e scolaire 2017-2018 Les envois. Envoi 1 : arithm\u00e9tique, \u00e0 renvoyer pour le 14 Novembre. \u00c9nonc\u00e9. Corrig\u00e9. R\u00e9sultats. Envoi 2 : g\u00e9om\u00e9trie, \u00e0 renvoyer pour le 14 D\u00e9cembre. \u00c9nonc\u00e9. Corrig\u00e9. R\u00e9sultats. Envoi 3 : alg\u00e8bre, \u00e0 renvoyer pour le 14 Janvier. \u00c9nonc\u00e9. Corrig\u00e9. R\u00e9sultats. Envoi 4 : combinatoire, \u00e0 renvoyer &hellip; <\/p>\n<p class=\"link-more\"><a href=\"https:\/\/maths-olympiques.fr\/?page_id=65\" class=\"more-link\">Continuer la lecture<span class=\"screen-reader-text\"> de &laquo;&nbsp;La POFM 2017-2018&nbsp;&raquo;<\/span><\/a><\/p>\n","protected":false},"author":3,"featured_media":0,"parent":0,"menu_order":0,"comment_status":"closed","ping_status":"closed","template":"","meta":{"footnotes":""},"class_list":["post-65","page","type-page","status-publish","hentry"],"_links":{"self":[{"href":"https:\/\/maths-olympiques.fr\/index.php?rest_route=\/wp\/v2\/pages\/65","targetHints":{"allow":["GET"]}}],"collection":[{"href":"https:\/\/maths-olympiques.fr\/index.php?rest_route=\/wp\/v2\/pages"}],"about":[{"href":"https:\/\/maths-olympiques.fr\/index.php?rest_route=\/wp\/v2\/types\/page"}],"author":[{"embeddable":true,"href":"https:\/\/maths-olympiques.fr\/index.php?rest_route=\/wp\/v2\/users\/3"}],"replies":[{"embeddable":true,"href":"https:\/\/maths-olympiques.fr\/index.php?rest_route=%2Fwp%2Fv2%2Fcomments&post=65"}],"version-history":[{"count":48,"href":"https:\/\/maths-olympiques.fr\/index.php?rest_route=\/wp\/v2\/pages\/65\/revisions"}],"predecessor-version":[{"id":4866,"href":"https:\/\/maths-olympiques.fr\/index.php?rest_route=\/wp\/v2\/pages\/65\/revisions\/4866"}],"wp:attachment":[{"href":"https:\/\/maths-olympiques.fr\/index.php?rest_route=%2Fwp%2Fv2%2Fmedia&parent=65"}],"curies":[{"name":"wp","href":"https:\/\/api.w.org\/{rel}","templated":true}]}}