{"id":61,"date":"2017-09-09T00:16:38","date_gmt":"2017-09-08T22:16:38","guid":{"rendered":"http:\/\/ofm.toonywood.org\/?page_id=61"},"modified":"2022-09-07T15:53:22","modified_gmt":"2022-09-07T13:53:22","slug":"progresser-avec-la-pofm","status":"publish","type":"page","link":"https:\/\/maths-olympiques.fr\/?page_id=61","title":{"rendered":"Progresser avec la POFM"},"content":{"rendered":"<div class=\"entry-content\">\n<p>Tu es en train de suivre la Pr\u00e9paration Olympique Fran\u00e7aise de Math\u00e9matiques, ou bien tu veux juste progresser en math\u00e9matiques sur les sujets olympiques, mais tu ne sais pas par o\u00f9 commencer ? Cette page contient <strong>quelques conseils<\/strong>, et des liens vers des <strong>clubs de maths<\/strong>.<\/p>\n<h1>Quelques conseils<\/h1>\n<p>Afin de progresser, il est important\u00a0 d&#8217;avoir les connaissances de base. Nous recommandons donc de commencer par nos <strong><a href=\"http:\/\/maths-olympiques.fr\/?page_id=11\">polycopi\u00e9s de cours de base<\/a> <\/strong>. Nous conseillons aussi de ne pas regarder tout de suite les solutions des exercices : il est important d&#8217;apprendre \u00e0 &#8220;bloquer&#8221; sur un probl\u00e8me ! Certains des <a href=\"http:\/\/maths-olympiques.fr\/?page_id=67\">sites et ouvrages<\/a> que nous conseillons sont aussi accessibles aux d\u00e9butants. Les envois te donneront aussi l&#8217;occasion de &#8220;s\u00e9cher&#8221; sur des probl\u00e8mes difficiles. Enfin, tu peux \u00e9galement progresser en participant \u00e0 des clubs de maths, ou \u00e0 des stages.<\/p>\n<\/div>\n<div class=\"entry-content\">\n<h1>Clubs de Maths<\/h1>\n<p>Plusieurs clubs de math\u00e9matiques sont organis\u00e9s en France, c&#8217;est une excellente occasion de progresser, mais aussi de rencontrer d&#8217;autres jeunes de ton \u00e2ge int\u00e9ress\u00e9s par les maths ! Voici des liens vers leurs sites :<\/p>\n<div class=\"sites-embed-content sites-embed-content-sidebar-textbox\">\n<ul>\n<li dir=\"ltr\"><a href=\"https:\/\/www.parimaths.fr\/\">Club Parimaths \u00e0 Paris<\/a>,<\/li>\n<li dir=\"ltr\"><a href=\"http:\/\/math.univ-lyon1.fr\/~lass\/club.html\">Club de math\u00e9matiques discr\u00e8tes de Lyon<\/a> ,<\/li>\n<li dir=\"ltr\"><a href=\"http:\/\/depmath-nancy.univ-lorraine.fr\/club\/\">Club math\u00e9matique de Nancy<\/a>,<\/li>\n<li dir=\"ltr\"><a href=\"http:\/\/www-math.u-strasbg.fr\/CercleMath\/\">Cercle math\u00e9matique de Strasbourg<\/a>,<\/li>\n<li dir=\"ltr\"><a href=\"http:\/\/www.animath.fr\/spip.php?article2706\">Cercle Sofia Kovalevska\u00efa \u00e0 Toulouse<\/a>.<\/li>\n<\/ul>\n<\/div>\n<\/div>\n<div class=\"entry-content\"><\/div>\n","protected":false},"excerpt":{"rendered":"<p>Tu es en train de suivre la Pr\u00e9paration Olympique Fran\u00e7aise de Math\u00e9matiques, ou bien tu veux juste progresser en math\u00e9matiques sur les sujets olympiques, mais tu ne sais pas par o\u00f9 commencer ? Cette page contient quelques conseils, et des liens vers des clubs de maths. Quelques conseils Afin de progresser, il est important\u00a0 d&#8217;avoir &hellip; <\/p>\n<p class=\"link-more\"><a href=\"https:\/\/maths-olympiques.fr\/?page_id=61\" class=\"more-link\">Continuer la lecture<span class=\"screen-reader-text\"> de &laquo;&nbsp;Progresser avec la POFM&nbsp;&raquo;<\/span><\/a><\/p>\n","protected":false},"author":3,"featured_media":0,"parent":57,"menu_order":0,"comment_status":"closed","ping_status":"closed","template":"","meta":{"footnotes":""},"class_list":["post-61","page","type-page","status-publish","hentry"],"_links":{"self":[{"href":"https:\/\/maths-olympiques.fr\/index.php?rest_route=\/wp\/v2\/pages\/61","targetHints":{"allow":["GET"]}}],"collection":[{"href":"https:\/\/maths-olympiques.fr\/index.php?rest_route=\/wp\/v2\/pages"}],"about":[{"href":"https:\/\/maths-olympiques.fr\/index.php?rest_route=\/wp\/v2\/types\/page"}],"author":[{"embeddable":true,"href":"https:\/\/maths-olympiques.fr\/index.php?rest_route=\/wp\/v2\/users\/3"}],"replies":[{"embeddable":true,"href":"https:\/\/maths-olympiques.fr\/index.php?rest_route=%2Fwp%2Fv2%2Fcomments&post=61"}],"version-history":[{"count":7,"href":"https:\/\/maths-olympiques.fr\/index.php?rest_route=\/wp\/v2\/pages\/61\/revisions"}],"predecessor-version":[{"id":10198,"href":"https:\/\/maths-olympiques.fr\/index.php?rest_route=\/wp\/v2\/pages\/61\/revisions\/10198"}],"up":[{"embeddable":true,"href":"https:\/\/maths-olympiques.fr\/index.php?rest_route=\/wp\/v2\/pages\/57"}],"wp:attachment":[{"href":"https:\/\/maths-olympiques.fr\/index.php?rest_route=%2Fwp%2Fv2%2Fmedia&parent=61"}],"curies":[{"name":"wp","href":"https:\/\/api.w.org\/{rel}","templated":true}]}}