{"id":59,"date":"2017-09-09T00:15:49","date_gmt":"2017-09-08T22:15:49","guid":{"rendered":"http:\/\/ofm.toonywood.org\/?page_id=59"},"modified":"2025-10-25T17:50:25","modified_gmt":"2025-10-25T15:50:25","slug":"rejoindre-la-pofm","status":"publish","type":"page","link":"https:\/\/maths-olympiques.fr\/?page_id=59","title":{"rendered":"Rejoindre la POFM"},"content":{"rendered":"<h2>Coupe Animath d&#8217;Automne<\/h2>\n<p>La <a href=\"http:\/\/maths-olympiques.fr\/\">Pr\u00e9paration Olympique Fran\u00e7aise de Math\u00e9matiques<\/a> est propos\u00e9e chaque ann\u00e9e \u00e0 une centaine d&#8217;\u00e9l\u00e8ves de coll\u00e8ge et lyc\u00e9e pour les pr\u00e9parer \u00e0 plusieurs comp\u00e9titions internationales. Pour la rejoindre, il faut participer \u00e0 la <strong>Coupe Animath d&#8217;Automne<\/strong>, qui a lieu chaque ann\u00e9e, en g\u00e9n\u00e9ral d\u00e9but Octobre. <\/p>\n<p>Cette \u00e9preuve est ouverte \u00e0 tous les coll\u00e9giens et lyc\u00e9ens \u00e0 partir de la Quatri\u00e8me. Elle consiste tout d&#8217;abord en un <strong>premier tour<\/strong> en ligne. Les participants doivent se rendre sur le site de la POFM, sur l&#8217;article correspondant, et r\u00e9pondre \u00e0 un questionnaire en ligne depuis chez eux. Ils ont plusieurs jours pour trouver les solutions et les envoyer.<\/p>\n<p>Une fois le premier tour pass\u00e9, les candidats sont invit\u00e9s \u00e0 s&#8217;inscrire pour <strong>un second tour en temps limit\u00e9,<\/strong> qu&#8217;ils passent tous dans leur coll\u00e8ge ou lyc\u00e9e \u00e0 la m\u00eame date. Ce tour dure 3 heures pour les coll\u00e9giens et 4h pour les lyc\u00e9ens, et est constitu\u00e9 de 7 probl\u00e8mes pour les juniors, 8 pour les seniors. Les probl\u00e8mes sont de difficult\u00e9s croissantes. Il n&#8217;est pas n\u00e9cessaire de traiter tous les probl\u00e8mes, et il est pr\u00e9f\u00e9rable d&#8217;en traiter un petit nombre enti\u00e8rement.<\/p>\n<p>Les annales des deux tours sont disponibles <a href=\"http:\/\/maths-olympiques.fr\/?page_id=69\">ici<\/a> (voir Coupe Animath d&#8217;Automne).<\/p>\n<p>Suite \u00e0 cette \u00e9preuve en temps limit\u00e9, le jury fixe les barres d&#8217;admissions, qui sont diff\u00e9rentes pour chaque classe, afin que toutes les classes de la Quatri\u00e8me \u00e0 la Terminale soient repr\u00e9sent\u00e9es.<\/p>\n<p>Les candidats s\u00e9lectionn\u00e9s sont contact\u00e9s par mail, et recevront les informations pratiques pour les envois et les tests de la POFM.<\/p>\n<h2>Les stages olympiques d&#8217;\u00e9t\u00e9 et de Toussaint<\/h2>\n<p>Animath organise tous les ans un stage olympique d&#8217;une dizaine de jours \u00e0 la fin du mois d&#8217;Ao\u00fbt. La s\u00e9lection pour ce stage est ind\u00e9pendante de la participation \u00e0 la POFM, et se fait par la <strong>Coupe Animath de Printemps<\/strong>, qui a lieu en g\u00e9n\u00e9ral d\u00e9but Juin. Son format est le m\u00eame que la coupe Animath d&#8217;Automne, et elle est ouverte aux \u00e9l\u00e8ves jusqu&#8217;en fin de Premi\u00e8re. Les annales sont aussi disponibles <a href=\"http:\/\/maths-olympiques.fr\/?page_id=69\">ici<\/a>.<\/p>\n<p>Nous organisons \u00e9galement pendant les vacances de la Toussaint un stage d&#8217;une semaine r\u00e9serv\u00e9 aux \u00e9l\u00e8ves les plus jeunes (de la Quatri\u00e8me \u00e0 la Seconde). La s\u00e9lection pour ce stage se fait sur dossier. La participation \u00e0 la coupe Animath d&#8217;automne est ind\u00e9pendante, mais recommand\u00e9e.<\/p>\n<p>Enfin, si tu n&#8217;as pas \u00e9t\u00e9 retenu \u00e0 la coupe Animath d&#8217;automne ou si tu d\u00e9couvres notre existence en cours d&#8217;ann\u00e9e, de nombreuses <a href=\"http:\/\/maths-olympiques.fr\/?page_id=22\">ressources<\/a> (dont les envois et tests de <a href=\"https:\/\/maths-olympiques.fr\/?page_id=17692\">l&#8217;ann\u00e9e en cours<\/a>) sont disponibles sur ce site, et te permettront de t&#8217;entra\u00eener en vue des ann\u00e9es suivantes !<\/p>\n","protected":false},"excerpt":{"rendered":"<p>Coupe Animath d&#8217;Automne La Pr\u00e9paration Olympique Fran\u00e7aise de Math\u00e9matiques est propos\u00e9e chaque ann\u00e9e \u00e0 une centaine d&#8217;\u00e9l\u00e8ves de coll\u00e8ge et lyc\u00e9e pour les pr\u00e9parer \u00e0 plusieurs comp\u00e9titions internationales. Pour la rejoindre, il faut participer \u00e0 la Coupe Animath d&#8217;Automne, qui a lieu chaque ann\u00e9e, en g\u00e9n\u00e9ral d\u00e9but Octobre. Cette \u00e9preuve est ouverte \u00e0 tous les &hellip; <\/p>\n<p class=\"link-more\"><a href=\"https:\/\/maths-olympiques.fr\/?page_id=59\" class=\"more-link\">Continuer la lecture<span class=\"screen-reader-text\"> de &laquo;&nbsp;Rejoindre la POFM&nbsp;&raquo;<\/span><\/a><\/p>\n","protected":false},"author":3,"featured_media":0,"parent":57,"menu_order":0,"comment_status":"closed","ping_status":"closed","template":"","meta":{"footnotes":""},"class_list":["post-59","page","type-page","status-publish","hentry"],"_links":{"self":[{"href":"https:\/\/maths-olympiques.fr\/index.php?rest_route=\/wp\/v2\/pages\/59","targetHints":{"allow":["GET"]}}],"collection":[{"href":"https:\/\/maths-olympiques.fr\/index.php?rest_route=\/wp\/v2\/pages"}],"about":[{"href":"https:\/\/maths-olympiques.fr\/index.php?rest_route=\/wp\/v2\/types\/page"}],"author":[{"embeddable":true,"href":"https:\/\/maths-olympiques.fr\/index.php?rest_route=\/wp\/v2\/users\/3"}],"replies":[{"embeddable":true,"href":"https:\/\/maths-olympiques.fr\/index.php?rest_route=%2Fwp%2Fv2%2Fcomments&post=59"}],"version-history":[{"count":15,"href":"https:\/\/maths-olympiques.fr\/index.php?rest_route=\/wp\/v2\/pages\/59\/revisions"}],"predecessor-version":[{"id":17715,"href":"https:\/\/maths-olympiques.fr\/index.php?rest_route=\/wp\/v2\/pages\/59\/revisions\/17715"}],"up":[{"embeddable":true,"href":"https:\/\/maths-olympiques.fr\/index.php?rest_route=\/wp\/v2\/pages\/57"}],"wp:attachment":[{"href":"https:\/\/maths-olympiques.fr\/index.php?rest_route=%2Fwp%2Fv2%2Fmedia&parent=59"}],"curies":[{"name":"wp","href":"https:\/\/api.w.org\/{rel}","templated":true}]}}