{"id":5594,"date":"2020-09-14T22:48:06","date_gmt":"2020-09-14T20:48:06","guid":{"rendered":"https:\/\/maths-olympiques.fr\/?page_id=5594"},"modified":"2022-08-31T09:54:52","modified_gmt":"2022-08-31T07:54:52","slug":"la-pofm-2020-2021","status":"publish","type":"page","link":"https:\/\/maths-olympiques.fr\/?page_id=5594","title":{"rendered":"La POFM 2020-2021"},"content":{"rendered":"<h2>Calendrier de la POFM pour l&#8217;ann\u00e9e scolaire 2020-2021<\/h2>\n<h4>Coupe Animath d&#8217;automne<\/h4>\n<ul>\n<li>Le premier tour de la\u00a0\u00a0<a href=\"https:\/\/maths-olympiques.fr\/?p=5612\">Coupe Animath d&#8217;automne<\/a> a eu lieu entre le 16 et 30 septembre 2020.<\/li>\n<li>Le deuxi\u00e8me tour de la Coupe s&#8217;est d\u00e9roul\u00e9 le 7 octobre 2020. Les r\u00e9sultats de la coupe sont disponibles <a href=\"https:\/\/maths-olympiques.fr\/?p=6085\">ici<\/a> .<\/li>\n<\/ul>\n<h4>Les stages<\/h4>\n<ul>\n<li>Stage de Cachan junior, du 19 au 23 octobre.<\/li>\n<li>Stage olympique de f\u00e9vrier \u00e0 Cachan, report\u00e9 pour avoir lieu <strong style=\"color: red;\">du 19 au 25 avril en distanciel<\/strong>.<br \/>\nNous vous tiendrons prochainement inform\u00e9s des d\u00e9tails pour l&#8217;organisation du stage.<\/li>\n<\/ul>\n<h4>Les cours en ligne.<\/h4>\n<ul>\n<li>G\u00e9om\u00e9trie : 14 et 15 novembre.<\/li>\n<li>Alg\u00e8bre : 5-6 d\u00e9cembre.<\/li>\n<li>Arithm\u00e9tique : 9-10 janvier.<\/li>\n<li>Combinatoire: 6-7 f\u00e9vrier.<\/li>\n<li>G\u00e9om\u00e9trie: 6-7 mars<\/li>\n<li>10-11 avril (annul\u00e9.)<\/li>\n<li>fin mai (\u00e0 pr\u00e9ciser)<\/li>\n<\/ul>\n<h4>Les envois et tests<\/h4>\n<p>Chaque envoi devra \u00eatre scann\u00e9 puis d\u00e9pos\u00e9 en ligne. Il vous faudra d\u00e9poser <strong style=\"color: red;\">un fichier par exercice<\/strong>, \u00e0 qui vous aurez donn\u00e9 un nom de la forme : <tt>Exercice-XX-NOM-Pr\u00e9nom.pdf<\/tt>, o\u00f9 <tt>XX<\/tt> d\u00e9signe le num\u00e9ro d&#8217;exercice concern\u00e9. Si votre scanner vous fournit un ou plusieurs documents au format <tt>jpg<\/tt> ou <tt>png<\/tt>, vous pouvez les transformer en un unique document <tt>pdf<\/tt> en utilisant <a style=\"color: navy;\" href=\"https:\/\/www.ilovepdf.com\/fr\/jpg_en_pdf\">ce site<\/a>. Si vous obtenez plusieurs documents au format <tt>pdf<\/tt>, vous pouvez les transformer en unique unique document <tt>pdf<\/tt> en utilisant <a style=\"color: navy;\" href=\"https:\/\/www.ilovepdf.com\/merge_pdf\">ce site<\/a>.<\/p>\n<p>Tout un chacun peut bien s\u00fbr travailler sur les exercices des envois de son c\u00f4t\u00e9, mais <strong style=\"color: red;\">seuls les \u00e9l\u00e8ves inscrits \u00e0 la POFM sont autoris\u00e9s \u00e0 d\u00e9poser leurs copies sur les formulaires indiqu\u00e9s ci-dessous.<\/strong><\/p>\n<ul>\n<li>Envoi 1 : g\u00e9om\u00e9trie, \u00e0 renvoyer pour le 25 novembre. <a href=\"https:\/\/maths-olympiques.fr\/wp-content\/uploads\/2020\/10\/Sujet-envoi-1.pdf\">Sujet<\/a>. <a href=\"https:\/\/maths-olympiques.fr\/wp-content\/uploads\/2020\/11\/corrig\u00e9-envoi-1.pdf\"> Corrig\u00e9 comment\u00e9<\/a>. <a href=\"https:\/\/maths-olympiques.fr\/?p=6567\">R\u00e9sultats<\/a>.<\/li>\n<li>Envoi 2 : alg\u00e8bre, \u00e0 renvoyer pour le 25 d\u00e9cembre. <a href=\"https:\/\/maths-olympiques.fr\/wp-content\/uploads\/2020\/11\/Sujet-envoi-2.pdf\">Sujet<\/a>. <a href=\"https:\/\/maths-olympiques.fr\/wp-content\/uploads\/2021\/01\/Corrig\u00e9-envoi-2.pdf\"> Corrig\u00e9 comment\u00e9<\/a>. <a href=\"https:\/\/maths-olympiques.fr\/?p=6848\">R\u00e9sultats<\/a>.<\/li>\n<li>Envoi 3 : arithm\u00e9tique, \u00e0 renvoyer pour le 26 janvier. <a href=\"https:\/\/maths-olympiques.fr\/wp-content\/uploads\/2020\/12\/Sujet-envoi-3.pdf\">Sujet<\/a>. <a href=\"https:\/\/maths-olympiques.fr\/wp-content\/uploads\/2021\/02\/Corrig\u00e9-envoi-3.pdf\"> Corrig\u00e9 comment\u00e9<\/a>. <a href=\"https:\/\/maths-olympiques.fr\/?p=6921\">R\u00e9sultats<\/a>.<\/li>\n<li>Envoi 4 : combinatoire, \u00e0 renvoyer pour le 27 f\u00e9vrier. <a href=\"https:\/\/maths-olympiques.fr\/wp-content\/uploads\/2021\/01\/sujet-envoi-4.pdf\">Sujet<\/a>. <a href=\"https:\/\/maths-olympiques.fr\/wp-content\/uploads\/2021\/03\/Corrig\u00e9-envoi-4.pdf\"> Corrig\u00e9 comment\u00e9<\/a>. <a href=\"https:\/\/maths-olympiques.fr\/?p=7013\">R\u00e9sultats<\/a>.<\/li>\n<li>Envoi 5 : pot pourri, \u00e0 renvoyer pour le 27 mars. <a href=\"https:\/\/maths-olympiques.fr\/wp-content\/uploads\/2021\/02\/sujet-envoi-5.pdf\">Sujet<\/a>.<a href=\"https:\/\/maths-olympiques.fr\/wp-content\/uploads\/2021\/04\/corrig\u00e9-envoi-5.pdf\"> Corrig\u00e9 comment\u00e9<\/a>.  <a href=\"https:\/\/maths-olympiques.fr\/?p=7111\">R\u00e9sultats<\/a>.<\/li>\n<\/ul>\n<ul>\n<li style=\"list-style-type: none;\">\n<ul>\n<li>Test de novembre, r\u00e9serv\u00e9 aux lyc\u00e9ens et aux \u00e9l\u00e8ves du groupe Senior. <a href=\"https:\/\/maths-olympiques.fr\/wp-content\/uploads\/2020\/11\/\u00c9nonc\u00e9-Test-1.pdf\">Sujet<\/a>. <a href=\"https:\/\/maths-olympiques.fr\/wp-content\/uploads\/2020\/11\/Corrig\u00e9-Test-1.pdf\">Corrig\u00e9 et commentaires<\/a>. <a href=\"https:\/\/maths-olympiques.fr\/?p=6468\">R\u00e9sultats<\/a><\/li>\n<li>Test de janvier. <a href=\"https:\/\/maths-olympiques.fr\/wp-content\/uploads\/2021\/01\/\u00c9nonc\u00e9-Test-2.pdf\">Sujet<\/a>. <a href=\"https:\/\/maths-olympiques.fr\/wp-content\/uploads\/2021\/01\/Corrig\u00e9-Test-2.pdf\">Corrig\u00e9 et commentaires<\/a>. <a href=\"https:\/\/maths-olympiques.fr\/?p=6823\">R\u00e9sultats<\/a><\/li>\n<li>Test de f\u00e9vrier : Le test pr\u00e9vu le dimanche 14 f\u00e9vrier de 14h \u00e0 18h pour les Junior et les \u00e9l\u00e8ves \u00e9ligibles \u00e0 l&#8217;EGMO ; le dimanche 21 f\u00e9vrier de 14h \u00e0 18h pour les Senior. <a href=\"https:\/\/maths-olympiques.fr\/wp-content\/uploads\/2021\/12\/Enonc\u00e9-Test-3-2020.pdf\">Sujet<\/a>. <a href=\"https:\/\/maths-olympiques.fr\/wp-content\/uploads\/2021\/03\/Corrig\u00e9-Test-3-Web.pdf\">Corrig\u00e9 et commentaires<\/a>. <a href=\"https:\/\/maths-olympiques.fr\/?p=6951\">R\u00e9sultats<\/a><\/li>\n<li>Test de mars. <a href=\"https:\/\/maths-olympiques.fr\/wp-content\/uploads\/2021\/12\/\u00c9nonc\u00e9-Test-4.pdf\">Sujet<\/a>. <a href=\"https:\/\/maths-olympiques.fr\/wp-content\/uploads\/2021\/04\/Corrig\u00e9-Test-4-Web.pdf\">Corrig\u00e9 et commentaires<\/a>. <a href=\"https:\/\/maths-olympiques.fr\/?p=7023\">R\u00e9sultats<\/a><\/li>\n<li>Test de mai. <a href=\"https:\/\/maths-olympiques.fr\/wp-content\/uploads\/2021\/12\/Sujet-test-5-2021.pdf\">Sujet<\/a>. <a href=\"https:\/\/maths-olympiques.fr\/wp-content\/uploads\/2021\/05\/Corrig\u00e9-Web-Test-5.pdf\">Corrig\u00e9 et commentaires<\/a>. <a href=\"https:\/\/maths-olympiques.fr\/?p=7153\">R\u00e9sultats<\/a><\/li>\n<\/ul>\n<\/li>\n<\/ul>\n<p><i>Certains probl\u00e8mes donn\u00e9s en test doivent rester secrets jusqu&#8217;au mois de juillet. Les \u00e9nonc\u00e9s et solutions donn\u00e9s ci-dessus ont donc \u00e9t\u00e9 partiellement censur\u00e9s. Une version compl\u00e8te des \u00e9nonc\u00e9s et solutions a \u00e9t\u00e9 envoy\u00e9e par mail aux \u00e9l\u00e8ves de la POFM.<\/i><\/p>\n<p>Vous pouvez consulter les nombreuses ressources disponibles en ligne, \u00e0 commencer par les\u00a0<a href=\"https:\/\/maths-olympiques.fr\/?page_id=11\">cours de la POFM<\/a>.<\/p>\n<h2>Comp\u00e9titions internationales<\/h2>\n<ul>\n<li>L&#8217;Olympiade Francophone de Math\u00e9matiques se tiendra \u00e0 distance le week-end des 27 et 28 mars. L&#8217;\u00e9quipe Junior sera compos\u00e9e de Serge BIDALLIER, Anatole BOUTON, Gaspard DELABRE, Oscar FISCHLER, Ukyo NGUYEN et Auguste RAMONDOU, et encadr\u00e9e par Th\u00e9o LENOIR et Antoine DERIMAY. L&#8217;\u00e9quipe Senior sera compos\u00e9e de Maher BILLON, Elias CAEIRO, Mano \u00c9TIL\u00c9, Samy MEZIANE, Rom\u00e9o NAZARET et Paul RUGGERI, et encadr\u00e9e par Rapha\u00ebl DUCATEZ et Ya\u00ebl DILLIES.<\/li>\n<li>L&#8217;EGMO, qui aurait d\u00fb se tenir \u00e0 Kutaisi, en G\u00e9orgie, aura lieu \u00e0 distance du 9 au 15 avril. L&#8217;\u00e9quipe sera compos\u00e9e d&#8217;Hannah FAUCHEU, Maryam KOUHKAN, Am\u00e9lie TRIQUENEAUX et Fangyu XUE, et encadr\u00e9e par Aline CAHUZAC et Anna LUCHNIKOVA.<\/li>\n<li>Le RMM, qui se tient usuellement en f\u00e9vrier, aura lieu \u00e0 distance au mois d&#8217;octobre. L&#8217;\u00e9quipe sera compos\u00e9e de Solal AFOTA, Justin CAHUZAC, Aur\u00e9lien FOURR\u00c9, Vladimir IVANOV, Alec LE HELLOCO et Matthieu VOGEL.<\/li>\n<li>La JBMO, qui aurait d\u00fb se tenir en Moldavie, aura lieu \u00e0 distance du 23 au 29 juin. L&#8217;\u00e9quipe sera compos\u00e9e de Serge BIDALLIER, Anatole BOUTON, Gaspard DELABRE, Oscar FISCHLER, Ukyo NGUYEN et Auguste RAMONDOU.<\/li>\n<li>L&#8217;OIM, qui aurait d\u00fb se tenir \u00e0 Saint-P\u00e9tersbourg, en Russie, aura lieu \u00e0 distance du 14 au 24 juillet. L&#8217;\u00e9quipe sera compos\u00e9e de Solal AFOTA, Justin CAHUZAC, Mano \u00c9TIL\u00c9, Aur\u00e9lien FOURR\u00c9, Vladimir IVANOV et Alec LE HELLOCO.<\/li>\n<\/ul>\n","protected":false},"excerpt":{"rendered":"<p>Calendrier de la POFM pour l&#8217;ann\u00e9e scolaire 2020-2021 Coupe Animath d&#8217;automne Le premier tour de la\u00a0\u00a0Coupe Animath d&#8217;automne a eu lieu entre le 16 et 30 septembre 2020. Le deuxi\u00e8me tour de la Coupe s&#8217;est d\u00e9roul\u00e9 le 7 octobre 2020. Les r\u00e9sultats de la coupe sont disponibles ici . Les stages Stage de Cachan junior, &hellip; <\/p>\n<p class=\"link-more\"><a href=\"https:\/\/maths-olympiques.fr\/?page_id=5594\" class=\"more-link\">Continuer la lecture<span class=\"screen-reader-text\"> de &laquo;&nbsp;La POFM 2020-2021&nbsp;&raquo;<\/span><\/a><\/p>\n","protected":false},"author":11,"featured_media":0,"parent":0,"menu_order":0,"comment_status":"closed","ping_status":"closed","template":"","meta":{"footnotes":""},"class_list":["post-5594","page","type-page","status-publish","hentry"],"_links":{"self":[{"href":"https:\/\/maths-olympiques.fr\/index.php?rest_route=\/wp\/v2\/pages\/5594","targetHints":{"allow":["GET"]}}],"collection":[{"href":"https:\/\/maths-olympiques.fr\/index.php?rest_route=\/wp\/v2\/pages"}],"about":[{"href":"https:\/\/maths-olympiques.fr\/index.php?rest_route=\/wp\/v2\/types\/page"}],"author":[{"embeddable":true,"href":"https:\/\/maths-olympiques.fr\/index.php?rest_route=\/wp\/v2\/users\/11"}],"replies":[{"embeddable":true,"href":"https:\/\/maths-olympiques.fr\/index.php?rest_route=%2Fwp%2Fv2%2Fcomments&post=5594"}],"version-history":[{"count":80,"href":"https:\/\/maths-olympiques.fr\/index.php?rest_route=\/wp\/v2\/pages\/5594\/revisions"}],"predecessor-version":[{"id":10106,"href":"https:\/\/maths-olympiques.fr\/index.php?rest_route=\/wp\/v2\/pages\/5594\/revisions\/10106"}],"wp:attachment":[{"href":"https:\/\/maths-olympiques.fr\/index.php?rest_route=%2Fwp%2Fv2%2Fmedia&parent=5594"}],"curies":[{"name":"wp","href":"https:\/\/api.w.org\/{rel}","templated":true}]}}