{"id":479,"date":"2017-10-28T23:49:34","date_gmt":"2017-10-28T21:49:34","guid":{"rendered":"http:\/\/maths-olympiques.fr\/?page_id=479"},"modified":"2025-10-25T18:06:22","modified_gmt":"2025-10-25T16:06:22","slug":"tests-passes","status":"publish","type":"page","link":"https:\/\/maths-olympiques.fr\/?page_id=479","title":{"rendered":"Tests pass\u00e9s"},"content":{"rendered":"<p>Nous organisons tous les ans plusieurs tests de s\u00e9lection afin de s\u00e9lectionner l&#8217;\u00e9quipe de France pour diff\u00e9rentes comp\u00e9titions internationales. Voici les annales des tests des ann\u00e9es pr\u00e9c\u00e9dentes.<\/p>\n<h4>2024-2025 :<\/h4>\n<ul>\n<li><a href=\"https:\/\/maths-olympiques.fr\/wp-content\/uploads\/2025\/10\/Sujet-Test-1-2024-2025.pdf\">Test de Novembre<\/a>. <a href=\"https:\/\/maths-olympiques.fr\/wp-content\/uploads\/2025\/10\/Corrige-Test-1-2024-2025.pdf\">Corrig\u00e9<\/a>.<\/li>\n<li><a href=\"https:\/\/maths-olympiques.fr\/wp-content\/uploads\/2025\/10\/Sujet-Test-2-2024-2025.pdf\">Test de Janvier<\/a>. <a href=\"https:\/\/maths-olympiques.fr\/wp-content\/uploads\/2025\/10\/Corrige-Test-2-2024-2025.pdf\">Corrig\u00e9<\/a>.<\/li>\n<li><a href=\"https:\/\/maths-olympiques.fr\/wp-content\/uploads\/2025\/10\/Sujet-Test-3-2024-2025.pdf\">Tests de F\u00e9vrier<\/a>. <a href=\"https:\/\/maths-olympiques.fr\/wp-content\/uploads\/2025\/10\/Corrige-Test-3-2024-2025.pdf\">Corrig\u00e9<\/a>.<\/li>\n<li><a href=\"https:\/\/maths-olympiques.fr\/wp-content\/uploads\/2025\/10\/Sujet-Test-4-2024-2025.pdf\">Test d&#8217;Avril<\/a>. <a href=\"https:\/\/maths-olympiques.fr\/wp-content\/uploads\/2025\/10\/Corrige-Test-4-2024-2025.pdf\">Corrig\u00e9<\/a>.<\/li>\n<li><a href=\"https:\/\/maths-olympiques.fr\/wp-content\/uploads\/2025\/10\/Sujet-Test-5-2024-2025.pdf\">Test de Mai<\/a>. <a href=\"https:\/\/maths-olympiques.fr\/wp-content\/uploads\/2025\/10\/Corrige-Test-5-2024-2025.pdf\">Corrig\u00e9<\/a>.<\/li>\n<\/ul>\n<h4>2023-2024 :<\/h4>\n<ul>\n<li><a href=\"https:\/\/maths-olympiques.fr\/wp-content\/uploads\/2025\/01\/Enonce-Test-1.pdf\">Test de Novembre<\/a>. <a href=\"https:\/\/maths-olympiques.fr\/wp-content\/uploads\/2025\/01\/Corrige-Test-1.pdf\">Corrig\u00e9<\/a>.<\/li>\n<li><a href=\"https:\/\/maths-olympiques.fr\/wp-content\/uploads\/2025\/01\/Enonce-Test-2.pdf\">Test de Janvier<\/a>. <a href=\"https:\/\/maths-olympiques.fr\/wp-content\/uploads\/2025\/01\/Corrige-Test-2.pdf\">Corrig\u00e9<\/a>.<\/li>\n<li><a href=\"https:\/\/maths-olympiques.fr\/wp-content\/uploads\/2025\/01\/Enonce-Test-3.pdf\">Tests de F\u00e9vrier<\/a>. <a href=\"https:\/\/maths-olympiques.fr\/wp-content\/uploads\/2025\/01\/Corrige-Test-3.pdf\">Corrig\u00e9<\/a>.<\/li>\n<li><a href=\"https:\/\/maths-olympiques.fr\/wp-content\/uploads\/2025\/01\/Enonce-Test-4.pdf\">Test d&#8217;Avril<\/a>. <a href=\"https:\/\/maths-olympiques.fr\/wp-content\/uploads\/2025\/01\/Corrige-Test-4.pdf\">Corrig\u00e9<\/a>.<\/li>\n<li><a href=\"https:\/\/maths-olympiques.fr\/wp-content\/uploads\/2025\/01\/Enonce-Test-5.pdf\">Test de Mai<\/a>. <a href=\"https:\/\/maths-olympiques.fr\/wp-content\/uploads\/2025\/01\/Corrige-Test-5.pdf\">Corrig\u00e9<\/a>.<\/li>\n<\/ul>\n<h4>2022-2023 :<\/h4>\n<ul>\n<li><a href=\"https:\/\/maths-olympiques.fr\/wp-content\/uploads\/2023\/01\/\u00c9nonc\u00e9-Web-Test-1.pdf\">Test de Novembre<\/a>. <a href=\"https:\/\/maths-olympiques.fr\/wp-content\/uploads\/2023\/01\/Corrig\u00e9-Web-Test-1.pdf\">Corrig\u00e9<\/a>.<\/li>\n<li><a href=\"https:\/\/maths-olympiques.fr\/wp-content\/uploads\/2023\/01\/\u00c9nonc\u00e9-Web-Test-2.pdf\">Test de Janvier<\/a>. <a href=\"https:\/\/maths-olympiques.fr\/wp-content\/uploads\/2023\/01\/Corrig\u00e9-Web-Test-2.pdf\">Corrig\u00e9<\/a>.<\/li>\n<li><a href=\"https:\/\/maths-olympiques.fr\/wp-content\/uploads\/2023\/09\/Enonce-Test-3.pdf\">Tests de F\u00e9vrier<\/a>. <a href=\"https:\/\/maths-olympiques.fr\/wp-content\/uploads\/2023\/09\/Corrige-Test-3.pdf\">Corrig\u00e9<\/a>.<\/li>\n<li><a href=\"https:\/\/maths-olympiques.fr\/wp-content\/uploads\/2023\/09\/Enonce-Test-4.pdf\">Test d&#8217;Avril<\/a>. <a href=\"https:\/\/maths-olympiques.fr\/wp-content\/uploads\/2023\/09\/Corrige-Test-4.pdf\">Corrig\u00e9<\/a>.<\/li>\n<li><a href=\"https:\/\/maths-olympiques.fr\/wp-content\/uploads\/2023\/09\/Enonce-Test-5.pdf\">Test de Mai<\/a>. <a href=\"https:\/\/maths-olympiques.fr\/wp-content\/uploads\/2023\/09\/Corrige-Test-5.pdf\">Corrig\u00e9<\/a>.<\/li>\n<\/ul>\n<h4>2021-2022 :<\/h4>\n<ul>\n<li><a href=\"https:\/\/maths-olympiques.fr\/wp-content\/uploads\/2021\/12\/\u00c9nonc\u00e9-Web-Test-1.pdf\">Test de Novembre<\/a>. <a href=\"https:\/\/maths-olympiques.fr\/wp-content\/uploads\/2021\/12\/Corrig\u00e9-Web-Test-1.pdf\">Corrig\u00e9<\/a>.<\/li>\n<li><a href=\"https:\/\/maths-olympiques.fr\/wp-content\/uploads\/2022\/08\/\u00c9nonc\u00e9-Web-Test-2.pdf\">Test de Janvier<\/a>. <a href=\"https:\/\/maths-olympiques.fr\/wp-content\/uploads\/2022\/01\/Corrig\u00e9-Web-Test-2.pdf\">Corrig\u00e9<\/a>.<\/li>\n<li><a href=\"https:\/\/maths-olympiques.fr\/wp-content\/uploads\/2022\/08\/\u00c9nonc\u00e9-Web-Test-3.pdf\">Tests de F\u00e9vrier<\/a>. <a href=\"https:\/\/maths-olympiques.fr\/wp-content\/uploads\/2022\/03\/Corrig\u00e9-Web-Test-3.pdf\">Corrig\u00e9<\/a>.<\/li>\n<li><a href=\"https:\/\/maths-olympiques.fr\/wp-content\/uploads\/2022\/07\/\u00c9nonc\u00e9-Web-Test-4.pdf\">Test de Mars<\/a>. <a href=\"https:\/\/maths-olympiques.fr\/wp-content\/uploads\/2022\/04\/Corrig\u00e9-Web-Test-4.pdf\">Corrig\u00e9<\/a>.<\/li>\n<li><a href=\"https:\/\/maths-olympiques.fr\/wp-content\/uploads\/2022\/07\/\u00c9nonc\u00e9-Web-Test-5.pdf\">Test de Mai<\/a>. <a href=\"https:\/\/maths-olympiques.fr\/wp-content\/uploads\/2022\/06\/Corrig\u00e9-Web-Test-5.pdf\"> Corrig\u00e9<\/a>.<\/li>\n<\/ul>\n<h4>2020-2021 :<\/h4>\n<ul>\n<li> <a href=\"https:\/\/maths-olympiques.fr\/wp-content\/uploads\/2020\/11\/\u00c9nonc\u00e9-Test-1.pdf\">Test de Novembre<\/a>. <a href=\"https:\/\/maths-olympiques.fr\/wp-content\/uploads\/2020\/11\/Corrig\u00e9-Test-1.pdf\">Corrig\u00e9<\/a>.<\/li>\n<li><a href=\"https:\/\/maths-olympiques.fr\/wp-content\/uploads\/2021\/01\/\u00c9nonc\u00e9-Test-2.pdf\">Test de Janvier<\/a>. <a href=\"https:\/\/maths-olympiques.fr\/wp-content\/uploads\/2021\/01\/Corrig\u00e9-Test-2.pdf\">Corrig\u00e9<\/a>.<\/li>\n<li><a href=\"https:\/\/maths-olympiques.fr\/wp-content\/uploads\/2021\/12\/Enonc\u00e9-Test-3-2020.pdf\">Tests de F\u00e9vrier <\/a>. <a href=\"https:\/\/maths-olympiques.fr\/wp-content\/uploads\/2021\/03\/Corrig\u00e9-Test-3-Web.pdf\">Corrig\u00e9<\/a>.<\/li>\n<li><a href=\"https:\/\/maths-olympiques.fr\/wp-content\/uploads\/2021\/12\/\u00c9nonc\u00e9-Test-4.pdf\">Test de Mars<\/a>. <a href=\"https:\/\/maths-olympiques.fr\/wp-content\/uploads\/2021\/04\/Corrig\u00e9-Test-4-Web.pdf\">Corrig\u00e9<\/a>.<\/li>\n<li><a href=\"https:\/\/maths-olympiques.fr\/wp-content\/uploads\/2021\/12\/Sujet-test-5-2021.pdf\">Test de Mai<\/a>. <a href=\"https:\/\/maths-olympiques.fr\/wp-content\/uploads\/2021\/05\/Corrig\u00e9-Web-Test-5.pdf\">Corrig\u00e9<\/a>.<\/li>\n<\/ul>\n<h4>2019-2020 :<\/h4>\n<ul>\n<li> <a href=\"https:\/\/maths-olympiques.fr\/wp-content\/uploads\/2019\/12\/sujet-test-novembre.pdf\">Test de Novembre<\/a>. <a href=\"https:\/\/maths-olympiques.fr\/wp-content\/uploads\/2019\/12\/corrige\u0301-test-novembre.pdf\">Corrig\u00e9<\/a>.<\/li>\n<li><a href=\"https:\/\/maths-olympiques.fr\/wp-content\/uploads\/2020\/01\/sujet-test-janvier.pdf\">Test de Janvier<\/a>. <a href=\"https:\/\/maths-olympiques.fr\/wp-content\/uploads\/2020\/01\/corrige\u0301-test-janvier.pdf\">Corrig\u00e9<\/a>.<\/li>\n<li><a href=\"https:\/\/maths-olympiques.fr\/wp-content\/uploads\/2020\/11\/Enonce-Test-Fevrier-2020.pdf\">Tests de F\u00e9vrier <\/a>. <a href=\"https:\/\/maths-olympiques.fr\/wp-content\/uploads\/2020\/03\/Correction-Web.pdf\">Corrig\u00e9<\/a>.<\/li>\n<li><a href=\"https:\/\/maths-olympiques.fr\/wp-content\/uploads\/2020\/11\/Enonce-Test-Avril-2020.pdf\">Test d&#8217;Avril<\/a>. <a href=\"https:\/\/maths-olympiques.fr\/wp-content\/uploads\/2020\/04\/Corrig\u00e9-Web.pdf\">Corrig\u00e9<\/a>.<\/li>\n<li><a href=\"https:\/\/maths-olympiques.fr\/wp-content\/uploads\/2020\/11\/Enonce-Test-Mai-2020.pdf\">Test de Mai<\/a>. <a href=\"https:\/\/maths-olympiques.fr\/wp-content\/uploads\/2020\/05\/Corrig\u00e9-Web-05-2020.pdf\">Corrig\u00e9<\/a>.<\/li>\n<\/ul>\n<h4>2018-2019 :<\/h4>\n<ul>\n<li><a href=\"http:\/\/maths-olympiques.fr\/wp-content\/uploads\/2018\/12\/Test_RMM_28_novembre_enonce.pdf\">Test de Novembre<\/a>. <a href=\"http:\/\/maths-olympiques.fr\/wp-content\/uploads\/2018\/12\/Test_RMM_28_novembre_corrige.pdf\">Corrig\u00e9<\/a>.<\/li>\n<li><a href=\"http:\/\/maths-olympiques.fr\/wp-content\/uploads\/2019\/01\/Test-09-01.pdf\">Test de Janvier<\/a>. <a href=\"http:\/\/maths-olympiques.fr\/wp-content\/uploads\/2019\/01\/Test-09-01-Corrig\u00e9.pdf\">Corrig\u00e9<\/a>.<\/li>\n<li><a href=\"http:\/\/maths-olympiques.fr\/wp-content\/uploads\/2019\/03\/Test-26-02.pdf\">Test de F\u00e9vrier junior<\/a>. <a href=\"http:\/\/maths-olympiques.fr\/wp-content\/uploads\/2019\/03\/Test-26-02-Corrige.pdf\">Corrig\u00e9<\/a>.<\/li>\n<li>&nbsp;<a href=\"http:\/\/maths-olympiques.fr\/wp-content\/uploads\/2019\/03\/Test-27-02.pdf\">Test de F\u00e9vrier senior<\/a>. <a href=\"http:\/\/maths-olympiques.fr\/wp-content\/uploads\/2019\/03\/Test-27-02-Corrige.pdf\">Corrig\u00e9<\/a>.<\/li>\n<li><a href=\"http:\/\/maths-olympiques.fr\/wp-content\/uploads\/2019\/04\/Test-20-03-web.pdf\">Test de Mars<\/a>. <a href=\"http:\/\/maths-olympiques.fr\/wp-content\/uploads\/2019\/04\/Test-20-03-Corrig\u00e9-web.pdf\">Corrig\u00e9<\/a>.<\/li>\n<li><a href=\"https:\/\/maths-olympiques.fr\/wp-content\/uploads\/2019\/11\/Test-15-05.pdf\">Test de Mai<\/a>. <a href=\"https:\/\/maths-olympiques.fr\/wp-content\/uploads\/2019\/11\/Test-15-05-Corrig\u00e9.pdf\">Corrig\u00e9<\/a>.<\/li>\n<\/ul>\n<h4>2017-2018 :<\/h4>\n<ul>\n<li><a href=\"http:\/\/maths-olympiques.fr\/wp-content\/uploads\/2017\/12\/pofm-2017-2018-test-novembre.pdf\">Test de Novembre<\/a>. <a href=\"http:\/\/maths-olympiques.fr\/wp-content\/uploads\/2017\/12\/pofm-2017-2018-test-novembre-corrige.pdf\">Corrig\u00e9<\/a>.<\/li>\n<li><a href=\"http:\/\/maths-olympiques.fr\/wp-content\/uploads\/2018\/01\/pofm-2017-2018-test-janvier.pdf\">Test de Janvier<\/a>. <a href=\"http:\/\/maths-olympiques.fr\/wp-content\/uploads\/2018\/01\/pofm-2017-2018-test-janvier-corrige.pdf\">Corrig\u00e9<\/a>.<\/li>\n<li><a href=\"http:\/\/maths-olympiques.fr\/wp-content\/uploads\/2018\/02\/pofm-2017-2018-test-fevrier-junior.pdf\">Test de F\u00e9vrier junior<\/a>. <a href=\"http:\/\/maths-olympiques.fr\/wp-content\/uploads\/2018\/02\/pofm-2017-2018-test-fevrier-junior-corrige.pdf\">Corrig\u00e9<\/a>.<\/li>\n<li><a href=\"http:\/\/maths-olympiques.fr\/wp-content\/uploads\/2018\/02\/pofm-2017-2018-test-fevrier-senior.pdf\">Test de F\u00e9vrier senior<\/a>. <a href=\"http:\/\/maths-olympiques.fr\/wp-content\/uploads\/2018\/02\/pofm-2017-2018-test-fevrier-senior-corrige.pdf\">Corrig\u00e9<\/a>.<\/li>\n<li><a href=\"http:\/\/igm.univ-mlv.fr\/~juge\/pofm\/doc\/%c3%89nonc%c3%a9-03-2018.pdf\">Test de Mars<\/a>. <a href=\"http:\/\/igm.univ-mlv.fr\/~juge\/pofm\/doc\/Corrig%c3%a9-03-2018.pdf\">Corrig\u00e9<\/a>.<\/li>\n<li><a href=\"http:\/\/maths-olympiques.fr\/wp-content\/uploads\/2018\/08\/pofm-2017-2018-test-mai.pdf\">Test de Mai<\/a>. <a href=\"http:\/\/maths-olympiques.fr\/wp-content\/uploads\/2018\/08\/pofm-2017-2018-test-mai-corrige.pdf\">Corrig\u00e9<\/a>.<\/li>\n<\/ul>\n<h4>2016-2017 :<\/h4>\n<ul>\n<li><a href=\"http:\/\/maths-olympiques.fr\/wp-content\/uploads\/2017\/10\/ofm-2016-2017-test-novembre.pdf\">Test de Novembre<\/a>. <a href=\"http:\/\/maths-olympiques.fr\/wp-content\/uploads\/2017\/10\/ofm-2016-2017-test-novembre-corrige.pdf\">Corrig\u00e9<\/a>.<\/li>\n<li><a href=\"http:\/\/maths-olympiques.fr\/wp-content\/uploads\/2017\/10\/ofm-2016-2017-test-janvier.pdf\">Test de Janvier<\/a>. <a href=\"http:\/\/maths-olympiques.fr\/wp-content\/uploads\/2017\/10\/ofm-2016-2017-test-janvier-corrige.pdf\">Corrig\u00e9<\/a>.<\/li>\n<li><a href=\"http:\/\/maths-olympiques.fr\/wp-content\/uploads\/2017\/10\/ofm-2016-2017-test-fevrier.pdf\">Test de F\u00e9vrier<\/a>. <a href=\"http:\/\/maths-olympiques.fr\/wp-content\/uploads\/2017\/10\/ofm-2016-2017-test-fevrier-corrige.pdf\">Corrig\u00e9<\/a>.<\/li>\n<li><a href=\"http:\/\/maths-olympiques.fr\/wp-content\/uploads\/2017\/10\/ofm-2016-2017-test-mars.pdf\">Test de Mars<\/a>.<\/li>\n<li><a href=\"http:\/\/maths-olympiques.fr\/wp-content\/uploads\/2017\/10\/ofm-2016-2017-test-mai.pdf\">Test de Mai<\/a>.<\/li>\n<\/ul>\n<h4>2015-2016 :<\/h4>\n<ul>\n<li><a href=\"http:\/\/maths-olympiques.fr\/wp-content\/uploads\/2017\/10\/ofm-2015-2016-test-decembre.pdf\">Test de D\u00e9cembre<\/a>. <a href=\"http:\/\/maths-olympiques.fr\/wp-content\/uploads\/2017\/10\/ofm-2015-2016-test-decembre-corrige.pdf\">Corrig\u00e9<\/a>.<\/li>\n<li><a href=\"http:\/\/maths-olympiques.fr\/wp-content\/uploads\/2017\/10\/ofm-2015-2016-test-janvier.pdf\">Test de Janvier<\/a>. <a href=\"http:\/\/maths-olympiques.fr\/wp-content\/uploads\/2017\/10\/ofm-2015-2016-test-janvier-corrige.pdf\">Corrig\u00e9<\/a>.<\/li>\n<li><a href=\"http:\/\/maths-olympiques.fr\/wp-content\/uploads\/2017\/10\/ofm-2015-2016-test-fevrier-junior.pdf\">Test de F\u00e9vrier junior<\/a>. <a href=\"http:\/\/maths-olympiques.fr\/wp-content\/uploads\/2017\/10\/ofm-2015-2016-test-fevrier-junior-corrige.pdf\">Corrig\u00e9<\/a>.<\/li>\n<li><a href=\"http:\/\/maths-olympiques.fr\/wp-content\/uploads\/2017\/10\/ofm-2015-2016-test-fevrier.pdf\">Test de F\u00e9vrier senior<\/a>. <a href=\"http:\/\/maths-olympiques.fr\/wp-content\/uploads\/2017\/10\/ofm-2015-2016-test-fevrier-corrige.pdf\">Corrig\u00e9<\/a>.<\/li>\n<li><a href=\"http:\/\/maths-olympiques.fr\/wp-content\/uploads\/2017\/10\/ofm-2015-2016-test-mars.pdf\">Test de Mars<\/a>.<\/li>\n<li><a href=\"http:\/\/maths-olympiques.fr\/wp-content\/uploads\/2017\/10\/ofm-2015-2016-test-mai.pdf\">Test de Mai<\/a>.<\/li>\n<\/ul>\n<h4>2014-2015 :<\/h4>\n<ul>\n<li><a href=\"http:\/\/maths-olympiques.fr\/wp-content\/uploads\/2017\/10\/ofm-2014-2015-test-rmm.pdf\">Test de s\u00e9lection pour le RMM<\/a>. <a href=\"http:\/\/maths-olympiques.fr\/wp-content\/uploads\/2017\/10\/ofm-2014-2015-test-rmm-corrige.pdf\">Corrig\u00e9<\/a>.<\/li>\n<li><a href=\"http:\/\/maths-olympiques.fr\/wp-content\/uploads\/2017\/10\/ofm-2014-2015-test-janvier.pdf\">Test de Janvier<\/a>. <a href=\"http:\/\/maths-olympiques.fr\/wp-content\/uploads\/2017\/10\/ofm-2014-2015-test-janvier-corrige.pdf\">Corrig\u00e9<\/a>.<\/li>\n<li><a href=\"http:\/\/maths-olympiques.fr\/wp-content\/uploads\/2017\/10\/ofm-2014-2015-test-fevrier-junior.pdf\">Test de F\u00e9vrier junior<\/a>. <a href=\"http:\/\/maths-olympiques.fr\/wp-content\/uploads\/2017\/10\/ofm-2014-2015-test-fevrier-junior-corrige.pdf\">Corrig\u00e9<\/a>.<\/li>\n<li><a href=\"http:\/\/maths-olympiques.fr\/wp-content\/uploads\/2017\/10\/ofm-2014-2015-test-fevrier.pdf\">Test de F\u00e9vrier senior<\/a>. <a href=\"http:\/\/maths-olympiques.fr\/wp-content\/uploads\/2017\/10\/ofm-2014-2015-test-fevrier-corrige.pdf\">Corrig\u00e9<\/a>.<\/li>\n<li><a href=\"http:\/\/maths-olympiques.fr\/wp-content\/uploads\/2017\/10\/ofm-2014-2015-test-mars.pdf\">Test de Mars<\/a>.<\/li>\n<li>Test de Mai : <a href=\"http:\/\/maths-olympiques.fr\/wp-content\/uploads\/2017\/10\/ofm-2014-2015-test-mai-1.pdf\">jour 1<\/a> et <a href=\"http:\/\/maths-olympiques.fr\/wp-content\/uploads\/2017\/10\/ofm-2014-2015-test-mai-2.pdf\">jour 2<\/a>.<\/li>\n<\/ul>\n<h4>2013-2014 :<\/h4>\n<ul>\n<li><a href=\"http:\/\/maths-olympiques.fr\/wp-content\/uploads\/2017\/10\/ofm-2013-2014-test-janvier.pdf\">Test de Janvier<\/a>. <a href=\"http:\/\/maths-olympiques.fr\/wp-content\/uploads\/2017\/10\/ofm-2013-2014-test-janvier-corrige.pdf\">Corrig\u00e9<\/a>.<\/li>\n<li><a href=\"http:\/\/maths-olympiques.fr\/wp-content\/uploads\/2017\/10\/ofm-2013-2014-test-fevrier.pdf\">Test de F\u00e9vrier<\/a>. <a href=\"http:\/\/maths-olympiques.fr\/wp-content\/uploads\/2017\/10\/ofm-2013-2014-test-fevrier-corrige.pdf\">Corrig\u00e9<\/a>.<\/li>\n<li><a href=\"http:\/\/maths-olympiques.fr\/wp-content\/uploads\/2017\/10\/ofm-2013-2014-test-avril.pdf\">Test d&#8217;Avril<\/a>. <a href=\"http:\/\/maths-olympiques.fr\/wp-content\/uploads\/2017\/10\/ofm-2013-2014-test-avril-corrige.pdf\">Corrig\u00e9<\/a>.<\/li>\n<li>Test de Mai : <a href=\"http:\/\/maths-olympiques.fr\/wp-content\/uploads\/2017\/10\/ofm-2013-2014-test-mai-1.pdf\">jour 1<\/a> et <a href=\"http:\/\/maths-olympiques.fr\/wp-content\/uploads\/2017\/10\/ofm-2013-2014-test-mai-2.pdf\">jour 2<\/a>. <a href=\"http:\/\/maths-olympiques.fr\/wp-content\/uploads\/2017\/10\/ofm-2013-2014-test-mai-corrige.pdf\">Corrig\u00e9<\/a>.<\/li>\n<\/ul>\n<h4>2012-2013 :<\/h4>\n<ul>\n<li><a href=\"http:\/\/maths-olympiques.fr\/wp-content\/uploads\/2017\/10\/ofm-2012-2013-test-novembre.pdf\">Test de Novembre<\/a>. <a href=\"http:\/\/maths-olympiques.fr\/wp-content\/uploads\/2017\/10\/ofm-2012-2013-test-novembre-corrige.pdf\">Corrig\u00e9<\/a>.<\/li>\n<li><a href=\"http:\/\/maths-olympiques.fr\/wp-content\/uploads\/2017\/10\/ofm-2012-2013-test-janvier.pdf\">Test de Janvier<\/a>. <a href=\"http:\/\/maths-olympiques.fr\/wp-content\/uploads\/2017\/10\/ofm-2012-2013-test-janvier-corrige.pdf\">Corrig\u00e9<\/a>.<\/li>\n<li><a href=\"http:\/\/maths-olympiques.fr\/wp-content\/uploads\/2017\/10\/ofm-2012-2013-test-stage.pdf\">Test du stage de Mars<\/a>. <a href=\"http:\/\/maths-olympiques.fr\/wp-content\/uploads\/2017\/10\/ofm-2012-2013-test-stage-corrige.pdf\">Corrig\u00e9<\/a>.<\/li>\n<li>Test de Mars : <a href=\"http:\/\/maths-olympiques.fr\/wp-content\/uploads\/2017\/10\/ofm-2012-2013-test-mars-1.pdf\">jour 1<\/a> et <a href=\"http:\/\/maths-olympiques.fr\/wp-content\/uploads\/2017\/10\/ofm-2012-2013-test-mars-2.pdf\">jour 2<\/a>. <a href=\"http:\/\/maths-olympiques.fr\/wp-content\/uploads\/2017\/10\/ofm-2012-2013-test-mars-corrige.pdf\">Corrig\u00e9<\/a>.<\/li>\n<li><a href=\"http:\/\/maths-olympiques.fr\/wp-content\/uploads\/2017\/10\/ofm-2012-2013-test-mai.pdf\">Test de Mai<\/a>.<\/li>\n<\/ul>\n<h4>2011-2012 :<\/h4>\n<ul>\n<li><a href=\"http:\/\/maths-olympiques.fr\/wp-content\/uploads\/2017\/10\/ofm-2011-2012-test-janvier.pdf\">Test de Janvier<\/a>. <a href=\"http:\/\/maths-olympiques.fr\/wp-content\/uploads\/2017\/10\/ofm-2011-2012-test-janvier-corrige.pdf\">Corrig\u00e9<\/a>.<\/li>\n<li>Test de Mars : <a href=\"http:\/\/maths-olympiques.fr\/wp-content\/uploads\/2017\/10\/ofm-2011-2012-test-mars-1.pdf\">jour 1<\/a> et <a href=\"http:\/\/maths-olympiques.fr\/wp-content\/uploads\/2017\/10\/ofm-2011-2012-test-mars-2.pdf\">jour 2<\/a>. <a href=\"http:\/\/maths-olympiques.fr\/wp-content\/uploads\/2017\/10\/ofm-2011-2012-test-mars-corrige.pdf\">Corrig\u00e9<\/a>.<\/li>\n<\/ul>\n","protected":false},"excerpt":{"rendered":"<p>Nous organisons tous les ans plusieurs tests de s\u00e9lection afin de s\u00e9lectionner l&#8217;\u00e9quipe de France pour diff\u00e9rentes comp\u00e9titions internationales. Voici les annales des tests des ann\u00e9es pr\u00e9c\u00e9dentes. 2024-2025 : Test de Novembre. Corrig\u00e9. Test de Janvier. Corrig\u00e9. Tests de F\u00e9vrier. Corrig\u00e9. Test d&#8217;Avril. Corrig\u00e9. Test de Mai. Corrig\u00e9. 2023-2024 : Test de Novembre. Corrig\u00e9. Test &hellip; <\/p>\n<p class=\"link-more\"><a href=\"https:\/\/maths-olympiques.fr\/?page_id=479\" class=\"more-link\">Continuer la lecture<span class=\"screen-reader-text\"> de &laquo;&nbsp;Tests pass\u00e9s&nbsp;&raquo;<\/span><\/a><\/p>\n","protected":false},"author":3,"featured_media":0,"parent":41,"menu_order":0,"comment_status":"closed","ping_status":"closed","template":"","meta":{"footnotes":""},"class_list":["post-479","page","type-page","status-publish","hentry"],"_links":{"self":[{"href":"https:\/\/maths-olympiques.fr\/index.php?rest_route=\/wp\/v2\/pages\/479","targetHints":{"allow":["GET"]}}],"collection":[{"href":"https:\/\/maths-olympiques.fr\/index.php?rest_route=\/wp\/v2\/pages"}],"about":[{"href":"https:\/\/maths-olympiques.fr\/index.php?rest_route=\/wp\/v2\/types\/page"}],"author":[{"embeddable":true,"href":"https:\/\/maths-olympiques.fr\/index.php?rest_route=\/wp\/v2\/users\/3"}],"replies":[{"embeddable":true,"href":"https:\/\/maths-olympiques.fr\/index.php?rest_route=%2Fwp%2Fv2%2Fcomments&post=479"}],"version-history":[{"count":31,"href":"https:\/\/maths-olympiques.fr\/index.php?rest_route=\/wp\/v2\/pages\/479\/revisions"}],"predecessor-version":[{"id":17724,"href":"https:\/\/maths-olympiques.fr\/index.php?rest_route=\/wp\/v2\/pages\/479\/revisions\/17724"}],"up":[{"embeddable":true,"href":"https:\/\/maths-olympiques.fr\/index.php?rest_route=\/wp\/v2\/pages\/41"}],"wp:attachment":[{"href":"https:\/\/maths-olympiques.fr\/index.php?rest_route=%2Fwp%2Fv2%2Fmedia&parent=479"}],"curies":[{"name":"wp","href":"https:\/\/api.w.org\/{rel}","templated":true}]}}