{"id":41,"date":"2017-09-09T00:06:11","date_gmt":"2017-09-08T22:06:11","guid":{"rendered":"http:\/\/ofm.toonywood.org\/?page_id=41"},"modified":"2017-10-28T23:52:03","modified_gmt":"2017-10-28T21:52:03","slug":"archives","status":"publish","type":"page","link":"https:\/\/maths-olympiques.fr\/?page_id=41","title":{"rendered":"Archives"},"content":{"rendered":"<p>Ici sont r\u00e9unis les diff\u00e9rents cours et exercices corrig\u00e9s propos\u00e9s au cours des derni\u00e8res ann\u00e9es de pr\u00e9paration olympique :<\/p>\n<ul>\n<li>les <a href=\"http:\/\/maths-olympiques.fr\/?page_id=43\">polycopi\u00e9s de stages olympiques<\/a>,<\/li>\n<li>les <a href=\"http:\/\/maths-olympiques.fr\/?page_id=71\">archives des envois<\/a>,<\/li>\n<li>les <a href=\"http:\/\/maths-olympiques.fr\/?page_id=479\">archives des tests de s\u00e9lections<\/a>,<\/li>\n<li>les <a href=\"http:\/\/maths-olympiques.fr\/?page_id=69\">archives des coupes Animath<\/a>.<\/li>\n<\/ul>\n<p>N&#8217;h\u00e9sitez pas \u00e0 y piocher des exercices d&#8217;entra\u00eenement sur tous les th\u00e8mes !<\/p>\n","protected":false},"excerpt":{"rendered":"<p>Ici sont r\u00e9unis les diff\u00e9rents cours et exercices corrig\u00e9s propos\u00e9s au cours des derni\u00e8res ann\u00e9es de pr\u00e9paration olympique : les polycopi\u00e9s de stages olympiques, les archives des envois, les archives des tests de s\u00e9lections, les archives des coupes Animath. N&#8217;h\u00e9sitez pas \u00e0 y piocher des exercices d&#8217;entra\u00eenement sur tous les th\u00e8mes !<\/p>\n","protected":false},"author":3,"featured_media":0,"parent":0,"menu_order":0,"comment_status":"closed","ping_status":"closed","template":"","meta":{"footnotes":""},"class_list":["post-41","page","type-page","status-publish","hentry"],"_links":{"self":[{"href":"https:\/\/maths-olympiques.fr\/index.php?rest_route=\/wp\/v2\/pages\/41","targetHints":{"allow":["GET"]}}],"collection":[{"href":"https:\/\/maths-olympiques.fr\/index.php?rest_route=\/wp\/v2\/pages"}],"about":[{"href":"https:\/\/maths-olympiques.fr\/index.php?rest_route=\/wp\/v2\/types\/page"}],"author":[{"embeddable":true,"href":"https:\/\/maths-olympiques.fr\/index.php?rest_route=\/wp\/v2\/users\/3"}],"replies":[{"embeddable":true,"href":"https:\/\/maths-olympiques.fr\/index.php?rest_route=%2Fwp%2Fv2%2Fcomments&post=41"}],"version-history":[{"count":3,"href":"https:\/\/maths-olympiques.fr\/index.php?rest_route=\/wp\/v2\/pages\/41\/revisions"}],"predecessor-version":[{"id":483,"href":"https:\/\/maths-olympiques.fr\/index.php?rest_route=\/wp\/v2\/pages\/41\/revisions\/483"}],"wp:attachment":[{"href":"https:\/\/maths-olympiques.fr\/index.php?rest_route=%2Fwp%2Fv2%2Fmedia&parent=41"}],"curies":[{"name":"wp","href":"https:\/\/api.w.org\/{rel}","templated":true}]}}