{"id":22,"date":"2017-09-07T13:31:54","date_gmt":"2017-09-07T11:31:54","guid":{"rendered":"http:\/\/ofm.toonywood.org\/?page_id=22"},"modified":"2017-11-04T17:10:44","modified_gmt":"2017-11-04T16:10:44","slug":"ressources","status":"publish","type":"page","link":"https:\/\/maths-olympiques.fr\/?page_id=22","title":{"rendered":"Ressources"},"content":{"rendered":"<p>Cette rubrique contient des ressources permettant aux \u00e9l\u00e8ves de s&#8217;entra\u00eener. Tout d&#8217;abord, voici les <a href=\"http:\/\/maths-olympiques.fr\/?page_id=11\">cours de la POFM<\/a>, destin\u00e9s \u00e0 enseigner les notions importantes pour r\u00e9soudre les exercices d&#8217;olympiades.<\/p>\n<p>Vous trouverez aussi <a href=\"http:\/\/maths-olympiques.fr\/?page_id=67\">une liste de r\u00e9f\u00e9rences et de liens<\/a> int\u00e9ressants pour approfondir certaines notions, la plupart contenant aussi de nombreux exercices.<\/p>\n<p>Enfin, pour encore plus d&#8217;exercices (mais pr\u00e9sent\u00e9s de mani\u00e8re moins ordonn\u00e9e), vous pouvez aussi consulter les <a href=\"http:\/\/maths-olympiques.fr\/?page_id=41\">archives<\/a> des ann\u00e9es pr\u00e9c\u00e9dentes.<\/p>\n","protected":false},"excerpt":{"rendered":"<p>Cette rubrique contient des ressources permettant aux \u00e9l\u00e8ves de s&#8217;entra\u00eener. Tout d&#8217;abord, voici les cours de la POFM, destin\u00e9s \u00e0 enseigner les notions importantes pour r\u00e9soudre les exercices d&#8217;olympiades. Vous trouverez aussi une liste de r\u00e9f\u00e9rences et de liens int\u00e9ressants pour approfondir certaines notions, la plupart contenant aussi de nombreux exercices. Enfin, pour encore plus &hellip; <\/p>\n<p class=\"link-more\"><a href=\"https:\/\/maths-olympiques.fr\/?page_id=22\" class=\"more-link\">Continuer la lecture<span class=\"screen-reader-text\"> de &laquo;&nbsp;Ressources&nbsp;&raquo;<\/span><\/a><\/p>\n","protected":false},"author":3,"featured_media":0,"parent":0,"menu_order":0,"comment_status":"closed","ping_status":"closed","template":"","meta":{"footnotes":""},"class_list":["post-22","page","type-page","status-publish","hentry"],"_links":{"self":[{"href":"https:\/\/maths-olympiques.fr\/index.php?rest_route=\/wp\/v2\/pages\/22","targetHints":{"allow":["GET"]}}],"collection":[{"href":"https:\/\/maths-olympiques.fr\/index.php?rest_route=\/wp\/v2\/pages"}],"about":[{"href":"https:\/\/maths-olympiques.fr\/index.php?rest_route=\/wp\/v2\/types\/page"}],"author":[{"embeddable":true,"href":"https:\/\/maths-olympiques.fr\/index.php?rest_route=\/wp\/v2\/users\/3"}],"replies":[{"embeddable":true,"href":"https:\/\/maths-olympiques.fr\/index.php?rest_route=%2Fwp%2Fv2%2Fcomments&post=22"}],"version-history":[{"count":5,"href":"https:\/\/maths-olympiques.fr\/index.php?rest_route=\/wp\/v2\/pages\/22\/revisions"}],"predecessor-version":[{"id":630,"href":"https:\/\/maths-olympiques.fr\/index.php?rest_route=\/wp\/v2\/pages\/22\/revisions\/630"}],"wp:attachment":[{"href":"https:\/\/maths-olympiques.fr\/index.php?rest_route=%2Fwp%2Fv2%2Fmedia&parent=22"}],"curies":[{"name":"wp","href":"https:\/\/api.w.org\/{rel}","templated":true}]}}