{"id":20,"date":"2017-09-07T13:31:37","date_gmt":"2017-09-07T11:31:37","guid":{"rendered":"http:\/\/ofm.toonywood.org\/?page_id=20"},"modified":"2024-12-06T11:44:15","modified_gmt":"2024-12-06T10:44:15","slug":"faire-un-don","status":"publish","type":"page","link":"https:\/\/maths-olympiques.fr\/?page_id=20","title":{"rendered":"Comment nous soutenir ?"},"content":{"rendered":"<h2>Faire un don<\/h2>\n<p>Nous avons besoin de votre aide pour permettre au plus grand nombre possible d&#8217;\u00e9l\u00e8ves de participer \u00e0 nos activit\u00e9s. Le nombre d&#8217;\u00e9l\u00e8ves participant \u00e0 la POFM est pass\u00e9 d&#8217;une vingtaine en 2010 \u00e0 plus d&#8217;une centaine aujourd&#8217;hui, et nous essayons autant que possible de limiter les co\u00fbts pour les familles des participants.<\/p>\n<p>Pour nous soutenir financi\u00e8rement, vous pouvez <a href=\"http:\/\/www.animath.fr\/adhesion\/\">faire un don<\/a> \u00e0 l&#8217;association Animath, en pr\u00e9cisant que ce don est pour la POFM.<\/p>\n<h2>S&#8217;engager comme b\u00e9n\u00e9vole<\/h2>\n<p>La pr\u00e9paration des tests, des envois, la correction des copies et l&#8217;organisation des stages sont enti\u00e8rement g\u00e9r\u00e9es par des b\u00e9n\u00e9voles, dont notamment d&#8217;anciens participants. Nous avons donc besoin de b\u00e9n\u00e9voles pour :<\/p>\n<ul>\n<li>corriger des copies de test et d&#8217;envois,<\/li>\n<li>trouver des sujets d&#8217;envois et de test,<\/li>\n<li>donner des cours durant nos stages et participer \u00e0 leur organisation,<\/li>\n<li>mettre en place certains outils informatiques,<\/li>\n<li>nous aider \u00e0 nous occuper des t\u00e2ches administratives.<\/li>\n<\/ul>\n<p>Si vous souhaitez nous aider \u00e0 poursuivre nos actions, vous pouvez nous contacter \u00e0 l&#8217;adresse suivante : <a href=\"mailto:contact-pofm@animath.fr\">contact-pofm@animath.fr<\/a>.<\/p>\n<h2>Adh\u00e9rer \u00e0 Animath<\/h2>\n<p>L&#8217;association Animath organise de nombreuses actions pour promouvoir les math\u00e9matiques aupr\u00e8s des coll\u00e9giens et lyc\u00e9ens. Si vous \u00eates parent d&#8217;\u00e9l\u00e8ve ou si vous \u00eates int\u00e9ress\u00e9 par nos actions, nous vous encourageons \u00e0 <a href=\"http:\/\/www.animath.fr\/adhesion\/\">adh\u00e9rer \u00e0 Animath<\/a>.<\/p>\n","protected":false},"excerpt":{"rendered":"<p>Faire un don Nous avons besoin de votre aide pour permettre au plus grand nombre possible d&#8217;\u00e9l\u00e8ves de participer \u00e0 nos activit\u00e9s. Le nombre d&#8217;\u00e9l\u00e8ves participant \u00e0 la POFM est pass\u00e9 d&#8217;une vingtaine en 2010 \u00e0 plus d&#8217;une centaine aujourd&#8217;hui, et nous essayons autant que possible de limiter les co\u00fbts pour les familles des participants. &hellip; <\/p>\n<p class=\"link-more\"><a href=\"https:\/\/maths-olympiques.fr\/?page_id=20\" class=\"more-link\">Continuer la lecture<span class=\"screen-reader-text\"> de &laquo;&nbsp;Comment nous soutenir ?&nbsp;&raquo;<\/span><\/a><\/p>\n","protected":false},"author":3,"featured_media":0,"parent":24,"menu_order":0,"comment_status":"closed","ping_status":"closed","template":"","meta":{"footnotes":""},"class_list":["post-20","page","type-page","status-publish","hentry"],"_links":{"self":[{"href":"https:\/\/maths-olympiques.fr\/index.php?rest_route=\/wp\/v2\/pages\/20","targetHints":{"allow":["GET"]}}],"collection":[{"href":"https:\/\/maths-olympiques.fr\/index.php?rest_route=\/wp\/v2\/pages"}],"about":[{"href":"https:\/\/maths-olympiques.fr\/index.php?rest_route=\/wp\/v2\/types\/page"}],"author":[{"embeddable":true,"href":"https:\/\/maths-olympiques.fr\/index.php?rest_route=\/wp\/v2\/users\/3"}],"replies":[{"embeddable":true,"href":"https:\/\/maths-olympiques.fr\/index.php?rest_route=%2Fwp%2Fv2%2Fcomments&post=20"}],"version-history":[{"count":6,"href":"https:\/\/maths-olympiques.fr\/index.php?rest_route=\/wp\/v2\/pages\/20\/revisions"}],"predecessor-version":[{"id":15538,"href":"https:\/\/maths-olympiques.fr\/index.php?rest_route=\/wp\/v2\/pages\/20\/revisions\/15538"}],"up":[{"embeddable":true,"href":"https:\/\/maths-olympiques.fr\/index.php?rest_route=\/wp\/v2\/pages\/24"}],"wp:attachment":[{"href":"https:\/\/maths-olympiques.fr\/index.php?rest_route=%2Fwp%2Fv2%2Fmedia&parent=20"}],"curies":[{"name":"wp","href":"https:\/\/api.w.org\/{rel}","templated":true}]}}