{"id":18,"date":"2017-09-07T13:30:43","date_gmt":"2017-09-07T11:30:43","guid":{"rendered":"http:\/\/ofm.toonywood.org\/?page_id=18"},"modified":"2025-10-22T16:25:55","modified_gmt":"2025-10-22T14:25:55","slug":"qui-sommes-nous","status":"publish","type":"page","link":"https:\/\/maths-olympiques.fr\/?page_id=18","title":{"rendered":"Qui sommes-nous ?"},"content":{"rendered":"<p>La POFM est une action de l&#8217;association <a href=\"http:\/\/www.animath.fr\/?lang=fr\">Animath<\/a>.<\/p>\n<p><a href=\"http:\/\/animath.fr\"><img loading=\"lazy\" decoding=\"async\" class=\"wp-image-914 size-medium aligncenter\" src=\"http:\/\/maths-olympiques.fr\/wp-content\/uploads\/2018\/05\/logo-animath-300x120.png\" alt=\"\" width=\"300\" height=\"120\" srcset=\"https:\/\/maths-olympiques.fr\/wp-content\/uploads\/2018\/05\/logo-animath-300x120.png 300w, https:\/\/maths-olympiques.fr\/wp-content\/uploads\/2018\/05\/logo-animath.png 671w\" sizes=\"auto, (max-width: 300px) 100vw, 300px\" \/><\/a><\/p>\n<p>L&#8217;\u00e9quipe de la POFM est enti\u00e8rement b\u00e9n\u00e9vole. La plupart des membres sont d&#8217;anciens participants. Environ 30 \u00e0 40 personnes aident tous les ans \u00e0 l&#8217;organisation. Voici la composition du bureau de la POFM pour l&#8217;ann\u00e9e 2025-2026 :<\/p>\n<ul>\n<li>Paul Averous<\/li>\n<li>Aline Cahuzac<\/li>\n<li>Antoine Derimay<\/li>\n<li>Rapha\u00ebl Ducatez<\/li>\n<li>Emilhan D\u00fcrr\u00fcoglu<\/li>\n<li>Aur\u00e9lien Fourr\u00e9<\/li>\n<li>Vincent Jug\u00e9<\/li>\n<li>Th\u00e9o Lenoir<\/li>\n<li>R\u00e9mi Lesbats<\/li>\n<li>Baptiste Serraille<\/li>\n<\/ul>\n<p>Voici une vid\u00e9o pr\u00e9sentant nos activit\u00e9s durant l&#8217;ann\u00e9e :\u00a0<a href=\"https:\/\/youtu.be\/t0CQ809mpYo\">https:\/\/youtu.be\/t0CQ809mpYo<\/a><\/p>\n","protected":false},"excerpt":{"rendered":"<p>La POFM est une action de l&#8217;association Animath. L&#8217;\u00e9quipe de la POFM est enti\u00e8rement b\u00e9n\u00e9vole. La plupart des membres sont d&#8217;anciens participants. Environ 30 \u00e0 40 personnes aident tous les ans \u00e0 l&#8217;organisation. Voici la composition du bureau de la POFM pour l&#8217;ann\u00e9e 2025-2026 : Paul Averous Aline Cahuzac Antoine Derimay Rapha\u00ebl Ducatez Emilhan D\u00fcrr\u00fcoglu &hellip; <\/p>\n<p class=\"link-more\"><a href=\"https:\/\/maths-olympiques.fr\/?page_id=18\" class=\"more-link\">Continuer la lecture<span class=\"screen-reader-text\"> de &laquo;&nbsp;Qui sommes-nous ?&nbsp;&raquo;<\/span><\/a><\/p>\n","protected":false},"author":3,"featured_media":0,"parent":24,"menu_order":0,"comment_status":"closed","ping_status":"closed","template":"","meta":{"footnotes":""},"class_list":["post-18","page","type-page","status-publish","hentry"],"_links":{"self":[{"href":"https:\/\/maths-olympiques.fr\/index.php?rest_route=\/wp\/v2\/pages\/18","targetHints":{"allow":["GET"]}}],"collection":[{"href":"https:\/\/maths-olympiques.fr\/index.php?rest_route=\/wp\/v2\/pages"}],"about":[{"href":"https:\/\/maths-olympiques.fr\/index.php?rest_route=\/wp\/v2\/types\/page"}],"author":[{"embeddable":true,"href":"https:\/\/maths-olympiques.fr\/index.php?rest_route=\/wp\/v2\/users\/3"}],"replies":[{"embeddable":true,"href":"https:\/\/maths-olympiques.fr\/index.php?rest_route=%2Fwp%2Fv2%2Fcomments&post=18"}],"version-history":[{"count":14,"href":"https:\/\/maths-olympiques.fr\/index.php?rest_route=\/wp\/v2\/pages\/18\/revisions"}],"predecessor-version":[{"id":17687,"href":"https:\/\/maths-olympiques.fr\/index.php?rest_route=\/wp\/v2\/pages\/18\/revisions\/17687"}],"up":[{"embeddable":true,"href":"https:\/\/maths-olympiques.fr\/index.php?rest_route=\/wp\/v2\/pages\/24"}],"wp:attachment":[{"href":"https:\/\/maths-olympiques.fr\/index.php?rest_route=%2Fwp%2Fv2%2Fmedia&parent=18"}],"curies":[{"name":"wp","href":"https:\/\/api.w.org\/{rel}","templated":true}]}}