{"id":17692,"date":"2025-10-24T00:08:03","date_gmt":"2025-10-23T22:08:03","guid":{"rendered":"https:\/\/maths-olympiques.fr\/?page_id=17692"},"modified":"2026-04-23T13:41:51","modified_gmt":"2026-04-23T11:41:51","slug":"la-pofm-2025-2026","status":"publish","type":"page","link":"https:\/\/maths-olympiques.fr\/?page_id=17692","title":{"rendered":"La POFM 2025-2026"},"content":{"rendered":"<h2>Calendrier de la POFM pour l&#8217;ann\u00e9e scolaire 2025-2026<\/h2>\n<h4>Coupe Animath d&#8217;automne<\/h4>\n<ul>\n<li>Le premier tour de la <a href=\"https:\/\/maths-olympiques.fr\/?p=17401\">Coupe Animath d&#8217;automne<\/a> a eu lieu en temps limit\u00e9 du 12 au 14 septembre.<\/li>\n<li>Le deuxi\u00e8me tour de la Coupe s&#8217;est d\u00e9roul\u00e9 le 1 octobre 2025. Les r\u00e9sultats de la coupe sont disponibles <a href=\"https:\/\/maths-olympiques.fr\/?p=17657\">ici<\/a>.<\/li>\n<\/ul>\n<h4>Les stages<\/h4>\n<ul>\n<li>Stage junior, du 27 au 31 octobre.<\/li>\n<li>Stage olympique de f\u00e9vrier du 16 au 21 f\u00e9vrier.<\/li>\n<li>Stage de Valbonne en ao\u00fbt.<\/li>\n<\/ul>\n<h4>Les cours en ligne.<\/h4>\n<p>Voici le calendrier <em>pr\u00e9visionnel<\/em> des cours en ligne :<\/p>\n<ul>\n<li>8-9 novembre (g\u00e9om\u00e9trie)<\/li>\n<li>6-7 d\u00e9cembre (alg\u00e8bre)<\/li>\n<li>3-4 janvier (arithm\u00e9tique)<\/li>\n<li>31 janvier-1 f\u00e9vrier (combinatoire)<\/li>\n<li>\u00e0 confirmer (pot pourri)<\/li>\n<\/ul>\n<h4>Les envois et tests<\/h4>\n<ul>\n<li style=\"list-style-type: none;\">\n<ul>\n<li>Envoi 1 : g\u00e9om\u00e9trie, \u00e0 renvoyer pour le 26 novembre. <a href=\"https:\/\/maths-olympiques.fr\/wp-content\/uploads\/2025\/10\/Sujet-envoi-1-2025-2026.pdf\">Sujet<\/a>. <a href=\"https:\/\/maths-olympiques.fr\/wp-content\/uploads\/2025\/12\/2025-Corrige-Geo-envoi.pdf\">Corrig\u00e9 comment\u00e9<\/a>. <a href=\"https:\/\/maths-olympiques.fr\/?p=17980\">R\u00e9sultats<\/a>.<\/li>\n<li>Envoi 2 : alg\u00e8bre, \u00e0 renvoyer pour le 27 d\u00e9cembre. <a href=\"https:\/\/maths-olympiques.fr\/wp-content\/uploads\/2025\/11\/Envoi_Algebre_2025-2.pdf\">Sujet<\/a>. <a href=\"https:\/\/maths-olympiques.fr\/wp-content\/uploads\/2026\/01\/2025-2026-Envoi-Algebre-Corrige.pdf\">Corrig\u00e9 comment\u00e9<\/a>. <a href=\"https:\/\/maths-olympiques.fr\/?p=18076\">R\u00e9sultats<\/a>.<\/li>\n<li>Envoi 3 : arithm\u00e9tique, \u00e0 renvoyer pour le 29 janvier. <a href=\"https:\/\/maths-olympiques.fr\/wp-content\/uploads\/2025\/12\/Envoi_TN_2026-3.pdf\">Sujet<\/a>. <a href=\"https:\/\/maths-olympiques.fr\/wp-content\/uploads\/2026\/02\/2025-2026-TN-corrige.pdf\">Corrig\u00e9 comment\u00e9<\/a>. <a href=\"https:\/\/maths-olympiques.fr\/?p=18479\">R\u00e9sultats<\/a>. <\/li>\n<li>Envoi 4 : combinatoire, \u00e0 renvoyer pour le 2 mars. <a href=\"https:\/\/maths-olympiques.fr\/wp-content\/uploads\/2026\/02\/2025-2026-Envoi-Combi-.pdf\">Sujet<\/a>. <a href=\"https:\/\/maths-olympiques.fr\/wp-content\/uploads\/2026\/03\/2025-2026-Envoi-Combi-corrige.pdf\">Corrig\u00e9 comment\u00e9<\/a>. <a href=\"https:\/\/maths-olympiques.fr\/?p=18953\">R\u00e9sultats<\/a>. <\/li>\n<li>Envoi 5 : pot pourri, \u00e0 renvoyer pour le 3 avril. <a href=\"https:\/\/maths-olympiques.fr\/wp-content\/uploads\/2026\/03\/2025-2026-Pot-Pourri-Sujet.pdf\">Sujet<\/a>. <a href=\"https:\/\/maths-olympiques.fr\/wp-content\/uploads\/2026\/04\/Envoi_Pot_Pourri_2026_Corrige.pdf\">Corrig\u00e9<\/a>.<\/li>\n<\/ul>\n<\/li>\n<\/ul>\n<p>Calendrier pr\u00e9visionnel pour les tests.<\/p>\n<ul>\n<li style=\"list-style-type: none;\">\n<ul>\n<li>Test du 19 novembre, r\u00e9serv\u00e9 aux \u00e9l\u00e8ves du groupe Senior, aux juniors en premi\u00e8re, et aux \u00e9l\u00e8ves s&#8217;\u00e9tant qualifi\u00e9s \u00e0 l&#8217;OFM Junior ou \u00e0 la JBMO de l&#8217;ann\u00e9e pass\u00e9e.  <a href=\"https:\/\/maths-olympiques.fr\/?p=17905\">R\u00e9sultats<\/a>.<\/li>\n<li>Test du 14 janvier. <a href=\"https:\/\/maths-olympiques.fr\/?p=18066\">R\u00e9sultats<\/a>.<\/li>\n<li>Test du 18 et 19 f\u00e9vrier. <a href=\"https:\/\/maths-olympiques.fr\/?p=18658\">R\u00e9sultats<\/a>.<\/li>\n<li>Test du 25 mars. <a href=\"https:\/\/maths-olympiques.fr\/?p=18957\">R\u00e9sultats<\/a>.<\/li>\n<li>Test du 12 mai.<\/li>\n<\/ul>\n<ul>\n<li>Vous pouvez consulter les nombreuses ressources disponibles en ligne, \u00e0 commencer par les <a href=\"https:\/\/maths-olympiques.fr\/?page_id=11\">cours de la POFM<\/a>.<br \/>\n<h2>Comp\u00e9titions internationales<\/h2>\n<ul>\n<li>l&#8217;<strong>European Mathematical Cup<\/strong> (<strong>EMC<\/strong>) ; une quinzaine d&#8217;\u00e9l\u00e8ves du groupe Senior y participeront, sur la base de leurs r\u00e9sultats au test n\u00b01 ; l&#8217;\u00e9preuve se passera \u00e0 Paris, sur une dur\u00e9e de 4 heures, le 17 d\u00e9cembre. Les \u00e9l\u00e8ves s\u00e9lectionn\u00e9s sont Matt\u00e9o Argentin, Nils Desurmont, Hadrien Faucheu, Samuel Faucheu, Malone Heim, Itza Herv\u00e9-Arrouays, Matan Isra\u00ebl, Ruirong Li, Adrien Michaux, Tristan Nguyen, Marin Renaudineau, Kyrill Rovinsky, Antoine Saez Dumas, Iyed Sa\u00efdana, William Sithisak, Michel Yang, Benjamin Zheng.<\/li>\n<li>le <strong>Romanian Master of Mathematics<\/strong> (<strong>RMM<\/strong>) ; 6 \u00e9l\u00e8ves du groupe Senior y participeront, sur la base de leurs r\u00e9sultats au test n\u00b01 et \u00e0 l&#8217;EMC ; le RMM aura lieu \u00e0 Bucarest en Roumanie du 23 au 28 f\u00e9vrier. L&#8217;\u00e9quipe sera compos\u00e9e de Matt\u00e9o Argentin, Hadrien Faucheu, Malone Heim, Ruirong Li, Tristan Nguyen, Kyrill Rovinsky et encadr\u00e9e par R\u00e9mi Lesbats et Anatole Bouton.<\/li>\n<li>l&#8217;<strong>Olympiade Balkanique de Math\u00e9matiques<\/strong> (<strong>BMO<\/strong>) ; 6 \u00e9l\u00e8ves du groupe Senior y participeront, sur la base de leurs r\u00e9sultats aux tests n\u00b01, 2 et 3 ; la BMO aura lieu \u00e0 Thessalonique en Gr\u00e8ce, du 3 au 8 mai. L&#8217;\u00e9quipe sera compos\u00e9e de H\u00e9lie Bernard, Nils Desurmont, Hadrien Faucheu, Tristan Nguyen, Noah Studnia et Benjamin Zheng, et encadr\u00e9e par Antoine Derimay et Paul Averous.<\/li>\n<li>l&#8217;<strong>Olympiade Francophone de Math\u00e9matiques<\/strong> (<strong>OFM<\/strong>) ; 6 \u00e9l\u00e8ves du groupe Junior et 6 \u00e9l\u00e8ves du groupe Senior y participeront, sur la base de leurs r\u00e9sultats aux tests n\u00b01 (pour les Seniors), 2, 3 ; l&#8217;OFM se passera \u00e0 Paris, du 27 au 29 mars. L&#8217;\u00e9quipe junior sera compos\u00e9e de Cl\u00e9ment Viet Phong Dang, Assem Hamwi, No\u00e9 Li, Lionel Qu, Ralph Reynaud et Genevi\u00e8ve Rolet, et encadr\u00e9e par Melvil Treilleux et Kevin Priol. L&#8217;\u00e9quipe senior sera compos\u00e9e de Ulysse Bersillon, Matan Isra\u00ebl, Thibault Monnier, Iyed Sa\u00efdana, William Sithisak et Colin Sur-Cortier, et encadr\u00e9e par Paul Averous et Ga\u00ebtan Dautzenberg.<\/li>\n<li>l&#8217;<strong>Olympiade Europ\u00e9enne de Math\u00e9matiques<\/strong> (<strong>EMO<\/strong>) ; 6 \u00e9l\u00e8ves du groupe Senior y participeront, sur la base de leurs r\u00e9sultats aux tests n\u00b01, 2 et 3 ; l&#8217;EMO aura lieu \u00e0 Vilnius en Lituanie du 23 au 29 avril. L&#8217;\u00e9quipe sera compos\u00e9e de Matt\u00e9o Argentin, Malone Heim, Itza Herv\u00e9-Arrouays, Marin Renaudineau, Kyrill Rovinsky et Antoine Saez Dumas, et encadr\u00e9e par Baptiste Serraille et Ga\u00ebtan Dautzenberg.<\/li>\n<li>l&#8217;<strong>Olympiade Europ\u00e9enne F\u00e9minine de Math\u00e9matiques<\/strong> (<strong>EGMO<\/strong>) ; la France organisant l\u2019EGMO cette ann\u00e9e, exceptionnellement 8 lyc\u00e9ennes du groupe Senior y participeront, sur la base de leurs r\u00e9sultats aux tests n\u00b01, 2 et 3 ; l&#8217;EGMO aura lieu \u00e0 Bordeaux (France) du 9 avril au 15 avril. L&#8217;\u00e9quipe A sera compos\u00e9e de Tha\u00efs Champetier, In\u00e8s Fischler, Noemi Kempe Regev et Ruirong Li, et encadr\u00e9e par Elsa Lubek et Clara Ding, et l&#8217;\u00e9quipe B sera compos\u00e9e de Aminaa Batsaikhan, Louise Deloye, Sidonie Marquer Buffon et Cl\u00e9mence Pham, et encadr\u00e9e par Maryam Kouhkan et Hannah Faucheu.<\/li>\n<li>l&#8217;<strong>Olympiade Balkanique Junior de Math\u00e9matiques<\/strong> (<strong>JBMO<\/strong>) ; 6 \u00e9l\u00e8ves du groupe Junior y participeront, sur la base de leurs r\u00e9sultats aux tests n\u00b02, 3, 4 et 5 ; la JBMO aura lieu en Roumanie \u00e0 Buz\u0103u du 15 au 20 juin.<\/li>\n<li>l&#8217;<strong>Olympiade Internationale de Math\u00e9matiques<\/strong> (<strong>OIM<\/strong>) ; 6 \u00e9l\u00e8ves du groupe Senior y participeront, sur la base de leurs r\u00e9sultats aux tests n\u00b01, 2, 3, 4 et 5 ; l&#8217;OIM aura lieu \u00e0 Shanghai (Chine) du 10 juillet au 21 juillet.<\/li>\n<\/ul>\n<\/li>\n<\/ul>\n<\/li>\n<\/ul>\n","protected":false},"excerpt":{"rendered":"<p>Calendrier de la POFM pour l&#8217;ann\u00e9e scolaire 2025-2026 Coupe Animath d&#8217;automne Le premier tour de la Coupe Animath d&#8217;automne a eu lieu en temps limit\u00e9 du 12 au 14 septembre. Le deuxi\u00e8me tour de la Coupe s&#8217;est d\u00e9roul\u00e9 le 1 octobre 2025. Les r\u00e9sultats de la coupe sont disponibles ici. Les stages Stage junior, du &hellip; <\/p>\n<p class=\"link-more\"><a href=\"https:\/\/maths-olympiques.fr\/?page_id=17692\" class=\"more-link\">Continuer la lecture<span class=\"screen-reader-text\"> de &laquo;&nbsp;La POFM 2025-2026&nbsp;&raquo;<\/span><\/a><\/p>\n","protected":false},"author":14,"featured_media":0,"parent":0,"menu_order":0,"comment_status":"closed","ping_status":"closed","template":"","meta":{"footnotes":""},"class_list":["post-17692","page","type-page","status-publish","hentry"],"_links":{"self":[{"href":"https:\/\/maths-olympiques.fr\/index.php?rest_route=\/wp\/v2\/pages\/17692","targetHints":{"allow":["GET"]}}],"collection":[{"href":"https:\/\/maths-olympiques.fr\/index.php?rest_route=\/wp\/v2\/pages"}],"about":[{"href":"https:\/\/maths-olympiques.fr\/index.php?rest_route=\/wp\/v2\/types\/page"}],"author":[{"embeddable":true,"href":"https:\/\/maths-olympiques.fr\/index.php?rest_route=\/wp\/v2\/users\/14"}],"replies":[{"embeddable":true,"href":"https:\/\/maths-olympiques.fr\/index.php?rest_route=%2Fwp%2Fv2%2Fcomments&post=17692"}],"version-history":[{"count":35,"href":"https:\/\/maths-olympiques.fr\/index.php?rest_route=\/wp\/v2\/pages\/17692\/revisions"}],"predecessor-version":[{"id":19410,"href":"https:\/\/maths-olympiques.fr\/index.php?rest_route=\/wp\/v2\/pages\/17692\/revisions\/19410"}],"wp:attachment":[{"href":"https:\/\/maths-olympiques.fr\/index.php?rest_route=%2Fwp%2Fv2%2Fmedia&parent=17692"}],"curies":[{"name":"wp","href":"https:\/\/api.w.org\/{rel}","templated":true}]}}