{"id":15390,"date":"2024-10-27T22:19:31","date_gmt":"2024-10-27T21:19:31","guid":{"rendered":"https:\/\/maths-olympiques.fr\/?page_id=15390"},"modified":"2025-10-25T18:12:46","modified_gmt":"2025-10-25T16:12:46","slug":"la-pofm-2024-2025","status":"publish","type":"page","link":"https:\/\/maths-olympiques.fr\/?page_id=15390","title":{"rendered":"La POFM 2024-2025"},"content":{"rendered":"<h2>Calendrier de la POFM pour l&#8217;ann\u00e9e scolaire 2024-2025<\/h2>\n<h4>Coupe Animath d&#8217;automne<\/h4>\n<ul>\n<li>Le premier tour de la <a href=\"https:\/\/maths-olympiques.fr\/?p=15333\">Coupe Animath d&#8217;automne<\/a> a eu lieu en temps limit\u00e9 du 13 au 15 septembre.<\/li>\n<li>Le deuxi\u00e8me tour de la Coupe s&#8217;est d\u00e9roul\u00e9 le 2 octobre 2023. Les r\u00e9sultats de la coupe sont disponibles <a href=\"https:\/\/maths-olympiques.fr\/?p=15368\">ici<\/a>.<\/li>\n<\/ul>\n<h4>Les stages<\/h4>\n<ul>\n<li>Stage junior, du 28 octobre au 1 novembre.<\/li>\n<li>Stage olympique de f\u00e9vrier, du 17 au 22 f\u00e9vrier<\/li>\n<li>Stage de Valbonne, du 14 au 25 ao\u00fbt.<\/li>\n<\/ul>\n<h4>Les cours en ligne.<\/h4>\n<p>Voici le calendrier des cours en ligne :<\/p>\n<ul>\n<li>9-10 novembre (g\u00e9om\u00e9trie)<\/li>\n<li>7-8 d\u00e9cembre (alg\u00e8bre)<\/li>\n<li>4-5 janvier (arithm\u00e9tique)<\/li>\n<li>1-2 f\u00e9vrier (combinatoire)<\/li>\n<li>15-16 mars (pot pourri)<\/li>\n<\/ul>\n<h4>Les envois et tests<\/h4>\n<ul>\n<li style=\"list-style-type: none;\">\n<ul>\n<li>Envoi 1 : g\u00e9om\u00e9trie, \u00e0 renvoyer pour le 8 d\u00e9cembre. <a href=\"https:\/\/maths-olympiques.fr\/wp-content\/uploads\/2024\/11\/Sujet-envoi-1-2024-2025.pdf\">Sujet<\/a>. <a href=\"https:\/\/maths-olympiques.fr\/wp-content\/uploads\/2025\/01\/Corrige-envoi-1-2024-2025.pdf\">Corrig\u00e9 comment\u00e9<\/a>. <a href=\"https:\/\/maths-olympiques.fr\/?p=15631\">R\u00e9sultats<\/a>.<\/li>\n<li>Envoi 2 : alg\u00e8bre, \u00e0 renvoyer pour le 13 janvier. <a href=\"https:\/\/maths-olympiques.fr\/wp-content\/uploads\/2024\/12\/Sujet-envoi-2-2024-2025.pdf\">Sujet<\/a>. <a href=\"https:\/\/maths-olympiques.fr\/wp-content\/uploads\/2025\/01\/Corrige-envoi-2-2024-2025.pdf\">Corrig\u00e9 comment\u00e9<\/a>. <a href=\"https:\/\/maths-olympiques.fr\/?p=15869\">R\u00e9sultats<\/a>.<\/li>\n<li>Envoi 3 : arithm\u00e9tique, \u00e0 renvoyer pour le 15 f\u00e9vrier. <a href=\"https:\/\/maths-olympiques.fr\/wp-content\/uploads\/2025\/01\/Sujet-envoi-3-2024-2025.pdf\">Sujet<\/a>. <a href=\"https:\/\/maths-olympiques.fr\/wp-content\/uploads\/2025\/03\/Corrige-envoi-3-2024-2025.pdf\">Corrig\u00e9 comment\u00e9<\/a>. <a href=\"https:\/\/maths-olympiques.fr\/?p=16047\">R\u00e9sultats<\/a>.<\/li>\n<li>Envoi 4 : combinatoire, \u00e0 renvoyer pour le 6 avril. <a href=\"https:\/\/maths-olympiques.fr\/wp-content\/uploads\/2025\/03\/Sujet-envoi-4-2024-2025.pdf\">Sujet.<\/a> <a href=\"https:\/\/maths-olympiques.fr\/wp-content\/uploads\/2025\/05\/Corrige-envoi-4-2024-2025.pdf\">Corrig\u00e9 comment\u00e9<\/a>. <a href=\"https:\/\/maths-olympiques.fr\/?p=16385\">R\u00e9sultats<\/a>.<\/li>\n<li>Envoi 5 : pot pourri, \u00e0 renvoyer pour le 17 mai. <a href=\"https:\/\/maths-olympiques.fr\/wp-content\/uploads\/2025\/04\/Sujet-envoi-5-2024-2025.pdf\">Sujet.<\/a> <a href=\"https:\/\/maths-olympiques.fr\/wp-content\/uploads\/2025\/06\/Corrige-envoi-5-2024-2025.pdf\">Corrig\u00e9 comment\u00e9 <\/a>. <a href=\"https:\/\/maths-olympiques.fr\/?p=16472\">R\u00e9sultats<\/a>. <\/li>\n<\/ul>\n<\/li>\n<\/ul>\n<p>Calendrier pr\u00e9visionnel pour les tests.<\/p>\n<ul>\n<li style=\"list-style-type: none;\">\n<ul>\n<li>Test du 20 novembre, r\u00e9serv\u00e9 aux lyc\u00e9ens et aux \u00e9l\u00e8ves du groupe Senior. <a href=\"https:\/\/maths-olympiques.fr\/wp-content\/uploads\/2025\/10\/Sujet-Test-1-2024-2025.pdf\">Sujet<\/a>. <a href=\"https:\/\/maths-olympiques.fr\/wp-content\/uploads\/2025\/10\/Corrige-Test-1-2024-2025.pdf\">Corrig\u00e9 comment\u00e9<\/a>. <a href=\"https:\/\/maths-olympiques.fr\/?p=15535\">R\u00e9sultats<\/a>.<\/li>\n<li>Test du 15 janvier. <a href=\"https:\/\/maths-olympiques.fr\/wp-content\/uploads\/2025\/10\/Sujet-Test-2-2024-2025.pdf\">Sujet<\/a>. <a href=\"https:\/\/maths-olympiques.fr\/wp-content\/uploads\/2025\/10\/Corrige-Test-2-2024-2025.pdf\">Corrig\u00e9 comment\u00e9<\/a>. <a href=\"https:\/\/maths-olympiques.fr\/?p=15648\">R\u00e9sultats<\/a>.<\/li>\n<li>Tests du 21 et 22 f\u00e9vrier.  <a href=\"https:\/\/maths-olympiques.fr\/wp-content\/uploads\/2025\/10\/Sujet-Test-3-2024-2025.pdf\">Sujets<\/a>. <a href=\"https:\/\/maths-olympiques.fr\/wp-content\/uploads\/2025\/10\/Corrige-Test-3-2024-2025.pdf\">Corrig\u00e9s comment\u00e9s<\/a>. <a href=\"https:\/\/maths-olympiques.fr\/?p=15923\">R\u00e9sultats<\/a>.<\/li>\n<li>Test du 2 avril. <a href=\"https:\/\/maths-olympiques.fr\/wp-content\/uploads\/2025\/10\/Sujet-Test-4-2024-2025.pdf\">Sujet<\/a>. <a href=\"https:\/\/maths-olympiques.fr\/wp-content\/uploads\/2025\/10\/Corrige-Test-4-2024-2025.pdf\">Corrig\u00e9 comment\u00e9 <\/a>. <a href=\"https:\/\/maths-olympiques.fr\/?p=16040\">R\u00e9sultats<\/a>.<\/li>\n<li>Test du 14 mai. <a href=\"https:\/\/maths-olympiques.fr\/wp-content\/uploads\/2025\/10\/Sujet-Test-5-2024-2025.pdf\">Sujet<\/a>. <a href=\"https:\/\/maths-olympiques.fr\/wp-content\/uploads\/2025\/10\/Corrige-Test-5-2024-2025.pdf\">Corrig\u00e9 comment\u00e9<\/a>. <a href=\"https:\/\/maths-olympiques.fr\/?p=16432\">R\u00e9sultats<\/a>.<\/li>\n<\/ul>\n<\/li>\n<li style=\"list-style-type: none;\">\n<ul>\n<li>Vous pouvez consulter les nombreuses ressources disponibles en ligne, \u00e0 commencer par les <a href=\"https:\/\/maths-olympiques.fr\/?page_id=11\">cours de la POFM<\/a>.<br \/>\n<h2>Comp\u00e9titions internationales<\/h2>\n<ul>\n<li>l&#8217;<strong>European Mathematical Cup<\/strong> (<strong>EMC<\/strong>) ; une quinzaine d&#8217;\u00e9l\u00e8ves du groupe Senior y participeront, sur la base de leurs r\u00e9sultats au test n\u00b01 ; l&#8217;\u00e9preuve se passera \u00e0 Paris, sur une dur\u00e9e de 4 heures, le 13 d\u00e9cembre. Les \u00e9l\u00e8ves s\u00e9lectionn\u00e9s sont Stefan Andrian Albescu, H\u00e9lie Bernard, Maxime Chevalier, Lancelot Chon\u00e9, Vlad Constantinescu, An Pha Dang, L\u00e9on Dugelay, Louis Duparc, Pierre Akin D\u00fcrru\u00fcoglu, Hadrien Faucheu, Itza Herv\u00e9-Arrouays, David Lei, Ruirong Li, Ukyo Nguyen, Solal Pivron-Djeddi, Marin Renaudineau, Kyrill Rovinsky, Paul Scheid, Martin Vidal-Oger.<\/li>\n<li>le <strong>Romanian Master of Mathematics<\/strong> (<strong>RMM<\/strong>) ; 6 \u00e9l\u00e8ves du groupe Senior y participeront, sur la base de leurs r\u00e9sultats au test n\u00b01 et \u00e0 l&#8217;EMC ; le RMM aura lieu en Roumanie du 10 au 15 f\u00e9vrier. L&#8217;\u00e9quipe sera compos\u00e9e de Lancelot Chon\u00e9, An Pha Dang, Pierre Akin D\u00fcrr\u00fcoglu, David Lei, Ruirong Li, Solal Pivron-Djeddi et encadr\u00e9e par Aur\u00e9lien Fourr\u00e9 et Th\u00e9o Lenoir.<\/li>\n<li>l&#8217;<strong>Olympiade Balkanique de Math\u00e9matiques<\/strong> (<strong>BMO<\/strong>) ; 6 \u00e9l\u00e8ves du groupe Senior y participeront, sur la base de leurs r\u00e9sultats aux tests n\u00b01, 2 et 3 ; la BMO aura lieu \u00e0 Sarajevo (Bosnie-Herz\u00e9govine) du 25 au 30 avril. L&#8217;\u00e9quipe sera compos\u00e9e de Stefan Andrian Albescu, Maxime Chevalier, Louis Duparc, Hadrien Faucheu, Kyrill Rovinsky, Martin Vidal Oger et accompagn\u00e9e par Baptiste Serraille et Antoine Derimay.<\/li>\n<li>l&#8217;<strong>Olympiade Francophone de Math\u00e9matiques<\/strong> (<strong>OFM<\/strong>) ; 6 \u00e9l\u00e8ves du groupe Junior et 6 \u00e9l\u00e8ves du groupe Senior y participeront, sur la base de leurs r\u00e9sultats aux tests n\u00b01 (pour les Seniors), 2, 3 ; l&#8217;OFM se passera \u00e0 Paris, du 21 au 23 mars. L&#8217;\u00e9quipe junior sera compos\u00e9e de Antoine Carriou, Iwan Etile, Samuel Faucheu, Rayan Nasserddine, Iyed Saidana, Noah Studnia et encadr\u00e9e par Paul Averous et Aimeric Duchemin. L&#8217;\u00e9quipe senior sera compos\u00e9e de H\u00e9lie Bernard, L\u00e9on Dugelay, Itza Herv\u00e9-Arrouays, Ukyo Nguyen, Bastien Puyou et Antoine Saez Dumas et encadr\u00e9e par Th\u00e9o Lenoir, Erik Desurmont et Anatole Bouton.<\/li>\n<li>l&#8217;<strong>Olympiade Europ\u00e9enne F\u00e9minine de Math\u00e9matiques<\/strong> (<strong>EGMO<\/strong>) ; 4 lyc\u00e9ennes du groupe Senior y participeront, sur la base de leurs r\u00e9sultats aux tests n\u00b01, 2 et 3 ; l&#8217;EGMO aura lieu \u00e0 Pristina (Kosovo) du 11 avril au 17 avril. L&#8217;\u00e9quipe sera compos\u00e9e de Louise Deloye, Ruirong Li, Camille Pawlowski et Margot Sur-Cortier et sera encadr\u00e9e par Aline Cahuzac et Elsa Lubek.<\/li>\n<li>l&#8217;<strong>Olympiade Balkanique Junior de Math\u00e9matiques<\/strong> (<strong>JBMO<\/strong>) ; 6 \u00e9l\u00e8ves du groupe Junior y participeront, sur la base de leurs r\u00e9sultats aux tests n\u00b02, 3, 4 et 5 ; la JBMO aura lieu \u00e0 Struga (Mac\u00e9doine du Nord) du 24 au 29 juin. L&#8217;\u00e9quipe sera compos\u00e9e de Samuel Faucheu, Marin Renaudineau, Kyrill Rovinsky, Iyed Saidana, Noah Studnia et Benjamin Zheng et encadr\u00e9e par Th\u00e9o Lenoir et Emilhan D\u00fcrr\u00fcoglu.<\/li>\n<li>l&#8217;<strong>Olympiade Internationale de Math\u00e9matiques<\/strong> (<strong>OIM<\/strong>) ; 6 \u00e9l\u00e8ves du groupe Senior y participeront, sur la base de leurs r\u00e9sultats aux tests n\u00b01, 2, 3, 4 et 5 ; l&#8217;OIM aura lieu \u00e0 Sunshine Coast (Australie) du 10 juillet au 20 juillet. L&#8217;\u00e9quipe sera compos\u00e9e de Maxime Chevalier, An Pha Dang, Hadrien Faucheu, David Lei, Ruirong Li et Solal Pivron-Djeddi, et encadr\u00e9e par Vincent Jug\u00e9 et R\u00e9mi Lesbats.<\/li>\n<\/ul>\n<\/li>\n<\/ul>\n<\/li>\n<\/ul>\n","protected":false},"excerpt":{"rendered":"<p>Calendrier de la POFM pour l&#8217;ann\u00e9e scolaire 2024-2025 Coupe Animath d&#8217;automne Le premier tour de la Coupe Animath d&#8217;automne a eu lieu en temps limit\u00e9 du 13 au 15 septembre. Le deuxi\u00e8me tour de la Coupe s&#8217;est d\u00e9roul\u00e9 le 2 octobre 2023. Les r\u00e9sultats de la coupe sont disponibles ici. Les stages Stage junior, du &hellip; <\/p>\n<p class=\"link-more\"><a href=\"https:\/\/maths-olympiques.fr\/?page_id=15390\" class=\"more-link\">Continuer la lecture<span class=\"screen-reader-text\"> de &laquo;&nbsp;La POFM 2024-2025&nbsp;&raquo;<\/span><\/a><\/p>\n","protected":false},"author":14,"featured_media":0,"parent":0,"menu_order":0,"comment_status":"closed","ping_status":"closed","template":"","meta":{"footnotes":""},"class_list":["post-15390","page","type-page","status-publish","hentry"],"_links":{"self":[{"href":"https:\/\/maths-olympiques.fr\/index.php?rest_route=\/wp\/v2\/pages\/15390","targetHints":{"allow":["GET"]}}],"collection":[{"href":"https:\/\/maths-olympiques.fr\/index.php?rest_route=\/wp\/v2\/pages"}],"about":[{"href":"https:\/\/maths-olympiques.fr\/index.php?rest_route=\/wp\/v2\/types\/page"}],"author":[{"embeddable":true,"href":"https:\/\/maths-olympiques.fr\/index.php?rest_route=\/wp\/v2\/users\/14"}],"replies":[{"embeddable":true,"href":"https:\/\/maths-olympiques.fr\/index.php?rest_route=%2Fwp%2Fv2%2Fcomments&post=15390"}],"version-history":[{"count":35,"href":"https:\/\/maths-olympiques.fr\/index.php?rest_route=\/wp\/v2\/pages\/15390\/revisions"}],"predecessor-version":[{"id":17727,"href":"https:\/\/maths-olympiques.fr\/index.php?rest_route=\/wp\/v2\/pages\/15390\/revisions\/17727"}],"wp:attachment":[{"href":"https:\/\/maths-olympiques.fr\/index.php?rest_route=%2Fwp%2Fv2%2Fmedia&parent=15390"}],"curies":[{"name":"wp","href":"https:\/\/api.w.org\/{rel}","templated":true}]}}