{"id":12728,"date":"2023-09-06T00:30:27","date_gmt":"2023-09-05T22:30:27","guid":{"rendered":"https:\/\/maths-olympiques.fr\/?page_id=12728"},"modified":"2025-03-04T18:16:36","modified_gmt":"2025-03-04T17:16:36","slug":"la-pofm-2023-2024","status":"publish","type":"page","link":"https:\/\/maths-olympiques.fr\/?page_id=12728","title":{"rendered":"La POFM 2023-2024"},"content":{"rendered":"<h2>Calendrier de la POFM pour l&#8217;ann\u00e9e scolaire 2023-2024<\/h2>\n<h4>Coupe Animath d&#8217;automne<\/h4>\n<ul>\n<li>Le premier tour de la <a href=\"https:\/\/maths-olympiques.fr\/?p=12704\">Coupe Animath d&#8217;automne<\/a> a eu lieu en temps limit\u00e9 du 15 au 17 septembre.<\/li>\n<li>Le deuxi\u00e8me tour de la Coupe s&#8217;est d\u00e9roul\u00e9 le 4 octobre 2023. Les r\u00e9sultats de la coupe sont disponibles <a href=\"https:\/\/maths-olympiques.fr\/?p=12883\">ici<\/a>.<\/li>\n<\/ul>\n<h4>Les stages<\/h4>\n<ul>\n<li>Stage junior, du 23 au 27 octobre.<\/li>\n<li>Stage olympique de f\u00e9vrier, du 19 au 23 f\u00e9vrier<\/li>\n<li>Stage de Valbonne du 13 ao\u00fbt au 24 ao\u00fbt.<\/li>\n<\/ul>\n<h4>Les cours en ligne.<\/h4>\n<ul>\n<li>11-12 novembre (g\u00e9om\u00e9trie)<\/li>\n<li>9-10 d\u00e9cembre (alg\u00e8bre)<\/li>\n<li>6-7 janvier (arithm\u00e9tique)<\/li>\n<li>3-4 f\u00e9vrier (combinatoire)<\/li>\n<li>30-31 mars (pot pourri)<\/li>\n<\/ul>\n<h4>Les envois et tests<\/h4>\n<ul>\n<li>Envoi 1 : g\u00e9om\u00e9trie, \u00e0 renvoyer pour le 5 d\u00e9cembre. <a href=\"https:\/\/maths-olympiques.fr\/wp-content\/uploads\/2023\/11\/Sujet-envoi-1-2023-2024.pdf\">Sujet<\/a>. <a href=\"https:\/\/maths-olympiques.fr\/wp-content\/uploads\/2023\/04\/Corrige-envoi-1-2023-2024.pdf\">Corrig\u00e9 comment\u00e9<\/a>. <a href=\"https:\/\/maths-olympiques.fr\/?p=13115\">R\u00e9sultats<\/a>.<\/li>\n<li>Envoi 2 : alg\u00e8bre, \u00e0 renvoyer pour le 6 janvier. <a href=\"https:\/\/maths-olympiques.fr\/wp-content\/uploads\/2023\/12\/Sujet-envoi-2-2023-2024.pdf\">Sujet<\/a>. <a href=\"https:\/\/maths-olympiques.fr\/wp-content\/uploads\/2024\/01\/Corrige-envoi-algebre-2023-2024.pdf\">Corrig\u00e9 comment\u00e9<\/a>. <a href=\"https:\/\/maths-olympiques.fr\/?p=13308\">R\u00e9sultats<\/a>.<\/li>\n<li>Envoi 3 : arithm\u00e9tique, \u00e0 renvoyer pour le 11 f\u00e9vrier. <a href=\"https:\/\/maths-olympiques.fr\/wp-content\/uploads\/2024\/01\/Sujet-envoi-3-2023-2024.pdf\">Sujet<\/a>. <a href=\"https:\/\/maths-olympiques.fr\/wp-content\/uploads\/2024\/02\/Corrige-envoi-arithmetique-2023-2024.pdf\">Corrig\u00e9 comment\u00e9<\/a>. <a href=\"https:\/\/maths-olympiques.fr\/?p=13732\">R\u00e9sultats<\/a><\/li>\n<li>Envoi 4 : combinatoire, \u00e0 renvoyer pour le 15 mars. <a href=\"https:\/\/maths-olympiques.fr\/wp-content\/uploads\/2023\/04\/Sujet-envoi-4-2023-2024.pdf\">Sujet<\/a>.&nbsp;<a href=\"https:\/\/maths-olympiques.fr\/wp-content\/uploads\/2024\/03\/corrige-envoi-4-2023-2024.pdf\">Corrig\u00e9 comment\u00e9<\/a>. <a href=\"https:\/\/maths-olympiques.fr\/?p=14203\">R\u00e9sultats<\/a><\/li>\n<li>Envoi 5 : pot pourri, \u00e0 renvoyer pour le 19 avril.&nbsp;<a href=\"https:\/\/maths-olympiques.fr\/wp-content\/uploads\/2024\/03\/sujet-envoi-5-2023-2024.pdf\">Sujet<\/a>. <a href=\"https:\/\/maths-olympiques.fr\/wp-content\/uploads\/2024\/04\/Corrige-envoi-5-2023-2024.pdf\">Corrig\u00e9<\/a>.<\/li>\n<\/ul>\n<p>Calendrier pr\u00e9visionnel pour les tests.<\/p>\n<ul>\n<li>Test du 22 novembre, r\u00e9serv\u00e9 aux lyc\u00e9ens et aux \u00e9l\u00e8ves du groupe Senior. <a href=\"https:\/\/maths-olympiques.fr\/wp-content\/uploads\/2025\/01\/Enonce-Test-1.pdf\">Sujet<\/a>. <a href=\"https:\/\/maths-olympiques.fr\/wp-content\/uploads\/2025\/01\/Corrige-Test-1.pdf\">Corrig\u00e9 comment\u00e9<\/a>. <a href=\"https:\/\/maths-olympiques.fr\/?p=13035\">R\u00e9sultats<\/a>.<\/li>\n<li>Test du 17 janvier. <a href=\"https:\/\/maths-olympiques.fr\/wp-content\/uploads\/2025\/01\/Enonce-Test-2.pdf\">Sujet<\/a>. <a href=\"https:\/\/maths-olympiques.fr\/wp-content\/uploads\/2025\/01\/Corrige-Test-2.pdf\">Corrig\u00e9 comment\u00e9<\/a>. <a href=\"https:\/\/maths-olympiques.fr\/?p=13196\">R\u00e9sultats<\/a>.<\/li>\n<li>Tests du 21 et 22 f\u00e9vrier. <a href=\"https:\/\/maths-olympiques.fr\/wp-content\/uploads\/2025\/01\/Enonce-Test-3.pdf\">Sujet<\/a>. <a href=\"https:\/\/maths-olympiques.fr\/wp-content\/uploads\/2025\/01\/Corrige-Test-3.pdf\">Corrig\u00e9 comment\u00e9<\/a>. <a href=\"https:\/\/maths-olympiques.fr\/?p=13514\">R\u00e9sultats <\/a><\/li>\n<li>Test du 27 mars. <a href=\"https:\/\/maths-olympiques.fr\/wp-content\/uploads\/2025\/01\/Enonce-Test-4.pdf\">Sujet<\/a>. <a href=\"https:\/\/maths-olympiques.fr\/wp-content\/uploads\/2025\/01\/Corrige-Test-4.pdf\">Corrig\u00e9 comment\u00e9<\/a>. <a href=\"https:\/\/maths-olympiques.fr\/?p=13889\">R\u00e9sultats <\/a><\/li>\n<li>Test du 15 mai. <a href=\"https:\/\/maths-olympiques.fr\/wp-content\/uploads\/2025\/01\/Enonce-Test-5.pdf\">Sujet<\/a>. <a href=\"https:\/\/maths-olympiques.fr\/wp-content\/uploads\/2025\/01\/Corrige-Test-5.pdf\">Corrig\u00e9 comment\u00e9<\/a>. <a href=\"https:\/\/maths-olympiques.fr\/?p=14474\">R\u00e9sultats <\/a><\/li>\n<\/ul>\n<ul>\n<li style=\"list-style-type: none;\">Vous pouvez consulter les nombreuses ressources disponibles en ligne, \u00e0 commencer par les&nbsp;<a href=\"https:\/\/maths-olympiques.fr\/?page_id=11\">cours de la POFM<\/a>.<\/ul>\n<h2>Comp\u00e9titions internationales<\/h2>\n<ul>\n<li>l&#8217;<strong>European Mathematical Cup<\/strong> (<strong>EMC<\/strong>) ; une quinzaine d&#8217;\u00e9l\u00e8ves du groupe Senior y participeront, sur la base de leurs r\u00e9sultats au test n\u00b01 ; l&#8217;\u00e9preuve se passera \u00e0 Paris, sur une dur\u00e9e de 4 heures, le 13 d\u00e9cembre. Les \u00e9l\u00e8ves s\u00e9lectionn\u00e9s sont Serge BIDALLIER, Ivy BOUCHARA, Anatole BOUTON, Maxime CHEVALIER, Lancelot CHON\u00c9, An Pha DANG, Erik DESURMONT, Pierre-Akin DURRUOGLU, Oscar FISCHLER, David LEI, Nicolas MARCUS, Cl\u00e9mentine PIALOUX, Solal PIVRON-DJEDDI, Bastien PUYOU, Auguste RAMONDOU, Paul SCHEID, Thomas SCHNEIDER, Ali\u00e9nor VINCENT et Akram ZAKINE.<\/li>\n<li>le <strong>Romanian Master of Mathematics<\/strong> (<strong>RMM<\/strong>) ; 6 \u00e9l\u00e8ves du groupe Senior y participeront, sur la base de leurs r\u00e9sultats au test n\u00b01 et \u00e0 l&#8217;EMC ; le RMM aura lieu en Roumanie du 26 f\u00e9vrier au 2 mars. L&#8217;\u00e9quipe sera compos\u00e9e de Serge BIDALLIER, Anatole BOUTON, Pierre Akin D\u00dcRR\u00dcOGLU, Oscar FISCHLER, Solal PIVRON-DJEDDI et Auguste RAMONDOU et encadr\u00e9e par Martin RAKOVSKY et Aur\u00e9lien FOURR\u00c9.<\/li>\n<li>l&#8217;<strong>Olympiade Balkanique de Math\u00e9matiques<\/strong> (<strong>BMO<\/strong>) ; 6 \u00e9l\u00e8ves du groupe Senior y participeront, sur la base de leurs r\u00e9sultats aux tests n\u00b01, 2 et 3 ; la BMO aura lieu \u00e0 Varna (Bulgarie) du 27 avril au 2 mai. L&#8217;\u00e9quipe sera compos\u00e9e de : Lancelot CHON\u00c9, An Pha DANG, Erik DESURMONT, David LEI, Nicolas MARCUS et Akram ZAKINE, et encadr\u00e9e par Baptiste SERRAILLE et Antoine DERIMAY<\/li>\n<li>l&#8217;<strong>Olympiade Francophone de Math\u00e9matiques<\/strong> (<strong>OFM<\/strong>) ; 6 \u00e9l\u00e8ves du groupe Junior et 6 \u00e9l\u00e8ves du groupe Senior y participeront, sur la base de leurs r\u00e9sultats aux tests n\u00b01 (pour les Seniors), 2, 3 ; l&#8217;OFM se passera \u00e0 Paris, du 22 au 24 mars. L&#8217;\u00e9quipe junior sera compos\u00e9e de Matt\u00e9o ARGENTIN, Hadrien FAUCHEU, Itza HERV\u00c9-ARROUAYS, Marin RENAUDINEAU, William SITHISAK et Benjamin ZHENG, et encadr\u00e9e par Th\u00e9o LENOIR et Melvil TREILLEUX. L&#8217;\u00e9quipe senior sera compos\u00e9e de Ivy BOUCHARA, Hugo CHARTOIRE, Maxime CHEVALIER, Bastien PUYOU, Paul SCHEID et Ali\u00e9nor VINCENT et encadr\u00e9e par Baptiste SERRAILLE et Henry BAMBURY.<\/li>\n<li>l&#8217;<strong>Olympiade Europ\u00e9enne F\u00e9minine de Math\u00e9matiques<\/strong> (<strong>EGMO<\/strong>) ; 4 lyc\u00e9ennes du groupe Senior y participeront, sur la base de leurs r\u00e9sultats aux tests n\u00b01, 2 et 3 ; l&#8217;EGMO aura lieu \u00e0 Tskaltubo (G\u00e9orgie) du 11 avril au 17 avril. L&#8217;\u00e9quipe sera compos\u00e9e de Claire DELOYE, Ruirong LI, Manon PASBEAU et Cl\u00e9mentine PIALOUX, et encadr\u00e9e par Anna LUCHNIKOVA et Maena QUEMENER.<\/li>\n<li>l&#8217;<strong>Olympiade Balkanique Junior de Math\u00e9matiques<\/strong> (<strong>JBMO<\/strong>) ; 6 \u00e9l\u00e8ves du groupe Junior y participeront, sur la base de leurs r\u00e9sultats aux tests n\u00b02, 3, 4 et 5 ; la JBMO aura lieu en Turquie. L&#8217;\u00e9quipe sera compos\u00e9e de Matt\u00e9o ARGENTIN, Hadrien FAUCHEU, Itza HERV\u00c9-ARROUAYS, Sahaj RAJVANSHI, Marin RENAUDINEAU et Benjamin ZHENG, et encadr\u00e9e par Vincent JUG\u00c9 et Henry BAMBURY.<\/li>\n<li>l&#8217;<strong>Olympiade Internationale de Math\u00e9matiques<\/strong> (<strong>OIM<\/strong>) ; 6 \u00e9l\u00e8ves du groupe Senior y participeront, sur la base de leurs r\u00e9sultats aux tests n\u00b01, 2, 3, 4 et 5 ; l&#8217;OIM aura lieu \u00e0 Bath (Royaume-Uni) du 14 juillet au 22 juillet. L&#8217;\u00e9quipe sera compos\u00e9e de Serge BIDALLIER, Anatole BOUTON, Erik DESURMONT, Oscar FISCHLER, Solal PIVRON-DJEDDI et Auguste RAMONDOU et encadr\u00e9e par Th\u00e9o LENOIR et Martin RAKOVSKY.<\/li>\n<\/ul>\n<\/li>\n","protected":false},"excerpt":{"rendered":"<p>Calendrier de la POFM pour l&#8217;ann\u00e9e scolaire 2023-2024 Coupe Animath d&#8217;automne Le premier tour de la Coupe Animath d&#8217;automne a eu lieu en temps limit\u00e9 du 15 au 17 septembre. Le deuxi\u00e8me tour de la Coupe s&#8217;est d\u00e9roul\u00e9 le 4 octobre 2023. Les r\u00e9sultats de la coupe sont disponibles ici. Les stages Stage junior, du &hellip; <\/p>\n<p class=\"link-more\"><a href=\"https:\/\/maths-olympiques.fr\/?page_id=12728\" class=\"more-link\">Continuer la lecture<span class=\"screen-reader-text\"> de &laquo;&nbsp;La POFM 2023-2024&nbsp;&raquo;<\/span><\/a><\/p>\n","protected":false},"author":14,"featured_media":0,"parent":0,"menu_order":0,"comment_status":"closed","ping_status":"closed","template":"","meta":{"footnotes":""},"class_list":["post-12728","page","type-page","status-publish","hentry"],"_links":{"self":[{"href":"https:\/\/maths-olympiques.fr\/index.php?rest_route=\/wp\/v2\/pages\/12728","targetHints":{"allow":["GET"]}}],"collection":[{"href":"https:\/\/maths-olympiques.fr\/index.php?rest_route=\/wp\/v2\/pages"}],"about":[{"href":"https:\/\/maths-olympiques.fr\/index.php?rest_route=\/wp\/v2\/types\/page"}],"author":[{"embeddable":true,"href":"https:\/\/maths-olympiques.fr\/index.php?rest_route=\/wp\/v2\/users\/14"}],"replies":[{"embeddable":true,"href":"https:\/\/maths-olympiques.fr\/index.php?rest_route=%2Fwp%2Fv2%2Fcomments&post=12728"}],"version-history":[{"count":63,"href":"https:\/\/maths-olympiques.fr\/index.php?rest_route=\/wp\/v2\/pages\/12728\/revisions"}],"predecessor-version":[{"id":15884,"href":"https:\/\/maths-olympiques.fr\/index.php?rest_route=\/wp\/v2\/pages\/12728\/revisions\/15884"}],"wp:attachment":[{"href":"https:\/\/maths-olympiques.fr\/index.php?rest_route=%2Fwp%2Fv2%2Fmedia&parent=12728"}],"curies":[{"name":"wp","href":"https:\/\/api.w.org\/{rel}","templated":true}]}}