{"id":10109,"date":"2022-09-09T14:06:04","date_gmt":"2022-09-09T12:06:04","guid":{"rendered":"https:\/\/maths-olympiques.fr\/?page_id=10109"},"modified":"2024-02-07T14:35:27","modified_gmt":"2024-02-07T13:35:27","slug":"la-pofm-2022-2023","status":"publish","type":"page","link":"https:\/\/maths-olympiques.fr\/?page_id=10109","title":{"rendered":"La POFM 2022-2023"},"content":{"rendered":"<h2>Calendrier de la POFM pour l&#8217;ann\u00e9e scolaire 2022-2023<\/h2>\n<h4>Coupe Animath d&#8217;automne<\/h4>\n<ul>\n<li>Le premier tour de la&nbsp;&nbsp;<a href=\"https:\/\/maths-olympiques.fr\/?p=10191\">Coupe Animath d&#8217;automne<\/a> a eu lieu en temps limit\u00e9 du 23 au 25 septembre.<\/li>\n<li>Le deuxi\u00e8me tour de la Coupe s&#8217;est d\u00e9roul\u00e9 le 12 octobre 2022. Les r\u00e9sultats de la coupe sont disponibles <a href=\"https:\/\/maths-olympiques.fr\/?p=10843\">ici<\/a> .<\/li>\n<\/ul>\n<h4>Les stages<\/h4>\n<ul>\n<li>Stage junior, du 24 au 28 octobre.<\/li>\n<li>Stage olympique de f\u00e9vrier du 20 au 24 f\u00e9vrier<\/li>\n<li>Stage de Valbonne du 14 au 25 ao\u00fbt.<\/li>\n<\/ul>\n<h4>Les cours en ligne.<\/h4>\n<ul>\n<li>G\u00e9om\u00e9trie : 12 et 13 novembre.<\/li>\n<li>Alg\u00e8bre : 10 et 11 d\u00e9cembre.<\/li>\n<li>Arithm\u00e9tique : 14 et 15 janvier.<\/li>\n<li>Combinatoire : 11 et 12 f\u00e9vrier.<\/li>\n<li>Pot pourri : 11 et 12 mars.<\/li>\n<\/ul>\n<h4>Les envois et tests<\/h4>\n<ul>\n<li>Envoi 1 : g\u00e9om\u00e9trie, \u00e0 renvoyer pour le 10 d\u00e9cembre. <a href=\"https:\/\/maths-olympiques.fr\/wp-content\/uploads\/2022\/11\/Sujet-envoi-1.pdf\">Sujet<\/a>. <a href=\"https:\/\/maths-olympiques.fr\/wp-content\/uploads\/2022\/12\/corrig\u00e9-envoi-1.pdf\">Corrig\u00e9 comment\u00e9<\/a>. <a href=\"https:\/\/maths-olympiques.fr\/?p=11354\">R\u00e9sultats<\/a>.<\/li>\n<li>Envoi 2 : alg\u00e8bre, \u00e0 renvoyer pour le 11 janvier. <a href=\"https:\/\/maths-olympiques.fr\/wp-content\/uploads\/2022\/12\/Sujet-envoi-2.pdf\">Sujet<\/a>. <a href=\"https:\/\/maths-olympiques.fr\/wp-content\/uploads\/2023\/01\/corrig\u00e9-envoi-2.pdf\">Corrig\u00e9 comment\u00e9<\/a>. <a href=\"https:\/\/maths-olympiques.fr\/?p=11395\">R\u00e9sultats<\/a>.<\/li>\n<li>Envoi 3 : arithm\u00e9tique, \u00e0 renvoyer pour le 13 f\u00e9vrier. <a href=\"https:\/\/maths-olympiques.fr\/wp-content\/uploads\/2023\/01\/Sujet-envoi-3.pdf\">Sujet <\/a>. <a href=\"https:\/\/maths-olympiques.fr\/wp-content\/uploads\/2023\/03\/corrig\u00e9.pdf\">Corrig\u00e9 comment\u00e9<\/a>. <a href=\"https:\/\/maths-olympiques.fr\/?p=11705\">R\u00e9sultats<\/a>.<\/li>\n<li>Envoi 4 : combinatoire, \u00e0 renvoyer pour le 20 mars. <a href=\"https:\/\/maths-olympiques.fr\/wp-content\/uploads\/2023\/02\/Sujet-envoi-4.pdf\">Sujet<\/a>. <a href=\"https:\/\/maths-olympiques.fr\/wp-content\/uploads\/2023\/03\/corrig\u00e9-envoi-4.pdf\">Corrig\u00e9 comment\u00e9<\/a>. <a href=\"https:\/\/maths-olympiques.fr\/?p=11805\">R\u00e9sultats<\/a>.<\/li>\n<li>Envoi 5 : pot-pourri, \u00e0 renvoyer pour le 28 avril. <a href=\"https:\/\/maths-olympiques.fr\/wp-content\/uploads\/2023\/03\/Sujet-envoi-5.pdf\">Sujet<\/a>. <a href=\"https:\/\/maths-olympiques.fr\/wp-content\/uploads\/2023\/07\/corrige-envoi-5.pdf\">Corrig\u00e9 comment\u00e9<\/a>. <a href=\"https:\/\/maths-olympiques.fr\/?p=12330\">R\u00e9sultats<\/a>.<\/li>\n<\/ul>\n<p>Calendrier pr\u00e9visionnel pour les tests.<\/p>\n<ul>\n<li>Test du 23 novembre, r\u00e9serv\u00e9 aux lyc\u00e9ens et aux \u00e9l\u00e8ves du groupe Senior. <a href=\"https:\/\/maths-olympiques.fr\/wp-content\/uploads\/2023\/01\/\u00c9nonc\u00e9-Web-Test-1.pdf\">Sujet<\/a>. <a href=\"https:\/\/maths-olympiques.fr\/wp-content\/uploads\/2023\/01\/Corrig\u00e9-Web-Test-1.pdf\">Corrig\u00e9 et commentaires<\/a>. <a href=\"https:\/\/maths-olympiques.fr\/?p=11068\">R\u00e9sultats<\/a>.<\/li>\n<li>Test du 11 janvier. <a href=\"https:\/\/maths-olympiques.fr\/wp-content\/uploads\/2023\/01\/\u00c9nonc\u00e9-Web-Test-2.pdf\">Sujet<\/a>. <a href=\"https:\/\/maths-olympiques.fr\/wp-content\/uploads\/2023\/01\/Corrig\u00e9-Web-Test-2.pdf\">Corrig\u00e9 et commentaires<\/a>. <a href=\"https:\/\/maths-olympiques.fr\/?p=11370\">R\u00e9sultats<\/a>.<\/li>\n<li>Tests du 22 et 23 f\u00e9vrier. <a href=\"https:\/\/maths-olympiques.fr\/wp-content\/uploads\/2023\/09\/Enonce-Test-3.pdf\">Sujet<\/a>. <a href=\"https:\/\/maths-olympiques.fr\/wp-content\/uploads\/2023\/09\/Corrige-Test-3.pdf\">Corrig\u00e9 et commentaires<\/a>. <a href=\"https:\/\/maths-olympiques.fr\/?p=11614\">R\u00e9sultats<\/a>.<\/li>\n<li>Test du 5 avril.  <a href=\"https:\/\/maths-olympiques.fr\/wp-content\/uploads\/2023\/09\/Enonce-Test-4.pdf\">Sujet<\/a>. <a href=\"https:\/\/maths-olympiques.fr\/wp-content\/uploads\/2023\/09\/Corrige-Test-4.pdf\">Corrig\u00e9 et commentaires<\/a>. <a href=\"https:\/\/maths-olympiques.fr\/?p=11807\">R\u00e9sultats<\/a>.<\/li>\n<li>Test du 10 mai.  <a href=\"https:\/\/maths-olympiques.fr\/wp-content\/uploads\/2023\/09\/Enonce-Test-5.pdf\">Sujet<\/a>. <a href=\"https:\/\/maths-olympiques.fr\/wp-content\/uploads\/2023\/09\/Corrige-Test-5.pdf\">Corrig\u00e9 et commentaires<\/a>. <a href=\"https:\/\/maths-olympiques.fr\/?p=12103\">R\u00e9sultats<\/a>.<\/li>\n<\/ul>\n<ul>\n<li style=\"list-style-type: none;\">Vous pouvez consulter les nombreuses ressources disponibles en ligne, \u00e0 commencer par les&nbsp;<a href=\"https:\/\/maths-olympiques.fr\/?page_id=11\">cours de la POFM<\/a>.<br \/>\n<h2>Comp\u00e9titions internationales<\/h2>\n<ul>\n<li>l&#8217;<strong>European Mathematical Cup<\/strong> (<strong>EMC<\/strong>) ; 15 \u00e9l\u00e8ves du groupe Senior y participeront, sur la base de leurs r\u00e9sultats au test n\u00b01 ; l&#8217;\u00e9preuve se passera \u00e0 Paris, sur une dur\u00e9e de 4 heures, le 14 d\u00e9cembre. Les \u00e9l\u00e8ves s\u00e9lectionn\u00e9s sont Serge BIDALLIER, Anatole BOUTON, Lancelot CHON\u00c9, Charles DAI, An Pha DANG, Ga\u00ebtan DAUTZENBERG, Madeleine de BELLOY, Gaspard DELABRE, Erik DESURMONT, Pierre-Akin D\u00dcRR\u00dcOGLU, Oscar FISCHLER, Ita\u00ef ISRAEL, Maryam KOUHKAN, Hadriel MILOT, Auguste RAMONDOU, Thomas SCHNEIDER, Georges T\u00c9Z\u00c9 et Melvil TREILLEUX. Du fait de leur qualification pour l\u2019EMC et de leurs r\u00e9sultats au premier test, Lancelot CHON\u00c9 et Pierre-Akin D\u00dcRR\u00dcOGLU seront qualifi\u00e9s d\u2019office pour la JBMO et participeront \u00e0 l\u2019avenir aux tests en cat\u00e9gorie senior.<\/li>\n<li>l&#8217;<strong>Olympiade Europ\u00e9enne F\u00e9minine de Math\u00e9matiques<\/strong> (<strong>EGMO<\/strong>) ; 4 lyc\u00e9ennes du groupe Senior y participeront, sur la base de leurs r\u00e9sultats aux tests n\u00b01, 2 et 3 ; l&#8217;EGMO aura lieu \u00e0 Portoroz (Slov\u00e9nie) du 13 avril au 19 avril. L&#8217;\u00e9quipe sera compos\u00e9e de Madeleine DE BELLOY, Eva JACOB, Maryam KOUHKAN et Elisa ZHENG et encadr\u00e9e par Anna LUCHNIKOVA et Aline CAHUZAC<\/li>\n<li>le <strong>Romanian Master of Mathematics<\/strong> (<strong>RMM<\/strong>) ; 6 \u00e9l\u00e8ves du groupe Senior y participeront, sur la base de leurs r\u00e9sultats au test n\u00b01 et \u00e0 l&#8217;EMC ; le RMM aura lieu en Roumanie du 27 f\u00e9vrier au 4 mars. L&#8217;\u00e9quipe sera compos\u00e9e d&#8217;Anatole BOUTON, Charles DAI, Oscar FISCHLER, Ita\u00ef ISRA\u00cbL, Auguste RAMONDOU et Georges T\u00c9Z\u00c9 et encadr\u00e9e par Vincent JUG\u00c9 et R\u00e9mi LESBATS.<\/li>\n<li>l&#8217;<strong>Olympiade Balkanique de Math\u00e9matiques<\/strong> (<strong>BMO<\/strong>) ; 6 \u00e9l\u00e8ves du groupe Senior y participeront, sur la base de leurs r\u00e9sultats aux tests n\u00b01, 2 et 3 ; la BMO aura lieu \u00e0 Antalya (Turquie) du 8 au 13 mai. L&#8217;\u00e9quipe sera compos\u00e9e de Serge BIDALLIER, Anatole BOUTON, Charles DAI, Ga\u00ebtan DAUTZENBERG, Oscar FISCHLER et Auguste RAMONDOU et encadr\u00e9e par Baptiste SERRAILLE et R\u00e9mi LESBATS.<\/li>\n<li>l&#8217;<strong>Olympiade Balkanique Junior de Math\u00e9matiques<\/strong> (<strong>JBMO<\/strong>) ; 6 \u00e9l\u00e8ves du groupe Junior y participeront, sur la base de leurs r\u00e9sultats aux tests n\u00b02, 3, 4 et 5 ; la JBMO aura lieu \u00e0 Tirana (Albanie) du 23 au 28 juin. L&#8217;\u00e9quipe sera compos\u00e9e de Lancelot CHON\u00c9, Pierre-Akin D\u00dcRR\u00dcOGLU, Tristan NGUYEN, Ukyo NGUYEN, Solal PIVRON-DJEDDI et Benjamin ZHENG et encadr\u00e9e par Th\u00e9o LENOIR et Antoine DERIMAY<\/li>\n<li>l&#8217;<strong>Olympiade Francophone de Math\u00e9matiques<\/strong> (<strong>OFM<\/strong>) ; 6 \u00e9l\u00e8ves du groupe Junior et 6 \u00e9l\u00e8ves du groupe Senior y participeront, sur la base de leurs r\u00e9sultats aux tests n\u00b01 (pour les Senior), 2, 3 ; l&#8217;OFM se passera \u00e0 Paris, du 28 au 30 avril. L&#8217;\u00e9quipe junior sera compos\u00e9e de H\u00e9lie BERNARD, Apollinaire BOURIN-LECAILLE, Claire DELOYE, Tristan NGUYEN, Ukyo NGUYEN et Benjamin ZHENG et encadr\u00e9e par Th\u00e9o LENOIR et Antoine DERIMAY. L&#8217;\u00e9quipe senior sera compos\u00e9e de Lancelot CHON\u00c9, Maryam KOUHKAN, Ita\u00ef ISRA\u00cbL, Hadriel MILOT, Georges TEZE et Melvil TREILLEUX et encadr\u00e9e par R\u00e9mi LESBATS et Aur\u00e9lien FOURR\u00c9.<\/li>\n<li>l&#8217;<strong>Olympiade Internationale de Math\u00e9matiques<\/strong> (<strong>OIM<\/strong>) ; 6 \u00e9l\u00e8ves du groupe Senior y participeront, sur la base de leurs r\u00e9sultats aux tests n\u00b01, 2, 3, 4 et 5 ; l&#8217;OIM aura lieu \u00e0 Chiba (Japon) du 2 juillet au 13 juillet. L&#8217;\u00e9quipe sera compos\u00e9e de Serge BIDALLIER, Anatole BOUTON, Ga\u00ebtan DAUTZENBERG, Charles DAI, Oscar FISCHLER et Auguste RAMONDOU et encadr\u00e9e par Vincent JUG\u00c9 et Th\u00e9o LENOIR.<\/li>\n<\/ul>\n<\/li>\n<\/ul>\n","protected":false},"excerpt":{"rendered":"<p>Calendrier de la POFM pour l&#8217;ann\u00e9e scolaire 2022-2023 Coupe Animath d&#8217;automne Le premier tour de la&nbsp;&nbsp;Coupe Animath d&#8217;automne a eu lieu en temps limit\u00e9 du 23 au 25 septembre. Le deuxi\u00e8me tour de la Coupe s&#8217;est d\u00e9roul\u00e9 le 12 octobre 2022. Les r\u00e9sultats de la coupe sont disponibles ici . Les stages Stage junior, du &hellip; <\/p>\n<p class=\"link-more\"><a href=\"https:\/\/maths-olympiques.fr\/?page_id=10109\" class=\"more-link\">Continuer la lecture<span class=\"screen-reader-text\"> de &laquo;&nbsp;La POFM 2022-2023&nbsp;&raquo;<\/span><\/a><\/p>\n","protected":false},"author":14,"featured_media":0,"parent":0,"menu_order":0,"comment_status":"closed","ping_status":"closed","template":"","meta":{"footnotes":""},"class_list":["post-10109","page","type-page","status-publish","hentry"],"_links":{"self":[{"href":"https:\/\/maths-olympiques.fr\/index.php?rest_route=\/wp\/v2\/pages\/10109","targetHints":{"allow":["GET"]}}],"collection":[{"href":"https:\/\/maths-olympiques.fr\/index.php?rest_route=\/wp\/v2\/pages"}],"about":[{"href":"https:\/\/maths-olympiques.fr\/index.php?rest_route=\/wp\/v2\/types\/page"}],"author":[{"embeddable":true,"href":"https:\/\/maths-olympiques.fr\/index.php?rest_route=\/wp\/v2\/users\/14"}],"replies":[{"embeddable":true,"href":"https:\/\/maths-olympiques.fr\/index.php?rest_route=%2Fwp%2Fv2%2Fcomments&post=10109"}],"version-history":[{"count":40,"href":"https:\/\/maths-olympiques.fr\/index.php?rest_route=\/wp\/v2\/pages\/10109\/revisions"}],"predecessor-version":[{"id":13297,"href":"https:\/\/maths-olympiques.fr\/index.php?rest_route=\/wp\/v2\/pages\/10109\/revisions\/13297"}],"wp:attachment":[{"href":"https:\/\/maths-olympiques.fr\/index.php?rest_route=%2Fwp%2Fv2%2Fmedia&parent=10109"}],"curies":[{"name":"wp","href":"https:\/\/api.w.org\/{rel}","templated":true}]}}